{"id":83154,"date":"2018-04-26T18:16:47","date_gmt":"2018-04-26T18:16:47","guid":{"rendered":"http:\/\/www.irdin.org.br\/site\/produto\/conversas-com-trigueirinho-no-68\/"},"modified":"2025-03-15T22:27:15","modified_gmt":"2025-03-15T22:27:15","slug":"conversas-com-trigueirinho-no-68","status":"publish","type":"product","link":"https:\/\/www.irdin.org.br\/site\/produtos\/conversas-com-trigueirinho-no-68\/","title":{"rendered":"Conversas com Trigueirinho n\u00ba 68"},"content":{"rendered":"<p><em>Forma\u00e7\u00e3o, conhecimento e sabedoria \/ Sete estados de cura no centro planet\u00e1rio Mirna Jad \/ O livro Mirna Jad\u00b4 \/ Hora de agir e hora de esperar \/ A lei da correspond\u00eancia e a da atra\u00e7\u00e3o magn\u00e9tica \/ Nas tarefas do Plano Evolutivo, o valor de vencer limites e a repercuss\u00e3o de nossas atitudes \/ Tudo fazer pela lei da evolu\u00e7\u00e3o \/ Vig\u00edlia \/ Eleva\u00e7\u00e3o da alma                                                                                                                                                                                                                                                                                                                                                                                                                                                                                                                                                                                                                                                                                                                                                                                                                                                                                                                                                                                                                                                                                                                                                                                                                                                                                                                                                                                                                                                                                                                                                                                                                                                                                                                                                                                                                                                                                                                                                                                                                                                                                                                                                                                                                                                                                                                                                                                                                                                                                                                                                                                                                                                                                                                                                                                                                                                                                                                                                                                                                                                                                                                                                                                                                                                                                                                                                                                                                                                                                                                                                                                                                                                                                                                                                                                                                                                                                                                                                                                                                                                                                \u00b4<\/em><\/p>\n<p>&nbsp;<br \/>\n<strong>Ou\u00e7a agora:<\/strong><\/p>\n<p><span data-href=\"https:\/\/www.irdin.org.br\/site\/envios\/audios\/0023_0068__por_por__conversas_com_trigueirinho_n068.mp3\" data-title=\"conversas com trigueirinho n\u00ba 68\" data-rel=\"\" data-target=\"\" data-meta=\"#fap-meta-69e2f419e140f\" class=\"fap-single-track fap-track-button fap-play-button\" data-enqueue=\"no\" data-autoenqueue=\"no\" title=\"conversas com trigueirinho n\u00ba 68\"><span class=\"fap-icon-play\"><\/span>Ouvir<\/span> <a href=\"https:\/\/www.irdin.org.br\/site\/envios\/audios\/0023_0068__por_por__conversas_com_trigueirinho_n068.mp3\" class=\"baixar\" download><span class=\"fa fa-arrow-down\"><\/span>Baixar<\/span><\/a> <span class=\"textobaixar\"> conversas com trigueirinho n\u00ba 68<\/span><\/p>\n<p>&nbsp;<\/p>\n","protected":false},"excerpt":{"rendered":"<p>Forma\u00e7\u00e3o, conhecimento e sabedoria \/ Sete estados de cura no centro planet\u00e1rio Mirna Jad \/ O livro Mirna Jad\u00b4 \/<\/p>\n","protected":false},"featured_media":37803,"template":"","meta":{"_acf_changed":false},"product_brand":[],"product_cat":[18076,33068],"product_tag":[39643],"class_list":{"0":"post-83154","1":"product","2":"type-product","3":"status-publish","4":"has-post-thumbnail","6":"product_cat-cddvd","7":"product_cat-palestras","8":"product_tag-39643","9":"pa_autor-trigueirinho","10":"pa_codigo-da-serie-31985","11":"pa_codigo-externo-00230068porcd","12":"pa_data-de-gravacao-20849","13":"pa_duracao-30min","14":"pa_idioma-de-destino-portugues","15":"pa_idioma-de-origem-portugues","16":"pa_lancamento-no","17":"pa_midia-cd","18":"pa_moac-39642","19":"pa_quantidade-de-saldo-33067","20":"pa_sequencial-da-serie-31943","21":"pa_tipo-de-traducao-nao-classificado","23":"first","24":"outofstock","25":"product-type-simple"},"acf":[],"_links":{"self":[{"href":"https:\/\/www.irdin.org.br\/site\/wp-json\/wp\/v2\/product\/83154","targetHints":{"allow":["GET"]}}],"collection":[{"href":"https:\/\/www.irdin.org.br\/site\/wp-json\/wp\/v2\/product"}],"about":[{"href":"https:\/\/www.irdin.org.br\/site\/wp-json\/wp\/v2\/types\/product"}],"version-history":[{"count":1,"href":"https:\/\/www.irdin.org.br\/site\/wp-json\/wp\/v2\/product\/83154\/revisions"}],"predecessor-version":[{"id":109025,"href":"https:\/\/www.irdin.org.br\/site\/wp-json\/wp\/v2\/product\/83154\/revisions\/109025"}],"wp:featuredmedia":[{"embeddable":true,"href":"https:\/\/www.irdin.org.br\/site\/wp-json\/wp\/v2\/media\/37803"}],"wp:attachment":[{"href":"https:\/\/www.irdin.org.br\/site\/wp-json\/wp\/v2\/media?parent=83154"}],"wp:term":[{"taxonomy":"product_brand","embeddable":true,"href":"https:\/\/www.irdin.org.br\/site\/wp-json\/wp\/v2\/product_brand?post=83154"},{"taxonomy":"product_cat","embeddable":true,"href":"https:\/\/www.irdin.org.br\/site\/wp-json\/wp\/v2\/product_cat?post=83154"},{"taxonomy":"product_tag","embeddable":true,"href":"https:\/\/www.irdin.org.br\/site\/wp-json\/wp\/v2\/product_tag?post=83154"}],"curies":[{"name":"wp","href":"https:\/\/api.w.org\/{rel}","templated":true}]}}