{"id":83164,"date":"2018-04-26T18:17:06","date_gmt":"2018-04-26T18:17:06","guid":{"rendered":"http:\/\/www.irdin.org.br\/site\/produto\/conversas-com-trigueirinho-no-78\/"},"modified":"2025-03-15T22:22:47","modified_gmt":"2025-03-15T22:22:47","slug":"conversas-com-trigueirinho-no-78","status":"publish","type":"product","link":"https:\/\/www.irdin.org.br\/site\/produtos\/conversas-com-trigueirinho-no-78\/","title":{"rendered":"Conversas com Trigueirinho n\u00ba 78"},"content":{"rendered":"<p><em>Entrega, f\u00e9, aspira\u00e7\u00e3o e servi\u00e7o \/ Como evitar o fanatismo \/ Energias dos Raios no ser humano \/ Nossa verdadeira tarefa \/ Transforma\u00e7\u00e3o e transmuta\u00e7\u00e3o \/ Aplica\u00e7\u00e3o das mudan\u00e7as realizadas na consci\u00eancia \/ F\u00e9, esperan\u00e7a e caridade \/ Da lei do carma material \u00e0 lei evolutiva superior \/ Carma material e livre-arb\u00edtrio \/ Energia Brill, de cura \/ Servir nestes tempos de caos<\/em><\/p>\n<p>&nbsp;<br \/>\n<strong>Ou\u00e7a agora:<\/strong><\/p>\n<p><span data-href=\"https:\/\/www.irdin.org.br\/site\/envios\/audios\/0023_0078__por_por__conversas_com_trigueirinho_n078.mp3\" data-title=\"conversas com trigueirinho n\u00ba 78\" data-rel=\"\" data-target=\"\" data-meta=\"#fap-meta-69e3f187c7d9f\" class=\"fap-single-track fap-track-button fap-play-button\" data-enqueue=\"no\" data-autoenqueue=\"no\" title=\"conversas com trigueirinho n\u00ba 78\"><span class=\"fap-icon-play\"><\/span>Ouvir<\/span> <a href=\"https:\/\/www.irdin.org.br\/site\/envios\/audios\/0023_0078__por_por__conversas_com_trigueirinho_n078.mp3\" class=\"baixar\" download><span class=\"fa fa-arrow-down\"><\/span>Baixar<\/span><\/a> <span class=\"textobaixar\"> conversas com trigueirinho n\u00ba 78<\/span><\/p>\n<p>&nbsp;<\/p>\n","protected":false},"excerpt":{"rendered":"<p>Entrega, f\u00e9, aspira\u00e7\u00e3o e servi\u00e7o \/ Como evitar o fanatismo \/ Energias dos Raios no ser humano \/ Nossa verdadeira<\/p>\n","protected":false},"featured_media":37803,"template":"","meta":{"_acf_changed":false},"product_brand":[],"product_cat":[18076,33068],"product_tag":[39663],"class_list":{"0":"post-83164","1":"product","2":"type-product","3":"status-publish","4":"has-post-thumbnail","6":"product_cat-cddvd","7":"product_cat-palestras","8":"product_tag-39663","9":"pa_autor-trigueirinho","10":"pa_codigo-da-serie-31985","11":"pa_codigo-externo-00230078porcd","12":"pa_data-de-gravacao-20876","13":"pa_duracao-40min44s","14":"pa_idioma-de-destino-portugues","15":"pa_idioma-de-origem-portugues","16":"pa_lancamento-no","17":"pa_midia-cd","18":"pa_moac-39662","19":"pa_quantidade-de-saldo-33067","20":"pa_sequencial-da-serie-32782","21":"pa_tipo-de-traducao-nao-classificado","23":"first","24":"outofstock","25":"product-type-simple"},"acf":[],"_links":{"self":[{"href":"https:\/\/www.irdin.org.br\/site\/wp-json\/wp\/v2\/product\/83164","targetHints":{"allow":["GET"]}}],"collection":[{"href":"https:\/\/www.irdin.org.br\/site\/wp-json\/wp\/v2\/product"}],"about":[{"href":"https:\/\/www.irdin.org.br\/site\/wp-json\/wp\/v2\/types\/product"}],"version-history":[{"count":1,"href":"https:\/\/www.irdin.org.br\/site\/wp-json\/wp\/v2\/product\/83164\/revisions"}],"predecessor-version":[{"id":108999,"href":"https:\/\/www.irdin.org.br\/site\/wp-json\/wp\/v2\/product\/83164\/revisions\/108999"}],"wp:featuredmedia":[{"embeddable":true,"href":"https:\/\/www.irdin.org.br\/site\/wp-json\/wp\/v2\/media\/37803"}],"wp:attachment":[{"href":"https:\/\/www.irdin.org.br\/site\/wp-json\/wp\/v2\/media?parent=83164"}],"wp:term":[{"taxonomy":"product_brand","embeddable":true,"href":"https:\/\/www.irdin.org.br\/site\/wp-json\/wp\/v2\/product_brand?post=83164"},{"taxonomy":"product_cat","embeddable":true,"href":"https:\/\/www.irdin.org.br\/site\/wp-json\/wp\/v2\/product_cat?post=83164"},{"taxonomy":"product_tag","embeddable":true,"href":"https:\/\/www.irdin.org.br\/site\/wp-json\/wp\/v2\/product_tag?post=83164"}],"curies":[{"name":"wp","href":"https:\/\/api.w.org\/{rel}","templated":true}]}}