{"id":83167,"date":"2018-04-26T18:17:06","date_gmt":"2018-04-26T18:17:06","guid":{"rendered":"http:\/\/www.irdin.org.br\/site\/produto\/conversas-com-trigueirinho-no-81\/"},"modified":"2024-09-27T13:06:46","modified_gmt":"2024-09-27T13:06:46","slug":"conversas-com-trigueirinho-no-81","status":"publish","type":"product","link":"https:\/\/www.irdin.org.br\/site\/produtos\/conversas-com-trigueirinho-no-81\/","title":{"rendered":"Conversas com Trigueirinho n\u00ba 81"},"content":{"rendered":"<p><em>Comunica\u00e7\u00e3o com os reinos da Natureza por meio do servi\u00e7o \/ Carma familiar, eleva\u00e7\u00e3o e transforma\u00e7\u00e3o \/ O valor de informa\u00e7\u00f5es sobre civiliza\u00e7\u00f5es mais avan\u00e7adas \/ Desapego \/ Al\u00e9m das religi\u00f5es organizadas \/ Decl\u00ednio de civiliza\u00e7\u00f5es e in\u00edcio de outras \/ Trabalho interior no \u00faltimo per\u00edodo da vida \/ Eleva\u00e7\u00e3o da ess\u00eancia do ser e cura profunda<\/em><\/p>\n<p>&nbsp;<br \/>\n<strong>Ou\u00e7a agora:<\/strong><\/p>\n<p><span data-href=\"https:\/\/www.irdin.org.br\/site\/envios\/audios\/0023_0081__por_por__conversas_com_trigueirinho_n081.mp3\" data-title=\"conversas com trigueirinho n\u00ba 81\" data-rel=\"\" data-target=\"\" data-meta=\"#fap-meta-69e418e4e94ac\" class=\"fap-single-track fap-track-button fap-play-button\" data-enqueue=\"no\" data-autoenqueue=\"no\" title=\"conversas com trigueirinho n\u00ba 81\"><span class=\"fap-icon-play\"><\/span>Ouvir<\/span> <a href=\"https:\/\/www.irdin.org.br\/site\/envios\/audios\/0023_0081__por_por__conversas_com_trigueirinho_n081.mp3\" class=\"baixar\" download><span class=\"fa fa-arrow-down\"><\/span>Baixar<\/span><\/a> <span class=\"textobaixar\"> conversas com trigueirinho n\u00ba 81<\/span><\/p>\n<p>&nbsp;<\/p>\n","protected":false},"excerpt":{"rendered":"<p>Comunica\u00e7\u00e3o com os reinos da Natureza por meio do servi\u00e7o \/ Carma familiar, eleva\u00e7\u00e3o e transforma\u00e7\u00e3o \/ O valor de<\/p>\n","protected":false},"featured_media":37803,"template":"","meta":{"_acf_changed":false},"product_brand":[],"product_cat":[18076,33068],"product_tag":[39669],"class_list":{"0":"post-83167","1":"product","2":"type-product","3":"status-publish","4":"has-post-thumbnail","6":"product_cat-cddvd","7":"product_cat-palestras","8":"product_tag-39669","9":"pa_autor-trigueirinho","10":"pa_codigo-da-serie-31985","11":"pa_codigo-externo-00230081porcd","12":"pa_data-de-gravacao-20887","13":"pa_duracao-35min54s","14":"pa_idioma-de-destino-portugues","15":"pa_idioma-de-origem-portugues","16":"pa_lancamento-no","17":"pa_midia-cd","18":"pa_moac-39668","19":"pa_quantidade-de-saldo-33067","20":"pa_sequencial-da-serie-32785","21":"pa_tipo-de-traducao-nao-classificado","23":"first","24":"outofstock","25":"product-type-simple"},"acf":[],"_links":{"self":[{"href":"https:\/\/www.irdin.org.br\/site\/wp-json\/wp\/v2\/product\/83167","targetHints":{"allow":["GET"]}}],"collection":[{"href":"https:\/\/www.irdin.org.br\/site\/wp-json\/wp\/v2\/product"}],"about":[{"href":"https:\/\/www.irdin.org.br\/site\/wp-json\/wp\/v2\/types\/product"}],"version-history":[{"count":1,"href":"https:\/\/www.irdin.org.br\/site\/wp-json\/wp\/v2\/product\/83167\/revisions"}],"predecessor-version":[{"id":107691,"href":"https:\/\/www.irdin.org.br\/site\/wp-json\/wp\/v2\/product\/83167\/revisions\/107691"}],"wp:featuredmedia":[{"embeddable":true,"href":"https:\/\/www.irdin.org.br\/site\/wp-json\/wp\/v2\/media\/37803"}],"wp:attachment":[{"href":"https:\/\/www.irdin.org.br\/site\/wp-json\/wp\/v2\/media?parent=83167"}],"wp:term":[{"taxonomy":"product_brand","embeddable":true,"href":"https:\/\/www.irdin.org.br\/site\/wp-json\/wp\/v2\/product_brand?post=83167"},{"taxonomy":"product_cat","embeddable":true,"href":"https:\/\/www.irdin.org.br\/site\/wp-json\/wp\/v2\/product_cat?post=83167"},{"taxonomy":"product_tag","embeddable":true,"href":"https:\/\/www.irdin.org.br\/site\/wp-json\/wp\/v2\/product_tag?post=83167"}],"curies":[{"name":"wp","href":"https:\/\/api.w.org\/{rel}","templated":true}]}}