{"id":83170,"date":"2018-04-26T18:17:06","date_gmt":"2018-04-26T18:17:06","guid":{"rendered":"http:\/\/www.irdin.org.br\/site\/produto\/conversas-com-trigueirinho-no-84\/"},"modified":"2025-03-15T22:23:32","modified_gmt":"2025-03-15T22:23:32","slug":"conversas-com-trigueirinho-no-84","status":"publish","type":"product","link":"https:\/\/www.irdin.org.br\/site\/produtos\/conversas-com-trigueirinho-no-84\/","title":{"rendered":"Conversas com Trigueirinho n\u00ba 84"},"content":{"rendered":"<p><em>Processo de purifica\u00e7\u00e3o em pacientes terminais \/ Trabalho com pessoas com limita\u00e7\u00f5es mentais e cerebrais \/ Noite profunda e interioriza\u00e7\u00e3o \/ Servi\u00e7o altru\u00edsta e transmuta\u00e7\u00e3o \/ N\u00e3o contar com ajudas especiais \/ Fotografia de aura \/ Aten\u00e7\u00e3o \u00e0 presen\u00e7a da Irmandade \/ Sentidos internos \/ A percep\u00e7\u00e3o da alma e a do esp\u00edrito \/ Impulso superior<\/em><\/p>\n<p>&nbsp;<br \/>\n<strong>Ou\u00e7a agora:<\/strong><\/p>\n<p><span data-href=\"https:\/\/www.irdin.org.br\/site\/envios\/audios\/0023_0084__por_por__conversas_com_trigueirinho_n084.mp3\" data-title=\"conversas com trigueirinho n\u00ba 84\" data-rel=\"\" data-target=\"\" data-meta=\"#fap-meta-69e40119bae4a\" class=\"fap-single-track fap-track-button fap-play-button\" data-enqueue=\"no\" data-autoenqueue=\"no\" title=\"conversas com trigueirinho n\u00ba 84\"><span class=\"fap-icon-play\"><\/span>Ouvir<\/span> <a href=\"https:\/\/www.irdin.org.br\/site\/envios\/audios\/0023_0084__por_por__conversas_com_trigueirinho_n084.mp3\" class=\"baixar\" download><span class=\"fa fa-arrow-down\"><\/span>Baixar<\/span><\/a> <span class=\"textobaixar\"> conversas com trigueirinho n\u00ba 84<\/span><\/p>\n<p>&nbsp;<\/p>\n","protected":false},"excerpt":{"rendered":"<p>Processo de purifica\u00e7\u00e3o em pacientes terminais \/ Trabalho com pessoas com limita\u00e7\u00f5es mentais e cerebrais \/ Noite profunda e interioriza\u00e7\u00e3o<\/p>\n","protected":false},"featured_media":37803,"template":"","meta":{"_acf_changed":false},"product_brand":[],"product_cat":[18076,33068],"product_tag":[39675],"class_list":{"0":"post-83170","1":"product","2":"type-product","3":"status-publish","4":"has-post-thumbnail","6":"product_cat-cddvd","7":"product_cat-palestras","8":"product_tag-39675","9":"pa_autor-trigueirinho","10":"pa_codigo-da-serie-31985","11":"pa_codigo-externo-00230084porcd","12":"pa_data-de-gravacao-18801","13":"pa_duracao-39min","14":"pa_idioma-de-destino-portugues","15":"pa_idioma-de-origem-portugues","16":"pa_lancamento-no","17":"pa_midia-cd","18":"pa_moac-39674","19":"pa_quantidade-de-saldo-33067","20":"pa_sequencial-da-serie-32790","21":"pa_tipo-de-traducao-nao-classificado","23":"first","24":"outofstock","25":"product-type-simple"},"acf":[],"_links":{"self":[{"href":"https:\/\/www.irdin.org.br\/site\/wp-json\/wp\/v2\/product\/83170","targetHints":{"allow":["GET"]}}],"collection":[{"href":"https:\/\/www.irdin.org.br\/site\/wp-json\/wp\/v2\/product"}],"about":[{"href":"https:\/\/www.irdin.org.br\/site\/wp-json\/wp\/v2\/types\/product"}],"version-history":[{"count":1,"href":"https:\/\/www.irdin.org.br\/site\/wp-json\/wp\/v2\/product\/83170\/revisions"}],"predecessor-version":[{"id":109004,"href":"https:\/\/www.irdin.org.br\/site\/wp-json\/wp\/v2\/product\/83170\/revisions\/109004"}],"wp:featuredmedia":[{"embeddable":true,"href":"https:\/\/www.irdin.org.br\/site\/wp-json\/wp\/v2\/media\/37803"}],"wp:attachment":[{"href":"https:\/\/www.irdin.org.br\/site\/wp-json\/wp\/v2\/media?parent=83170"}],"wp:term":[{"taxonomy":"product_brand","embeddable":true,"href":"https:\/\/www.irdin.org.br\/site\/wp-json\/wp\/v2\/product_brand?post=83170"},{"taxonomy":"product_cat","embeddable":true,"href":"https:\/\/www.irdin.org.br\/site\/wp-json\/wp\/v2\/product_cat?post=83170"},{"taxonomy":"product_tag","embeddable":true,"href":"https:\/\/www.irdin.org.br\/site\/wp-json\/wp\/v2\/product_tag?post=83170"}],"curies":[{"name":"wp","href":"https:\/\/api.w.org\/{rel}","templated":true}]}}