{"id":83172,"date":"2018-04-26T18:17:06","date_gmt":"2018-04-26T18:17:06","guid":{"rendered":"http:\/\/www.irdin.org.br\/site\/produto\/conversas-com-trigueirinho-no-86\/"},"modified":"2025-03-15T22:23:55","modified_gmt":"2025-03-15T22:23:55","slug":"conversas-com-trigueirinho-no-86","status":"publish","type":"product","link":"https:\/\/www.irdin.org.br\/site\/produtos\/conversas-com-trigueirinho-no-86\/","title":{"rendered":"Conversas com Trigueirinho n\u00ba 86"},"content":{"rendered":"<p><em>Como superar as pr\u00f3prias limita\u00e7\u00f5es \/ Gratid\u00e3o aos corpos em que estamos encarnados \/ Conflito familiar \/ Transi\u00e7\u00e3o para a fam\u00edlia universal \/ Caminho iluminado \/ A alma e os corpos \/ Sutiliza\u00e7\u00e3o \/ Evolu\u00e7\u00e3o conduzida pela m\u00f4nada e com a prote\u00e7\u00e3o da Hierarquia espiritual \/ Poder Criador \/ Corpos da personalidade e corpo \u00fanico \/ Aproximar-se do Eu Superior<\/em><\/p>\n<p>&nbsp;<br \/>\n<strong>Ou\u00e7a agora:<\/strong><\/p>\n<p><span data-href=\"https:\/\/www.irdin.org.br\/site\/envios\/audios\/0023_0086__por_por__conversas_com_trigueirinho_n086.mp3\" data-title=\"conversas com trigueirinho n\u00ba 86\" data-rel=\"\" data-target=\"\" data-meta=\"#fap-meta-69e400d28b13d\" class=\"fap-single-track fap-track-button fap-play-button\" data-enqueue=\"no\" data-autoenqueue=\"no\" title=\"conversas com trigueirinho n\u00ba 86\"><span class=\"fap-icon-play\"><\/span>Ouvir<\/span> <a href=\"https:\/\/www.irdin.org.br\/site\/envios\/audios\/0023_0086__por_por__conversas_com_trigueirinho_n086.mp3\" class=\"baixar\" download><span class=\"fa fa-arrow-down\"><\/span>Baixar<\/span><\/a> <span class=\"textobaixar\"> conversas com trigueirinho n\u00ba 86<\/span><\/p>\n<p>&nbsp;<\/p>\n","protected":false},"excerpt":{"rendered":"<p>Como superar as pr\u00f3prias limita\u00e7\u00f5es \/ Gratid\u00e3o aos corpos em que estamos encarnados \/ Conflito familiar \/ Transi\u00e7\u00e3o para a<\/p>\n","protected":false},"featured_media":37803,"template":"","meta":{"_acf_changed":false},"product_brand":[],"product_cat":[18076,33068],"product_tag":[39679],"class_list":{"0":"post-83172","1":"product","2":"type-product","3":"status-publish","4":"has-post-thumbnail","6":"product_cat-cddvd","7":"product_cat-palestras","8":"product_tag-39679","9":"pa_autor-trigueirinho","10":"pa_codigo-da-serie-31985","11":"pa_codigo-externo-00230086porcd","12":"pa_data-de-gravacao-20339","13":"pa_duracao-45min5s","14":"pa_idioma-de-destino-portugues","15":"pa_idioma-de-origem-portugues","16":"pa_lancamento-no","17":"pa_midia-cd","18":"pa_moac-39678","19":"pa_quantidade-de-saldo-33067","20":"pa_sequencial-da-serie-32792","21":"pa_tipo-de-traducao-nao-classificado","23":"first","24":"outofstock","25":"product-type-simple"},"acf":[],"_links":{"self":[{"href":"https:\/\/www.irdin.org.br\/site\/wp-json\/wp\/v2\/product\/83172","targetHints":{"allow":["GET"]}}],"collection":[{"href":"https:\/\/www.irdin.org.br\/site\/wp-json\/wp\/v2\/product"}],"about":[{"href":"https:\/\/www.irdin.org.br\/site\/wp-json\/wp\/v2\/types\/product"}],"version-history":[{"count":2,"href":"https:\/\/www.irdin.org.br\/site\/wp-json\/wp\/v2\/product\/83172\/revisions"}],"predecessor-version":[{"id":109006,"href":"https:\/\/www.irdin.org.br\/site\/wp-json\/wp\/v2\/product\/83172\/revisions\/109006"}],"wp:featuredmedia":[{"embeddable":true,"href":"https:\/\/www.irdin.org.br\/site\/wp-json\/wp\/v2\/media\/37803"}],"wp:attachment":[{"href":"https:\/\/www.irdin.org.br\/site\/wp-json\/wp\/v2\/media?parent=83172"}],"wp:term":[{"taxonomy":"product_brand","embeddable":true,"href":"https:\/\/www.irdin.org.br\/site\/wp-json\/wp\/v2\/product_brand?post=83172"},{"taxonomy":"product_cat","embeddable":true,"href":"https:\/\/www.irdin.org.br\/site\/wp-json\/wp\/v2\/product_cat?post=83172"},{"taxonomy":"product_tag","embeddable":true,"href":"https:\/\/www.irdin.org.br\/site\/wp-json\/wp\/v2\/product_tag?post=83172"}],"curies":[{"name":"wp","href":"https:\/\/api.w.org\/{rel}","templated":true}]}}