{"id":83176,"date":"2018-04-26T18:17:06","date_gmt":"2018-04-26T18:17:06","guid":{"rendered":"http:\/\/www.irdin.org.br\/site\/produto\/conversas-com-trigueirinho-no-90\/"},"modified":"2025-03-15T22:24:29","modified_gmt":"2025-03-15T22:24:29","slug":"conversas-com-trigueirinho-no-90","status":"publish","type":"product","link":"https:\/\/www.irdin.org.br\/site\/produtos\/conversas-com-trigueirinho-no-90\/","title":{"rendered":"Conversas com Trigueirinho n\u00ba 90"},"content":{"rendered":"<p><em>Nossa intera\u00e7\u00e3o com o ambiente e com toda a humanidade \/ Influ\u00eancias de desencarnados violentos \/ Constru\u00e7\u00e3o do campo magn\u00e9tico do curador \/ Os centros planet\u00e1rios Miz Tli Tlan e Mirna Jad e a energia divina em n\u00f3s \/ Energia divina na pacifica\u00e7\u00e3o do ser e na dissolu\u00e7\u00e3o de ilus\u00f5es \/ Al\u00e9m do indiv\u00edduo, o amor infinito \/ Ingresso na evolu\u00e7\u00e3o imaterial<\/em><\/p>\n<p>&nbsp;<br \/>\n<strong>Ou\u00e7a agora:<\/strong><\/p>\n<p><span data-href=\"https:\/\/www.irdin.org.br\/site\/envios\/audios\/0023_0090__por_por__conversas_com_trigueirinho_n090.mp3\" data-title=\"conversas com trigueirinho n\u00ba 90\" data-rel=\"\" data-target=\"\" data-meta=\"#fap-meta-69e633bd265b1\" class=\"fap-single-track fap-track-button fap-play-button\" data-enqueue=\"no\" data-autoenqueue=\"no\" title=\"conversas com trigueirinho n\u00ba 90\"><span class=\"fap-icon-play\"><\/span>Ouvir<\/span> <a href=\"https:\/\/www.irdin.org.br\/site\/envios\/audios\/0023_0090__por_por__conversas_com_trigueirinho_n090.mp3\" class=\"baixar\" download><span class=\"fa fa-arrow-down\"><\/span>Baixar<\/span><\/a> <span class=\"textobaixar\"> conversas com trigueirinho n\u00ba 90<\/span><\/p>\n<p>&nbsp;<\/p>\n","protected":false},"excerpt":{"rendered":"<p>Nossa intera\u00e7\u00e3o com o ambiente e com toda a humanidade \/ Influ\u00eancias de desencarnados violentos \/ Constru\u00e7\u00e3o do campo magn\u00e9tico<\/p>\n","protected":false},"featured_media":37803,"template":"","meta":{"_acf_changed":false},"product_brand":[],"product_cat":[18076,33068],"product_tag":[39687],"class_list":{"0":"post-83176","1":"product","2":"type-product","3":"status-publish","4":"has-post-thumbnail","6":"product_cat-cddvd","7":"product_cat-palestras","8":"product_tag-39687","9":"pa_autor-trigueirinho","10":"pa_codigo-da-serie-31985","11":"pa_codigo-externo-00230090porcd","12":"pa_data-de-gravacao-20917","13":"pa_duracao-34min","14":"pa_idioma-de-destino-portugues","15":"pa_idioma-de-origem-portugues","16":"pa_lancamento-no","17":"pa_midia-cd","18":"pa_moac-39686","19":"pa_quantidade-de-saldo-33067","20":"pa_sequencial-da-serie-32796","21":"pa_tipo-de-traducao-nao-classificado","23":"first","24":"outofstock","25":"product-type-simple"},"acf":[],"_links":{"self":[{"href":"https:\/\/www.irdin.org.br\/site\/wp-json\/wp\/v2\/product\/83176","targetHints":{"allow":["GET"]}}],"collection":[{"href":"https:\/\/www.irdin.org.br\/site\/wp-json\/wp\/v2\/product"}],"about":[{"href":"https:\/\/www.irdin.org.br\/site\/wp-json\/wp\/v2\/types\/product"}],"version-history":[{"count":1,"href":"https:\/\/www.irdin.org.br\/site\/wp-json\/wp\/v2\/product\/83176\/revisions"}],"predecessor-version":[{"id":109010,"href":"https:\/\/www.irdin.org.br\/site\/wp-json\/wp\/v2\/product\/83176\/revisions\/109010"}],"wp:featuredmedia":[{"embeddable":true,"href":"https:\/\/www.irdin.org.br\/site\/wp-json\/wp\/v2\/media\/37803"}],"wp:attachment":[{"href":"https:\/\/www.irdin.org.br\/site\/wp-json\/wp\/v2\/media?parent=83176"}],"wp:term":[{"taxonomy":"product_brand","embeddable":true,"href":"https:\/\/www.irdin.org.br\/site\/wp-json\/wp\/v2\/product_brand?post=83176"},{"taxonomy":"product_cat","embeddable":true,"href":"https:\/\/www.irdin.org.br\/site\/wp-json\/wp\/v2\/product_cat?post=83176"},{"taxonomy":"product_tag","embeddable":true,"href":"https:\/\/www.irdin.org.br\/site\/wp-json\/wp\/v2\/product_tag?post=83176"}],"curies":[{"name":"wp","href":"https:\/\/api.w.org\/{rel}","templated":true}]}}