{"id":83177,"date":"2018-04-26T18:17:06","date_gmt":"2018-04-26T18:17:06","guid":{"rendered":"http:\/\/www.irdin.org.br\/site\/produto\/conversas-com-trigueirinho-no-91\/"},"modified":"2024-09-27T13:07:20","modified_gmt":"2024-09-27T13:07:20","slug":"conversas-com-trigueirinho-no-91","status":"publish","type":"product","link":"https:\/\/www.irdin.org.br\/site\/produtos\/conversas-com-trigueirinho-no-91\/","title":{"rendered":"Conversas com Trigueirinho n\u00ba 91"},"content":{"rendered":"<p><em>Distin\u00e7\u00e3o entre sonhos astrais e traslados de corpos sutis para servir \/ Conseq\u00fc\u00eancias da mediunidade \/ Caminho espiritual sem ambi\u00e7\u00f5es \/ Como lidar com maledic\u00eancia \/ Vis\u00f5es que nos distraem \/ Rea\u00e7\u00f5es do ego aos exerc\u00edcios espirituais \/ Desmaio e transmuta\u00e7\u00e3o \/ O privil\u00e9gio de viver neste momento de manifesta\u00e7\u00e3o do Logos Solar \/ Outras civiliza\u00e7\u00f5es que habitam a Terra<\/em><\/p>\n<p>&nbsp;<br \/>\n<strong>Ou\u00e7a agora:<\/strong><\/p>\n<p><span data-href=\"https:\/\/www.irdin.org.br\/site\/envios\/audios\/0023_0091__por_por__conversas_com_trigueirinho_n091.mp3\" data-title=\"conversas com trigueirinho n\u00ba 91\" data-rel=\"\" data-target=\"\" data-meta=\"#fap-meta-69e3f1d191bb5\" class=\"fap-single-track fap-track-button fap-play-button\" data-enqueue=\"no\" data-autoenqueue=\"no\" title=\"conversas com trigueirinho n\u00ba 91\"><span class=\"fap-icon-play\"><\/span>Ouvir<\/span> <a href=\"https:\/\/www.irdin.org.br\/site\/envios\/audios\/0023_0091__por_por__conversas_com_trigueirinho_n091.mp3\" class=\"baixar\" download><span class=\"fa fa-arrow-down\"><\/span>Baixar<\/span><\/a> <span class=\"textobaixar\"> conversas com trigueirinho n\u00ba 91<\/span><\/p>\n<p>&nbsp;<\/p>\n","protected":false},"excerpt":{"rendered":"<p>Distin\u00e7\u00e3o entre sonhos astrais e traslados de corpos sutis para servir \/ Conseq\u00fc\u00eancias da mediunidade \/ Caminho espiritual sem ambi\u00e7\u00f5es<\/p>\n","protected":false},"featured_media":37803,"template":"","meta":{"_acf_changed":false},"product_brand":[],"product_cat":[18076,33068],"product_tag":[39689],"class_list":{"0":"post-83177","1":"product","2":"type-product","3":"status-publish","4":"has-post-thumbnail","6":"product_cat-cddvd","7":"product_cat-palestras","8":"product_tag-39689","9":"pa_autor-trigueirinho","10":"pa_codigo-da-serie-31985","11":"pa_codigo-externo-00230091porcd","12":"pa_data-de-gravacao-20920","13":"pa_duracao-36min","14":"pa_idioma-de-destino-portugues","15":"pa_idioma-de-origem-portugues","16":"pa_lancamento-no","17":"pa_midia-cd","18":"pa_moac-39688","19":"pa_quantidade-de-saldo-33067","20":"pa_sequencial-da-serie-32797","21":"pa_tipo-de-traducao-nao-classificado","23":"first","24":"outofstock","25":"product-type-simple"},"acf":[],"_links":{"self":[{"href":"https:\/\/www.irdin.org.br\/site\/wp-json\/wp\/v2\/product\/83177","targetHints":{"allow":["GET"]}}],"collection":[{"href":"https:\/\/www.irdin.org.br\/site\/wp-json\/wp\/v2\/product"}],"about":[{"href":"https:\/\/www.irdin.org.br\/site\/wp-json\/wp\/v2\/types\/product"}],"version-history":[{"count":1,"href":"https:\/\/www.irdin.org.br\/site\/wp-json\/wp\/v2\/product\/83177\/revisions"}],"predecessor-version":[{"id":107690,"href":"https:\/\/www.irdin.org.br\/site\/wp-json\/wp\/v2\/product\/83177\/revisions\/107690"}],"wp:featuredmedia":[{"embeddable":true,"href":"https:\/\/www.irdin.org.br\/site\/wp-json\/wp\/v2\/media\/37803"}],"wp:attachment":[{"href":"https:\/\/www.irdin.org.br\/site\/wp-json\/wp\/v2\/media?parent=83177"}],"wp:term":[{"taxonomy":"product_brand","embeddable":true,"href":"https:\/\/www.irdin.org.br\/site\/wp-json\/wp\/v2\/product_brand?post=83177"},{"taxonomy":"product_cat","embeddable":true,"href":"https:\/\/www.irdin.org.br\/site\/wp-json\/wp\/v2\/product_cat?post=83177"},{"taxonomy":"product_tag","embeddable":true,"href":"https:\/\/www.irdin.org.br\/site\/wp-json\/wp\/v2\/product_tag?post=83177"}],"curies":[{"name":"wp","href":"https:\/\/api.w.org\/{rel}","templated":true}]}}