{"id":83179,"date":"2018-04-26T18:17:25","date_gmt":"2018-04-26T18:17:25","guid":{"rendered":"http:\/\/www.irdin.org.br\/site\/produto\/conversas-com-trigueirinho-no-93\/"},"modified":"2025-03-15T22:16:53","modified_gmt":"2025-03-15T22:16:53","slug":"conversas-com-trigueirinho-no-93","status":"publish","type":"product","link":"https:\/\/www.irdin.org.br\/site\/produtos\/conversas-com-trigueirinho-no-93\/","title":{"rendered":"Conversas com Trigueirinho n\u00ba 93"},"content":{"rendered":"<p><em>Que indica ser uma pessoa adequada ao trabalho com animais? \/ Que fazer com o ego? \/ Perd\u00e3o e eleva\u00e7\u00e3o \/ Francisco de Assis hoje: instrutor que estimula a consci\u00eancia divina \/ Instru\u00e7\u00e3o futura e nova educa\u00e7\u00e3o \/ O livro ?Erks, Mundo Interno? \/ Harmonia com o desconhecido, amor aos reinos da natureza e \u00e0 Vida \u00danica \/ Corpos adequados \u00e0 experi\u00eancia da alma \/ Preparo para a passagem chamada morte<\/em><\/p>\n<p>&nbsp;<br \/>\n<strong>Ou\u00e7a agora:<\/strong><\/p>\n<p><span data-href=\"https:\/\/www.irdin.org.br\/site\/envios\/audios\/0023_0093__por_por__conversas_com_trigueirinho_n093.mp3\" data-title=\"conversas com trigueirinho n\u00ba 93\" data-rel=\"\" data-target=\"\" data-meta=\"#fap-meta-69e28c3016ad9\" class=\"fap-single-track fap-track-button fap-play-button\" data-enqueue=\"no\" data-autoenqueue=\"no\" title=\"conversas com trigueirinho n\u00ba 93\"><span class=\"fap-icon-play\"><\/span>Ouvir<\/span> <a href=\"https:\/\/www.irdin.org.br\/site\/envios\/audios\/0023_0093__por_por__conversas_com_trigueirinho_n093.mp3\" class=\"baixar\" download><span class=\"fa fa-arrow-down\"><\/span>Baixar<\/span><\/a> <span class=\"textobaixar\"> conversas com trigueirinho n\u00ba 93<\/span><\/p>\n<p>&nbsp;<\/p>\n","protected":false},"excerpt":{"rendered":"<p>Que indica ser uma pessoa adequada ao trabalho com animais? \/ Que fazer com o ego? \/ Perd\u00e3o e eleva\u00e7\u00e3o<\/p>\n","protected":false},"featured_media":37803,"template":"","meta":{"_acf_changed":false},"product_brand":[],"product_cat":[18076,33068],"product_tag":[39693],"class_list":{"0":"post-83179","1":"product","2":"type-product","3":"status-publish","4":"has-post-thumbnail","6":"product_cat-cddvd","7":"product_cat-palestras","8":"product_tag-39693","9":"pa_autor-trigueirinho","10":"pa_codigo-da-serie-31985","11":"pa_codigo-externo-00230093porcd","12":"pa_data-de-gravacao-20927","13":"pa_duracao-39min42s","14":"pa_idioma-de-destino-portugues","15":"pa_idioma-de-origem-portugues","16":"pa_lancamento-no","17":"pa_midia-cd","18":"pa_moac-39692","19":"pa_quantidade-de-saldo-33067","20":"pa_sequencial-da-serie-32136","21":"pa_tipo-de-traducao-nao-classificado","23":"first","24":"outofstock","25":"product-type-simple"},"acf":[],"_links":{"self":[{"href":"https:\/\/www.irdin.org.br\/site\/wp-json\/wp\/v2\/product\/83179","targetHints":{"allow":["GET"]}}],"collection":[{"href":"https:\/\/www.irdin.org.br\/site\/wp-json\/wp\/v2\/product"}],"about":[{"href":"https:\/\/www.irdin.org.br\/site\/wp-json\/wp\/v2\/types\/product"}],"version-history":[{"count":1,"href":"https:\/\/www.irdin.org.br\/site\/wp-json\/wp\/v2\/product\/83179\/revisions"}],"predecessor-version":[{"id":108986,"href":"https:\/\/www.irdin.org.br\/site\/wp-json\/wp\/v2\/product\/83179\/revisions\/108986"}],"wp:featuredmedia":[{"embeddable":true,"href":"https:\/\/www.irdin.org.br\/site\/wp-json\/wp\/v2\/media\/37803"}],"wp:attachment":[{"href":"https:\/\/www.irdin.org.br\/site\/wp-json\/wp\/v2\/media?parent=83179"}],"wp:term":[{"taxonomy":"product_brand","embeddable":true,"href":"https:\/\/www.irdin.org.br\/site\/wp-json\/wp\/v2\/product_brand?post=83179"},{"taxonomy":"product_cat","embeddable":true,"href":"https:\/\/www.irdin.org.br\/site\/wp-json\/wp\/v2\/product_cat?post=83179"},{"taxonomy":"product_tag","embeddable":true,"href":"https:\/\/www.irdin.org.br\/site\/wp-json\/wp\/v2\/product_tag?post=83179"}],"curies":[{"name":"wp","href":"https:\/\/api.w.org\/{rel}","templated":true}]}}