{"id":83183,"date":"2018-04-26T18:17:25","date_gmt":"2018-04-26T18:17:25","guid":{"rendered":"http:\/\/www.irdin.org.br\/site\/produto\/conversas-com-trigueirinho-no-97\/"},"modified":"2025-03-15T22:17:23","modified_gmt":"2025-03-15T22:17:23","slug":"conversas-com-trigueirinho-no-97","status":"publish","type":"product","link":"https:\/\/www.irdin.org.br\/site\/produtos\/conversas-com-trigueirinho-no-97\/","title":{"rendered":"Conversas com Trigueirinho n\u00ba 97"},"content":{"rendered":"<p><em>Todos sonhamos, mesmo quando n\u00e3o temos consci\u00eancia disso \/ Evitar discuss\u00f5es de n\u00edvel mental \/ O centro card\u00edaco direito \/ A certeza de que estamos evoluindo \/ O nono Raio, que nos permite a onipresen\u00e7a \/ Pagamento c\u00e1rmico de encarna\u00e7\u00f5es anteriores \/ Aceitar o que a vida nos traz \/ HIV, fruto de insinceridade \/ Devo\u00e7\u00e3o, energia do Guerreiro \/ Devo\u00e7\u00e3o e vigil\u00e2ncia \/ F\u00e9 no imponder\u00e1vel<\/em><\/p>\n<p>&nbsp;<br \/>\n<strong>Ou\u00e7a agora:<\/strong><\/p>\n<p><span data-href=\"https:\/\/www.irdin.org.br\/site\/envios\/audios\/0023_0097__por_por__conversas_com_trigueirinho_n097.mp3\" data-title=\"conversas com trigueirinho n\u00ba 97\" data-rel=\"\" data-target=\"\" data-meta=\"#fap-meta-6a05c241e5214\" class=\"fap-single-track fap-track-button fap-play-button\" data-enqueue=\"no\" data-autoenqueue=\"no\" title=\"conversas com trigueirinho n\u00ba 97\"><span class=\"fap-icon-play\"><\/span>Ouvir<\/span> <a href=\"https:\/\/www.irdin.org.br\/site\/envios\/audios\/0023_0097__por_por__conversas_com_trigueirinho_n097.mp3\" class=\"baixar\" download><span class=\"fa fa-arrow-down\"><\/span>Baixar<\/span><\/a> <span class=\"textobaixar\"> conversas com trigueirinho n\u00ba 97<\/span><\/p>\n<p>&nbsp;<\/p>\n","protected":false},"excerpt":{"rendered":"<p>Todos sonhamos, mesmo quando n\u00e3o temos consci\u00eancia disso \/ Evitar discuss\u00f5es de n\u00edvel mental \/ O centro card\u00edaco direito \/<\/p>\n","protected":false},"featured_media":37803,"template":"","meta":{"_acf_changed":false},"product_brand":[],"product_cat":[18076,33068],"product_tag":[39701],"class_list":{"0":"post-83183","1":"product","2":"type-product","3":"status-publish","4":"has-post-thumbnail","6":"product_cat-cddvd","7":"product_cat-palestras","8":"product_tag-39701","9":"pa_autor-trigueirinho","10":"pa_codigo-da-serie-31985","11":"pa_codigo-externo-00230097porcd","12":"pa_data-de-gravacao-20940","13":"pa_duracao-39min45s","14":"pa_idioma-de-destino-portugues","15":"pa_idioma-de-origem-portugues","16":"pa_lancamento-no","17":"pa_midia-cd","18":"pa_moac-39700","19":"pa_quantidade-de-saldo-33067","20":"pa_sequencial-da-serie-32143","21":"pa_tipo-de-traducao-nao-classificado","23":"first","24":"outofstock","25":"product-type-simple"},"acf":[],"_links":{"self":[{"href":"https:\/\/www.irdin.org.br\/site\/wp-json\/wp\/v2\/product\/83183","targetHints":{"allow":["GET"]}}],"collection":[{"href":"https:\/\/www.irdin.org.br\/site\/wp-json\/wp\/v2\/product"}],"about":[{"href":"https:\/\/www.irdin.org.br\/site\/wp-json\/wp\/v2\/types\/product"}],"version-history":[{"count":1,"href":"https:\/\/www.irdin.org.br\/site\/wp-json\/wp\/v2\/product\/83183\/revisions"}],"predecessor-version":[{"id":108990,"href":"https:\/\/www.irdin.org.br\/site\/wp-json\/wp\/v2\/product\/83183\/revisions\/108990"}],"wp:featuredmedia":[{"embeddable":true,"href":"https:\/\/www.irdin.org.br\/site\/wp-json\/wp\/v2\/media\/37803"}],"wp:attachment":[{"href":"https:\/\/www.irdin.org.br\/site\/wp-json\/wp\/v2\/media?parent=83183"}],"wp:term":[{"taxonomy":"product_brand","embeddable":true,"href":"https:\/\/www.irdin.org.br\/site\/wp-json\/wp\/v2\/product_brand?post=83183"},{"taxonomy":"product_cat","embeddable":true,"href":"https:\/\/www.irdin.org.br\/site\/wp-json\/wp\/v2\/product_cat?post=83183"},{"taxonomy":"product_tag","embeddable":true,"href":"https:\/\/www.irdin.org.br\/site\/wp-json\/wp\/v2\/product_tag?post=83183"}],"curies":[{"name":"wp","href":"https:\/\/api.w.org\/{rel}","templated":true}]}}