{"id":83184,"date":"2018-04-26T18:17:25","date_gmt":"2018-04-26T18:17:25","guid":{"rendered":"http:\/\/www.irdin.org.br\/site\/produto\/conversas-com-trigueirinho-no-98\/"},"modified":"2025-03-15T22:17:36","modified_gmt":"2025-03-15T22:17:36","slug":"conversas-com-trigueirinho-no-98","status":"publish","type":"product","link":"https:\/\/www.irdin.org.br\/site\/produtos\/conversas-com-trigueirinho-no-98\/","title":{"rendered":"Conversas com Trigueirinho n\u00ba 98"},"content":{"rendered":"<p><em>A pr\u00e1tica do bem como medita\u00e7\u00e3o \/ O tempo do rel\u00f3gio e o outro \/ Ajuda para ampliar a vis\u00e3o interna \/ Compreender os sonhos \/ Conhecer a vontade da alma \/ Canalizar a energia mental de modo correto \/ Mundo interior, n\u00facleo de cura \/ Conex\u00e3o com a alma e fluir da energia nas a\u00e7\u00f5es \/ Ritmos do eu interno \/ Nova ra\u00e7a e novo mundo \/ A ra\u00e7a negra \/ Massacres e sintonia com outras realidades<\/em><\/p>\n<p>&nbsp;<br \/>\n<strong>Ou\u00e7a agora:<\/strong><\/p>\n<p><span data-href=\"https:\/\/www.irdin.org.br\/site\/envios\/audios\/0023_0098__por_por__conversas_com_trigueirinho_n098.mp3\" data-title=\"conversas com trigueirinho n\u00ba 98\" data-rel=\"\" data-target=\"\" data-meta=\"#fap-meta-6a05d74f7eeb8\" class=\"fap-single-track fap-track-button fap-play-button\" data-enqueue=\"no\" data-autoenqueue=\"no\" title=\"conversas com trigueirinho n\u00ba 98\"><span class=\"fap-icon-play\"><\/span>Ouvir<\/span> <a href=\"https:\/\/www.irdin.org.br\/site\/envios\/audios\/0023_0098__por_por__conversas_com_trigueirinho_n098.mp3\" class=\"baixar\" download><span class=\"fa fa-arrow-down\"><\/span>Baixar<\/span><\/a> <span class=\"textobaixar\"> conversas com trigueirinho n\u00ba 98<\/span><\/p>\n<p>&nbsp;<\/p>\n","protected":false},"excerpt":{"rendered":"<p>A pr\u00e1tica do bem como medita\u00e7\u00e3o \/ O tempo do rel\u00f3gio e o outro \/ Ajuda para ampliar a vis\u00e3o<\/p>\n","protected":false},"featured_media":37803,"template":"","meta":{"_acf_changed":false},"product_brand":[],"product_cat":[18076,33068],"product_tag":[39703],"class_list":{"0":"post-83184","1":"product","2":"type-product","3":"status-publish","4":"has-post-thumbnail","6":"product_cat-cddvd","7":"product_cat-palestras","8":"product_tag-39703","9":"pa_autor-trigueirinho","10":"pa_codigo-da-serie-31985","11":"pa_codigo-externo-00230098porcd","12":"pa_data-de-gravacao-20944","13":"pa_duracao-46min1s","14":"pa_idioma-de-destino-portugues","15":"pa_idioma-de-origem-portugues","16":"pa_lancamento-no","17":"pa_midia-cd","18":"pa_moac-39702","19":"pa_quantidade-de-saldo-33067","20":"pa_sequencial-da-serie-32144","21":"pa_tipo-de-traducao-nao-classificado","23":"first","24":"outofstock","25":"product-type-simple"},"acf":[],"_links":{"self":[{"href":"https:\/\/www.irdin.org.br\/site\/wp-json\/wp\/v2\/product\/83184","targetHints":{"allow":["GET"]}}],"collection":[{"href":"https:\/\/www.irdin.org.br\/site\/wp-json\/wp\/v2\/product"}],"about":[{"href":"https:\/\/www.irdin.org.br\/site\/wp-json\/wp\/v2\/types\/product"}],"version-history":[{"count":1,"href":"https:\/\/www.irdin.org.br\/site\/wp-json\/wp\/v2\/product\/83184\/revisions"}],"predecessor-version":[{"id":108991,"href":"https:\/\/www.irdin.org.br\/site\/wp-json\/wp\/v2\/product\/83184\/revisions\/108991"}],"wp:featuredmedia":[{"embeddable":true,"href":"https:\/\/www.irdin.org.br\/site\/wp-json\/wp\/v2\/media\/37803"}],"wp:attachment":[{"href":"https:\/\/www.irdin.org.br\/site\/wp-json\/wp\/v2\/media?parent=83184"}],"wp:term":[{"taxonomy":"product_brand","embeddable":true,"href":"https:\/\/www.irdin.org.br\/site\/wp-json\/wp\/v2\/product_brand?post=83184"},{"taxonomy":"product_cat","embeddable":true,"href":"https:\/\/www.irdin.org.br\/site\/wp-json\/wp\/v2\/product_cat?post=83184"},{"taxonomy":"product_tag","embeddable":true,"href":"https:\/\/www.irdin.org.br\/site\/wp-json\/wp\/v2\/product_tag?post=83184"}],"curies":[{"name":"wp","href":"https:\/\/api.w.org\/{rel}","templated":true}]}}