{"id":83185,"date":"2018-04-26T18:17:25","date_gmt":"2018-04-26T18:17:25","guid":{"rendered":"http:\/\/www.irdin.org.br\/site\/produto\/conversas-com-trigueirinho-no-99\/"},"modified":"2025-03-15T22:20:36","modified_gmt":"2025-03-15T22:20:36","slug":"conversas-com-trigueirinho-no-99","status":"publish","type":"product","link":"https:\/\/www.irdin.org.br\/site\/produtos\/conversas-com-trigueirinho-no-99\/","title":{"rendered":"Conversas com Trigueirinho n\u00ba 99"},"content":{"rendered":"<p><em>Entrega, desapego, impessoalidade \/ Autocontrole sobre pensamentos e desejos \/ Situa\u00e7\u00e3o de carma opcional \/ Dissolver la\u00e7os com a mat\u00e9ria \/ Etapas do Caminho \/ Aprender com os sonhos dos outros \/ Sonhos que prev\u00eaem acontecimentos \/ Diferen\u00e7a entre imagina\u00e7\u00e3o e intui\u00e7\u00e3o \/ Sonho com dentes \/ Sonho com condu\u00e7\u00e3o de carro \/ \u00c9 l\u00edcito advertir os outros? \/ Avan\u00e7ar \/ A ousadia do amor<\/em><\/p>\n<p>&nbsp;<br \/>\n<strong>Ou\u00e7a agora:<\/strong><\/p>\n<p><span data-href=\"https:\/\/www.irdin.org.br\/site\/envios\/audios\/0023_0099__por_por__conversas_com_trigueirinho_n099.mp3\" data-title=\"conversas com trigueirinho n\u00ba 99\" data-rel=\"\" data-target=\"\" data-meta=\"#fap-meta-69e26f7b80e94\" class=\"fap-single-track fap-track-button fap-play-button\" data-enqueue=\"no\" data-autoenqueue=\"no\" title=\"conversas com trigueirinho n\u00ba 99\"><span class=\"fap-icon-play\"><\/span>Ouvir<\/span> <a href=\"https:\/\/www.irdin.org.br\/site\/envios\/audios\/0023_0099__por_por__conversas_com_trigueirinho_n099.mp3\" class=\"baixar\" download><span class=\"fa fa-arrow-down\"><\/span>Baixar<\/span><\/a> <span class=\"textobaixar\"> conversas com trigueirinho n\u00ba 99<\/span><\/p>\n<p>&nbsp;<\/p>\n","protected":false},"excerpt":{"rendered":"<p>Entrega, desapego, impessoalidade \/ Autocontrole sobre pensamentos e desejos \/ Situa\u00e7\u00e3o de carma opcional \/ Dissolver la\u00e7os com a mat\u00e9ria<\/p>\n","protected":false},"featured_media":37803,"template":"","meta":{"_acf_changed":false},"product_brand":[],"product_cat":[18076,33068],"product_tag":[39705],"class_list":{"0":"post-83185","1":"product","2":"type-product","3":"status-publish","4":"has-post-thumbnail","6":"product_cat-cddvd","7":"product_cat-palestras","8":"product_tag-39705","9":"pa_autor-trigueirinho","10":"pa_codigo-da-serie-31985","11":"pa_codigo-externo-00230099porcd","12":"pa_data-de-gravacao-18899","13":"pa_duracao-33min23s","14":"pa_idioma-de-destino-portugues","15":"pa_idioma-de-origem-portugues","16":"pa_lancamento-no","17":"pa_midia-cd","18":"pa_moac-39704","19":"pa_quantidade-de-saldo-33067","20":"pa_sequencial-da-serie-32801","21":"pa_tipo-de-traducao-nao-classificado","23":"first","24":"outofstock","25":"product-type-simple"},"acf":[],"_links":{"self":[{"href":"https:\/\/www.irdin.org.br\/site\/wp-json\/wp\/v2\/product\/83185","targetHints":{"allow":["GET"]}}],"collection":[{"href":"https:\/\/www.irdin.org.br\/site\/wp-json\/wp\/v2\/product"}],"about":[{"href":"https:\/\/www.irdin.org.br\/site\/wp-json\/wp\/v2\/types\/product"}],"version-history":[{"count":1,"href":"https:\/\/www.irdin.org.br\/site\/wp-json\/wp\/v2\/product\/83185\/revisions"}],"predecessor-version":[{"id":108992,"href":"https:\/\/www.irdin.org.br\/site\/wp-json\/wp\/v2\/product\/83185\/revisions\/108992"}],"wp:featuredmedia":[{"embeddable":true,"href":"https:\/\/www.irdin.org.br\/site\/wp-json\/wp\/v2\/media\/37803"}],"wp:attachment":[{"href":"https:\/\/www.irdin.org.br\/site\/wp-json\/wp\/v2\/media?parent=83185"}],"wp:term":[{"taxonomy":"product_brand","embeddable":true,"href":"https:\/\/www.irdin.org.br\/site\/wp-json\/wp\/v2\/product_brand?post=83185"},{"taxonomy":"product_cat","embeddable":true,"href":"https:\/\/www.irdin.org.br\/site\/wp-json\/wp\/v2\/product_cat?post=83185"},{"taxonomy":"product_tag","embeddable":true,"href":"https:\/\/www.irdin.org.br\/site\/wp-json\/wp\/v2\/product_tag?post=83185"}],"curies":[{"name":"wp","href":"https:\/\/api.w.org\/{rel}","templated":true}]}}