{"id":83196,"date":"2018-04-26T18:17:25","date_gmt":"2018-04-26T18:17:25","guid":{"rendered":"http:\/\/www.irdin.org.br\/site\/produto\/conversas-com-trigueirinho-no-110\/"},"modified":"2024-09-09T01:54:25","modified_gmt":"2024-09-09T01:54:25","slug":"conversas-com-trigueirinho-no-110","status":"publish","type":"product","link":"https:\/\/www.irdin.org.br\/site\/produtos\/conversas-com-trigueirinho-no-110\/","title":{"rendered":"Conversas com Trigueirinho n\u00ba 110"},"content":{"rendered":"<p><em>O sentido de estar na Terra \/ A nova Psicologia \/ Ver em si e no outro a alma \/ A trajet\u00f3ria do corpo e a da alma \/ Gra\u00e7a, carma, inicia\u00e7\u00e3o \/ Jejum de alimentos, palavras, pensamentos \/ Equil\u00edbrio das polaridades \/ Nome interior e linha de luz \/ Calend\u00e1rio Maia \/ Ciclos internos \/ Os mantras e a rever\u00eancia diante da cria\u00e7\u00e3o \/ A a\u00e7\u00e3o do fogo em n\u00f3s \/ As virtudes e a vangl\u00f3ria<\/em><\/p>\n<p>&nbsp;<br \/>\n<strong>Ou\u00e7a agora:<\/strong><\/p>\n<p><span data-href=\"https:\/\/www.irdin.org.br\/site\/envios\/audios\/0023_0110__por_por__conversas_com_trigueirinho_n110.mp3\" data-title=\"conversas com trigueirinho n\u00ba 110\" data-rel=\"\" data-target=\"\" data-meta=\"#fap-meta-6a06bdeb02379\" class=\"fap-single-track fap-track-button fap-play-button\" data-enqueue=\"no\" data-autoenqueue=\"no\" title=\"conversas com trigueirinho n\u00ba 110\"><span class=\"fap-icon-play\"><\/span>Ouvir<\/span> <a href=\"https:\/\/www.irdin.org.br\/site\/envios\/audios\/0023_0110__por_por__conversas_com_trigueirinho_n110.mp3\" class=\"baixar\" download><span class=\"fa fa-arrow-down\"><\/span>Baixar<\/span><\/a> <span class=\"textobaixar\"> conversas com trigueirinho n\u00ba 110<\/span><\/p>\n<p>&nbsp;<\/p>\n","protected":false},"excerpt":{"rendered":"<p>O sentido de estar na Terra \/ A nova Psicologia \/ Ver em si e no outro a alma \/<\/p>\n","protected":false},"featured_media":37803,"template":"","meta":{"_acf_changed":false},"product_brand":[],"product_cat":[18076,33068],"product_tag":[39723],"class_list":{"0":"post-83196","1":"product","2":"type-product","3":"status-publish","4":"has-post-thumbnail","6":"product_cat-cddvd","7":"product_cat-palestras","8":"product_tag-39723","9":"pa_autor-trigueirinho","10":"pa_codigo-da-serie-31985","11":"pa_codigo-externo-00230110porcd","12":"pa_data-de-gravacao-18914","13":"pa_duracao-41min50s","14":"pa_idioma-de-destino-portugues","15":"pa_idioma-de-origem-portugues","16":"pa_lancamento-no","17":"pa_midia-cd","18":"pa_moac-39722","19":"pa_quantidade-de-saldo-33067","20":"pa_sequencial-da-serie-32168","21":"pa_tipo-de-traducao-nao-classificado","23":"first","24":"outofstock","25":"product-type-simple"},"acf":[],"_links":{"self":[{"href":"https:\/\/www.irdin.org.br\/site\/wp-json\/wp\/v2\/product\/83196","targetHints":{"allow":["GET"]}}],"collection":[{"href":"https:\/\/www.irdin.org.br\/site\/wp-json\/wp\/v2\/product"}],"about":[{"href":"https:\/\/www.irdin.org.br\/site\/wp-json\/wp\/v2\/types\/product"}],"version-history":[{"count":1,"href":"https:\/\/www.irdin.org.br\/site\/wp-json\/wp\/v2\/product\/83196\/revisions"}],"predecessor-version":[{"id":106944,"href":"https:\/\/www.irdin.org.br\/site\/wp-json\/wp\/v2\/product\/83196\/revisions\/106944"}],"wp:featuredmedia":[{"embeddable":true,"href":"https:\/\/www.irdin.org.br\/site\/wp-json\/wp\/v2\/media\/37803"}],"wp:attachment":[{"href":"https:\/\/www.irdin.org.br\/site\/wp-json\/wp\/v2\/media?parent=83196"}],"wp:term":[{"taxonomy":"product_brand","embeddable":true,"href":"https:\/\/www.irdin.org.br\/site\/wp-json\/wp\/v2\/product_brand?post=83196"},{"taxonomy":"product_cat","embeddable":true,"href":"https:\/\/www.irdin.org.br\/site\/wp-json\/wp\/v2\/product_cat?post=83196"},{"taxonomy":"product_tag","embeddable":true,"href":"https:\/\/www.irdin.org.br\/site\/wp-json\/wp\/v2\/product_tag?post=83196"}],"curies":[{"name":"wp","href":"https:\/\/api.w.org\/{rel}","templated":true}]}}