{"id":83201,"date":"2018-04-26T18:17:43","date_gmt":"2018-04-26T18:17:43","guid":{"rendered":"http:\/\/www.irdin.org.br\/site\/produto\/conversas-com-trigueirinho-no-115\/"},"modified":"2025-03-15T22:15:00","modified_gmt":"2025-03-15T22:15:00","slug":"conversas-com-trigueirinho-no-115","status":"publish","type":"product","link":"https:\/\/www.irdin.org.br\/site\/produtos\/conversas-com-trigueirinho-no-115\/","title":{"rendered":"Conversas com Trigueirinho n\u00ba 115"},"content":{"rendered":"<p><em>Sonhos e instru\u00e7\u00f5es espirituais \/ Nomes de membros da Hierarquia \/ Contato com os grupos de almas e com a Hierarquia \/ Som e energia criadora \/ Preparo para o sono \/ Sonambulismo \/ Ajuda ao planeta \/ A Irmandade \/ V\u00ednculos familiares e consci\u00eancia mon\u00e1stica<\/em><\/p>\n<p>&nbsp;<br \/>\n<strong>Ou\u00e7a agora:<\/strong><\/p>\n<p><span data-href=\"https:\/\/www.irdin.org.br\/site\/envios\/audios\/0023_0115__por_por__conversas_com_trigueirinho_n115.mp3\" data-title=\"conversas com trigueirinho n\u00ba 115\" data-rel=\"\" data-target=\"\" data-meta=\"#fap-meta-6a0713f72badd\" class=\"fap-single-track fap-track-button fap-play-button\" data-enqueue=\"no\" data-autoenqueue=\"no\" title=\"conversas com trigueirinho n\u00ba 115\"><span class=\"fap-icon-play\"><\/span>Ouvir<\/span> <a href=\"https:\/\/www.irdin.org.br\/site\/envios\/audios\/0023_0115__por_por__conversas_com_trigueirinho_n115.mp3\" class=\"baixar\" download><span class=\"fa fa-arrow-down\"><\/span>Baixar<\/span><\/a> <span class=\"textobaixar\"> conversas com trigueirinho n\u00ba 115<\/span><\/p>\n<p>&nbsp;<\/p>\n","protected":false},"excerpt":{"rendered":"<p>Sonhos e instru\u00e7\u00f5es espirituais \/ Nomes de membros da Hierarquia \/ Contato com os grupos de almas e com a<\/p>\n","protected":false},"featured_media":37803,"template":"","meta":{"_acf_changed":false},"product_brand":[],"product_cat":[18076,33068],"product_tag":[39731],"class_list":{"0":"post-83201","1":"product","2":"type-product","3":"status-publish","4":"has-post-thumbnail","6":"product_cat-cddvd","7":"product_cat-palestras","8":"product_tag-39731","9":"pa_autor-trigueirinho","10":"pa_codigo-da-serie-31985","11":"pa_codigo-externo-00230115porcd","12":"pa_data-de-gravacao-21008","13":"pa_duracao-43min38s","14":"pa_idioma-de-destino-portugues","15":"pa_idioma-de-origem-portugues","16":"pa_lancamento-no","17":"pa_midia-cd","18":"pa_moac-39730","19":"pa_quantidade-de-saldo-33067","20":"pa_sequencial-da-serie-32181","21":"pa_tipo-de-traducao-nao-classificado","23":"first","24":"outofstock","25":"product-type-simple"},"acf":[],"_links":{"self":[{"href":"https:\/\/www.irdin.org.br\/site\/wp-json\/wp\/v2\/product\/83201","targetHints":{"allow":["GET"]}}],"collection":[{"href":"https:\/\/www.irdin.org.br\/site\/wp-json\/wp\/v2\/product"}],"about":[{"href":"https:\/\/www.irdin.org.br\/site\/wp-json\/wp\/v2\/types\/product"}],"version-history":[{"count":1,"href":"https:\/\/www.irdin.org.br\/site\/wp-json\/wp\/v2\/product\/83201\/revisions"}],"predecessor-version":[{"id":108979,"href":"https:\/\/www.irdin.org.br\/site\/wp-json\/wp\/v2\/product\/83201\/revisions\/108979"}],"wp:featuredmedia":[{"embeddable":true,"href":"https:\/\/www.irdin.org.br\/site\/wp-json\/wp\/v2\/media\/37803"}],"wp:attachment":[{"href":"https:\/\/www.irdin.org.br\/site\/wp-json\/wp\/v2\/media?parent=83201"}],"wp:term":[{"taxonomy":"product_brand","embeddable":true,"href":"https:\/\/www.irdin.org.br\/site\/wp-json\/wp\/v2\/product_brand?post=83201"},{"taxonomy":"product_cat","embeddable":true,"href":"https:\/\/www.irdin.org.br\/site\/wp-json\/wp\/v2\/product_cat?post=83201"},{"taxonomy":"product_tag","embeddable":true,"href":"https:\/\/www.irdin.org.br\/site\/wp-json\/wp\/v2\/product_tag?post=83201"}],"curies":[{"name":"wp","href":"https:\/\/api.w.org\/{rel}","templated":true}]}}