{"id":83202,"date":"2018-04-26T18:17:43","date_gmt":"2018-04-26T18:17:43","guid":{"rendered":"http:\/\/www.irdin.org.br\/site\/produto\/conversas-com-trigueirinho-no-116\/"},"modified":"2025-03-15T22:15:07","modified_gmt":"2025-03-15T22:15:07","slug":"conversas-com-trigueirinho-no-116","status":"publish","type":"product","link":"https:\/\/www.irdin.org.br\/site\/produtos\/conversas-com-trigueirinho-no-116\/","title":{"rendered":"Conversas com Trigueirinho n\u00ba 116"},"content":{"rendered":"<p><em>Pontualidade \/ Chamado interno \/ Recorda\u00e7\u00f5es sup\u00e9rfluas \/ Encarna\u00e7\u00f5es de s\u00edntese \/ Despreocupar-se do pr\u00f3prio desenvolvimento \/ Purifica\u00e7\u00e3o na vida di\u00e1ria \/ Matan\u00e7a de animais, guerras e equil\u00edbrio c\u00e1rmico \/ Retiro e vig\u00edlia \/ Amor espiritual \/ Durante o sono, prepara\u00e7\u00e3o para os tempos atuais<\/em><\/p>\n<p>&nbsp;<br \/>\n<strong>Ou\u00e7a agora:<\/strong><\/p>\n<p><span data-href=\"https:\/\/www.irdin.org.br\/site\/envios\/audios\/0023_0116__por_por__conversas_com_trigueirinho_n116.mp3\" data-title=\"conversas com trigueirinho n\u00ba 116\" data-rel=\"\" data-target=\"\" data-meta=\"#fap-meta-6a07294e6f532\" class=\"fap-single-track fap-track-button fap-play-button\" data-enqueue=\"no\" data-autoenqueue=\"no\" title=\"conversas com trigueirinho n\u00ba 116\"><span class=\"fap-icon-play\"><\/span>Ouvir<\/span> <a href=\"https:\/\/www.irdin.org.br\/site\/envios\/audios\/0023_0116__por_por__conversas_com_trigueirinho_n116.mp3\" class=\"baixar\" download><span class=\"fa fa-arrow-down\"><\/span>Baixar<\/span><\/a> <span class=\"textobaixar\"> conversas com trigueirinho n\u00ba 116<\/span><\/p>\n<p>&nbsp;<\/p>\n","protected":false},"excerpt":{"rendered":"<p>Pontualidade \/ Chamado interno \/ Recorda\u00e7\u00f5es sup\u00e9rfluas \/ Encarna\u00e7\u00f5es de s\u00edntese \/ Despreocupar-se do pr\u00f3prio desenvolvimento \/ Purifica\u00e7\u00e3o na vida<\/p>\n","protected":false},"featured_media":37803,"template":"","meta":{"_acf_changed":false},"product_brand":[],"product_cat":[18076,33068],"product_tag":[39733],"class_list":{"0":"post-83202","1":"product","2":"type-product","3":"status-publish","4":"has-post-thumbnail","6":"product_cat-cddvd","7":"product_cat-palestras","8":"product_tag-39733","9":"pa_autor-trigueirinho","10":"pa_codigo-da-serie-31985","11":"pa_codigo-externo-00230116porcd","12":"pa_data-de-gravacao-21012","13":"pa_duracao-41min46s","14":"pa_idioma-de-destino-portugues","15":"pa_idioma-de-origem-portugues","16":"pa_lancamento-no","17":"pa_midia-cd","18":"pa_moac-39732","19":"pa_quantidade-de-saldo-33067","20":"pa_sequencial-da-serie-32184","21":"pa_tipo-de-traducao-nao-classificado","23":"first","24":"outofstock","25":"product-type-simple"},"acf":[],"_links":{"self":[{"href":"https:\/\/www.irdin.org.br\/site\/wp-json\/wp\/v2\/product\/83202","targetHints":{"allow":["GET"]}}],"collection":[{"href":"https:\/\/www.irdin.org.br\/site\/wp-json\/wp\/v2\/product"}],"about":[{"href":"https:\/\/www.irdin.org.br\/site\/wp-json\/wp\/v2\/types\/product"}],"version-history":[{"count":1,"href":"https:\/\/www.irdin.org.br\/site\/wp-json\/wp\/v2\/product\/83202\/revisions"}],"predecessor-version":[{"id":108980,"href":"https:\/\/www.irdin.org.br\/site\/wp-json\/wp\/v2\/product\/83202\/revisions\/108980"}],"wp:featuredmedia":[{"embeddable":true,"href":"https:\/\/www.irdin.org.br\/site\/wp-json\/wp\/v2\/media\/37803"}],"wp:attachment":[{"href":"https:\/\/www.irdin.org.br\/site\/wp-json\/wp\/v2\/media?parent=83202"}],"wp:term":[{"taxonomy":"product_brand","embeddable":true,"href":"https:\/\/www.irdin.org.br\/site\/wp-json\/wp\/v2\/product_brand?post=83202"},{"taxonomy":"product_cat","embeddable":true,"href":"https:\/\/www.irdin.org.br\/site\/wp-json\/wp\/v2\/product_cat?post=83202"},{"taxonomy":"product_tag","embeddable":true,"href":"https:\/\/www.irdin.org.br\/site\/wp-json\/wp\/v2\/product_tag?post=83202"}],"curies":[{"name":"wp","href":"https:\/\/api.w.org\/{rel}","templated":true}]}}