{"id":83217,"date":"2018-04-26T18:17:43","date_gmt":"2018-04-26T18:17:43","guid":{"rendered":"http:\/\/www.irdin.org.br\/site\/produto\/conversas-com-trigueirinho-no-131\/"},"modified":"2025-03-15T22:15:59","modified_gmt":"2025-03-15T22:15:59","slug":"conversas-com-trigueirinho-no-131","status":"publish","type":"product","link":"https:\/\/www.irdin.org.br\/site\/produtos\/conversas-com-trigueirinho-no-131\/","title":{"rendered":"Conversas com Trigueirinho n\u00ba 131"},"content":{"rendered":"<p><em>Humildade \/ Dissolu\u00e7\u00e3o do medo \/ Igualdade \/ Entrega da alma e da personalidade \/ Dificuldades com t\u00e9cnicas artificiais no caminho espiritual \/ Transforma\u00e7\u00e3o da mat\u00e9ria e eleva\u00e7\u00e3o \/ Perd\u00e3o e cura \/ Ajuda efetiva aos demais \/ Sono, banho e retiro \/ Renova\u00e7\u00e3o de votos internos<\/em><\/p>\n<p>&nbsp;<br \/>\n<strong>Ou\u00e7a agora:<\/strong><\/p>\n<p><span data-href=\"https:\/\/www.irdin.org.br\/site\/envios\/audios\/0023_0131__por_por__conversas_com_trigueirinho_n131.mp3\" data-title=\"conversas com trigueirinho n\u00ba 131\" data-rel=\"\" data-target=\"\" data-meta=\"#fap-meta-69e53dd691696\" class=\"fap-single-track fap-track-button fap-play-button\" data-enqueue=\"no\" data-autoenqueue=\"no\" title=\"conversas com trigueirinho n\u00ba 131\"><span class=\"fap-icon-play\"><\/span>Ouvir<\/span> <a href=\"https:\/\/www.irdin.org.br\/site\/envios\/audios\/0023_0131__por_por__conversas_com_trigueirinho_n131.mp3\" class=\"baixar\" download><span class=\"fa fa-arrow-down\"><\/span>Baixar<\/span><\/a> <span class=\"textobaixar\"> conversas com trigueirinho n\u00ba 131<\/span><\/p>\n<p>&nbsp;<\/p>\n","protected":false},"excerpt":{"rendered":"<p>Humildade \/ Dissolu\u00e7\u00e3o do medo \/ Igualdade \/ Entrega da alma e da personalidade \/ Dificuldades com t\u00e9cnicas artificiais no<\/p>\n","protected":false},"featured_media":37803,"template":"","meta":{"_acf_changed":false},"product_brand":[],"product_cat":[18076,33068],"product_tag":[39763],"class_list":{"0":"post-83217","1":"product","2":"type-product","3":"status-publish","4":"has-post-thumbnail","6":"product_cat-cddvd","7":"product_cat-palestras","8":"product_tag-39763","9":"pa_autor-trigueirinho","10":"pa_codigo-da-serie-31985","11":"pa_codigo-externo-00230131porcd","12":"pa_data-de-gravacao-21064","13":"pa_duracao-50min52s","14":"pa_idioma-de-destino-portugues","15":"pa_idioma-de-origem-portugues","16":"pa_lancamento-no","17":"pa_midia-cd","18":"pa_moac-39762","19":"pa_quantidade-de-saldo-33067","20":"pa_sequencial-da-serie-32220","21":"pa_tipo-de-traducao-nao-classificado","23":"first","24":"outofstock","25":"product-type-simple"},"acf":[],"_links":{"self":[{"href":"https:\/\/www.irdin.org.br\/site\/wp-json\/wp\/v2\/product\/83217","targetHints":{"allow":["GET"]}}],"collection":[{"href":"https:\/\/www.irdin.org.br\/site\/wp-json\/wp\/v2\/product"}],"about":[{"href":"https:\/\/www.irdin.org.br\/site\/wp-json\/wp\/v2\/types\/product"}],"version-history":[{"count":1,"href":"https:\/\/www.irdin.org.br\/site\/wp-json\/wp\/v2\/product\/83217\/revisions"}],"predecessor-version":[{"id":107717,"href":"https:\/\/www.irdin.org.br\/site\/wp-json\/wp\/v2\/product\/83217\/revisions\/107717"}],"wp:featuredmedia":[{"embeddable":true,"href":"https:\/\/www.irdin.org.br\/site\/wp-json\/wp\/v2\/media\/37803"}],"wp:attachment":[{"href":"https:\/\/www.irdin.org.br\/site\/wp-json\/wp\/v2\/media?parent=83217"}],"wp:term":[{"taxonomy":"product_brand","embeddable":true,"href":"https:\/\/www.irdin.org.br\/site\/wp-json\/wp\/v2\/product_brand?post=83217"},{"taxonomy":"product_cat","embeddable":true,"href":"https:\/\/www.irdin.org.br\/site\/wp-json\/wp\/v2\/product_cat?post=83217"},{"taxonomy":"product_tag","embeddable":true,"href":"https:\/\/www.irdin.org.br\/site\/wp-json\/wp\/v2\/product_tag?post=83217"}],"curies":[{"name":"wp","href":"https:\/\/api.w.org\/{rel}","templated":true}]}}