{"id":83218,"date":"2018-04-26T18:18:01","date_gmt":"2018-04-26T18:18:01","guid":{"rendered":"http:\/\/www.irdin.org.br\/site\/produto\/conversas-com-trigueirinho-no-132\/"},"modified":"2025-03-15T21:31:59","modified_gmt":"2025-03-15T21:31:59","slug":"conversas-com-trigueirinho-no-132","status":"publish","type":"product","link":"https:\/\/www.irdin.org.br\/site\/produtos\/conversas-com-trigueirinho-no-132\/","title":{"rendered":"Conversas com Trigueirinho n\u00ba 132"},"content":{"rendered":"<p><em>Sentimentos positivos \/ Matrim\u00f4nio e aprendizagem \/ Comunica\u00e7\u00f5es espirituais \/ Drogas \/ A que Hierarquia pertencemos? \/ O destino do planeta e da humanidade \/ Proveni\u00eancia das for\u00e7as involutivas \/ Agressividade \/ A tarefa de despoluir a Terra \/ Retiros erem\u00edticos e banhos \/ \u00c1gua e estabiliza\u00e7\u00e3o dos corpos \/ Mantras<\/em><\/p>\n<p>&nbsp;<br \/>\n<strong>Ou\u00e7a agora:<\/strong><\/p>\n<p><span data-href=\"https:\/\/www.irdin.org.br\/site\/envios\/audios\/0023_0132__por_por__conversas_com_trigueirinho_n132.mp3\" data-title=\"conversas com trigueirinho n\u00ba 132\" data-rel=\"\" data-target=\"\" data-meta=\"#fap-meta-69e522a3be356\" class=\"fap-single-track fap-track-button fap-play-button\" data-enqueue=\"no\" data-autoenqueue=\"no\" title=\"conversas com trigueirinho n\u00ba 132\"><span class=\"fap-icon-play\"><\/span>Ouvir<\/span> <a href=\"https:\/\/www.irdin.org.br\/site\/envios\/audios\/0023_0132__por_por__conversas_com_trigueirinho_n132.mp3\" class=\"baixar\" download><span class=\"fa fa-arrow-down\"><\/span>Baixar<\/span><\/a> <span class=\"textobaixar\"> conversas com trigueirinho n\u00ba 132<\/span><\/p>\n<p>&nbsp;<\/p>\n","protected":false},"excerpt":{"rendered":"<p>Sentimentos positivos \/ Matrim\u00f4nio e aprendizagem \/ Comunica\u00e7\u00f5es espirituais \/ Drogas \/ A que Hierarquia pertencemos? \/ O destino do<\/p>\n","protected":false},"featured_media":37803,"template":"","meta":{"_acf_changed":false},"product_brand":[],"product_cat":[18076,33068],"product_tag":[39765],"class_list":{"0":"post-83218","1":"product","2":"type-product","3":"status-publish","4":"has-post-thumbnail","6":"product_cat-cddvd","7":"product_cat-palestras","8":"product_tag-39765","9":"pa_autor-trigueirinho","10":"pa_codigo-da-serie-31985","11":"pa_codigo-externo-00230132porcd","12":"pa_data-de-gravacao-21068","13":"pa_duracao-46min40s","14":"pa_idioma-de-destino-portugues","15":"pa_idioma-de-origem-portugues","16":"pa_lancamento-no","17":"pa_midia-cd","18":"pa_moac-39764","19":"pa_quantidade-de-saldo-33067","20":"pa_sequencial-da-serie-32222","21":"pa_tipo-de-traducao-nao-classificado","23":"first","24":"outofstock","25":"product-type-simple"},"acf":[],"_links":{"self":[{"href":"https:\/\/www.irdin.org.br\/site\/wp-json\/wp\/v2\/product\/83218","targetHints":{"allow":["GET"]}}],"collection":[{"href":"https:\/\/www.irdin.org.br\/site\/wp-json\/wp\/v2\/product"}],"about":[{"href":"https:\/\/www.irdin.org.br\/site\/wp-json\/wp\/v2\/types\/product"}],"version-history":[{"count":1,"href":"https:\/\/www.irdin.org.br\/site\/wp-json\/wp\/v2\/product\/83218\/revisions"}],"predecessor-version":[{"id":108965,"href":"https:\/\/www.irdin.org.br\/site\/wp-json\/wp\/v2\/product\/83218\/revisions\/108965"}],"wp:featuredmedia":[{"embeddable":true,"href":"https:\/\/www.irdin.org.br\/site\/wp-json\/wp\/v2\/media\/37803"}],"wp:attachment":[{"href":"https:\/\/www.irdin.org.br\/site\/wp-json\/wp\/v2\/media?parent=83218"}],"wp:term":[{"taxonomy":"product_brand","embeddable":true,"href":"https:\/\/www.irdin.org.br\/site\/wp-json\/wp\/v2\/product_brand?post=83218"},{"taxonomy":"product_cat","embeddable":true,"href":"https:\/\/www.irdin.org.br\/site\/wp-json\/wp\/v2\/product_cat?post=83218"},{"taxonomy":"product_tag","embeddable":true,"href":"https:\/\/www.irdin.org.br\/site\/wp-json\/wp\/v2\/product_tag?post=83218"}],"curies":[{"name":"wp","href":"https:\/\/api.w.org\/{rel}","templated":true}]}}