{"id":83226,"date":"2018-04-26T18:18:01","date_gmt":"2018-04-26T18:18:01","guid":{"rendered":"http:\/\/www.irdin.org.br\/site\/produto\/conversas-com-trigueirinho-no-140\/"},"modified":"2024-09-27T13:12:54","modified_gmt":"2024-09-27T13:12:54","slug":"conversas-com-trigueirinho-no-140","status":"publish","type":"product","link":"https:\/\/www.irdin.org.br\/site\/produtos\/conversas-com-trigueirinho-no-140\/","title":{"rendered":"Conversas com Trigueirinho n\u00ba 140"},"content":{"rendered":"<p><em>O valor da pr\u00f3pria op\u00e7\u00e3o \/ Cumprimento das tarefas do Plano \/ Sonho com crian\u00e7a para nascer \/ Psicoterapia \/ Busca da luz \/ Bases da cura \/ S\u00edntese \/ A Lei do Servi\u00e7o e a da Manifesta\u00e7\u00e3o \/ Consci\u00eancias e naves \/ Para que encarnamos \/ Cura pelo servi\u00e7o \/ O sentido da vida \/ Optar pelo servi\u00e7o \/ A aura \/ Supera\u00e7\u00e3o do medo \/ A multiplica\u00e7\u00e3o das coisas positivas<\/em><\/p>\n<p>&nbsp;<br \/>\n<strong>Ou\u00e7a agora:<\/strong><\/p>\n<p><span data-href=\"https:\/\/www.irdin.org.br\/site\/envios\/audios\/0023_0140__por_por__conversas_com_trigueirinho_n140.mp3\" data-title=\"conversas com trigueirinho n\u00ba 140\" data-rel=\"\" data-target=\"\" data-meta=\"#fap-meta-69ff71a7ddf91\" class=\"fap-single-track fap-track-button fap-play-button\" data-enqueue=\"no\" data-autoenqueue=\"no\" title=\"conversas com trigueirinho n\u00ba 140\"><span class=\"fap-icon-play\"><\/span>Ouvir<\/span> <a href=\"https:\/\/www.irdin.org.br\/site\/envios\/audios\/0023_0140__por_por__conversas_com_trigueirinho_n140.mp3\" class=\"baixar\" download><span class=\"fa fa-arrow-down\"><\/span>Baixar<\/span><\/a> <span class=\"textobaixar\"> conversas com trigueirinho n\u00ba 140<\/span><\/p>\n<p>&nbsp;<\/p>\n","protected":false},"excerpt":{"rendered":"<p>O valor da pr\u00f3pria op\u00e7\u00e3o \/ Cumprimento das tarefas do Plano \/ Sonho com crian\u00e7a para nascer \/ Psicoterapia \/<\/p>\n","protected":false},"featured_media":37803,"template":"","meta":{"_acf_changed":false},"product_brand":[],"product_cat":[18076,33068],"product_tag":[39781],"class_list":{"0":"post-83226","1":"product","2":"type-product","3":"status-publish","4":"has-post-thumbnail","6":"product_cat-cddvd","7":"product_cat-palestras","8":"product_tag-39781","9":"pa_autor-trigueirinho","10":"pa_codigo-da-serie-31985","11":"pa_codigo-externo-00230140porcd","12":"pa_data-de-gravacao-18968","13":"pa_duracao-49min2s","14":"pa_idioma-de-destino-portugues","15":"pa_idioma-de-origem-portugues","16":"pa_lancamento-no","17":"pa_midia-cd","18":"pa_moac-39780","19":"pa_quantidade-de-saldo-33067","20":"pa_sequencial-da-serie-32246","21":"pa_tipo-de-traducao-nao-classificado","23":"first","24":"outofstock","25":"product-type-simple"},"acf":[],"_links":{"self":[{"href":"https:\/\/www.irdin.org.br\/site\/wp-json\/wp\/v2\/product\/83226","targetHints":{"allow":["GET"]}}],"collection":[{"href":"https:\/\/www.irdin.org.br\/site\/wp-json\/wp\/v2\/product"}],"about":[{"href":"https:\/\/www.irdin.org.br\/site\/wp-json\/wp\/v2\/types\/product"}],"version-history":[{"count":1,"href":"https:\/\/www.irdin.org.br\/site\/wp-json\/wp\/v2\/product\/83226\/revisions"}],"predecessor-version":[{"id":107726,"href":"https:\/\/www.irdin.org.br\/site\/wp-json\/wp\/v2\/product\/83226\/revisions\/107726"}],"wp:featuredmedia":[{"embeddable":true,"href":"https:\/\/www.irdin.org.br\/site\/wp-json\/wp\/v2\/media\/37803"}],"wp:attachment":[{"href":"https:\/\/www.irdin.org.br\/site\/wp-json\/wp\/v2\/media?parent=83226"}],"wp:term":[{"taxonomy":"product_brand","embeddable":true,"href":"https:\/\/www.irdin.org.br\/site\/wp-json\/wp\/v2\/product_brand?post=83226"},{"taxonomy":"product_cat","embeddable":true,"href":"https:\/\/www.irdin.org.br\/site\/wp-json\/wp\/v2\/product_cat?post=83226"},{"taxonomy":"product_tag","embeddable":true,"href":"https:\/\/www.irdin.org.br\/site\/wp-json\/wp\/v2\/product_tag?post=83226"}],"curies":[{"name":"wp","href":"https:\/\/api.w.org\/{rel}","templated":true}]}}