{"id":83227,"date":"2018-04-26T18:18:01","date_gmt":"2018-04-26T18:18:01","guid":{"rendered":"http:\/\/www.irdin.org.br\/site\/produto\/conversas-com-trigueirinho-no-141\/"},"modified":"2024-09-27T13:13:02","modified_gmt":"2024-09-27T13:13:02","slug":"conversas-com-trigueirinho-no-141","status":"publish","type":"product","link":"https:\/\/www.irdin.org.br\/site\/produtos\/conversas-com-trigueirinho-no-141\/","title":{"rendered":"Conversas com Trigueirinho n\u00ba 141"},"content":{"rendered":"<p><em>Percep\u00e7\u00f5es internas \/ Alegria, felicidade, contentamento, prazer \/ Intervalo entre encarna\u00e7\u00f5es \/ Almas de compaix\u00e3o \/ Tansmuta\u00e7\u00e3o mon\u00e1dica \/ Alcoolismo e obsess\u00e3o \/ Dissolu\u00e7\u00e3o de dores \/ Oscila\u00e7\u00f5es no caminho \/ Servi\u00e7o das almas \/ Desapego \/ Autocontrole \/ Sonhos sem imagens \/ Anjos<\/em><\/p>\n<p>&nbsp;<br \/>\n<strong>Ou\u00e7a agora:<\/strong><\/p>\n<p><span data-href=\"https:\/\/www.irdin.org.br\/site\/envios\/audios\/0023_0141__por_por__conversas_com_trigueirinho_n141.mp3\" data-title=\"conversas com trigueirinho n\u00ba 141\" data-rel=\"\" data-target=\"\" data-meta=\"#fap-meta-69ff5e6b72d2e\" class=\"fap-single-track fap-track-button fap-play-button\" data-enqueue=\"no\" data-autoenqueue=\"no\" title=\"conversas com trigueirinho n\u00ba 141\"><span class=\"fap-icon-play\"><\/span>Ouvir<\/span> <a href=\"https:\/\/www.irdin.org.br\/site\/envios\/audios\/0023_0141__por_por__conversas_com_trigueirinho_n141.mp3\" class=\"baixar\" download><span class=\"fa fa-arrow-down\"><\/span>Baixar<\/span><\/a> <span class=\"textobaixar\"> conversas com trigueirinho n\u00ba 141<\/span><\/p>\n<p>&nbsp;<\/p>\n","protected":false},"excerpt":{"rendered":"<p>Percep\u00e7\u00f5es internas \/ Alegria, felicidade, contentamento, prazer \/ Intervalo entre encarna\u00e7\u00f5es \/ Almas de compaix\u00e3o \/ Tansmuta\u00e7\u00e3o mon\u00e1dica \/ Alcoolismo<\/p>\n","protected":false},"featured_media":37803,"template":"","meta":{"_acf_changed":false},"product_brand":[],"product_cat":[18076,33068],"product_tag":[39783],"class_list":{"0":"post-83227","1":"product","2":"type-product","3":"status-publish","4":"has-post-thumbnail","6":"product_cat-cddvd","7":"product_cat-palestras","8":"product_tag-39783","9":"pa_autor-trigueirinho","10":"pa_codigo-da-serie-31985","11":"pa_codigo-externo-00230141porcd","12":"pa_data-de-gravacao-21098","13":"pa_duracao-53min","14":"pa_idioma-de-destino-portugues","15":"pa_idioma-de-origem-portugues","16":"pa_lancamento-no","17":"pa_midia-cd","18":"pa_moac-39782","19":"pa_quantidade-de-saldo-33067","20":"pa_sequencial-da-serie-32249","21":"pa_tipo-de-traducao-nao-classificado","23":"first","24":"outofstock","25":"product-type-simple"},"acf":[],"_links":{"self":[{"href":"https:\/\/www.irdin.org.br\/site\/wp-json\/wp\/v2\/product\/83227","targetHints":{"allow":["GET"]}}],"collection":[{"href":"https:\/\/www.irdin.org.br\/site\/wp-json\/wp\/v2\/product"}],"about":[{"href":"https:\/\/www.irdin.org.br\/site\/wp-json\/wp\/v2\/types\/product"}],"version-history":[{"count":1,"href":"https:\/\/www.irdin.org.br\/site\/wp-json\/wp\/v2\/product\/83227\/revisions"}],"predecessor-version":[{"id":107727,"href":"https:\/\/www.irdin.org.br\/site\/wp-json\/wp\/v2\/product\/83227\/revisions\/107727"}],"wp:featuredmedia":[{"embeddable":true,"href":"https:\/\/www.irdin.org.br\/site\/wp-json\/wp\/v2\/media\/37803"}],"wp:attachment":[{"href":"https:\/\/www.irdin.org.br\/site\/wp-json\/wp\/v2\/media?parent=83227"}],"wp:term":[{"taxonomy":"product_brand","embeddable":true,"href":"https:\/\/www.irdin.org.br\/site\/wp-json\/wp\/v2\/product_brand?post=83227"},{"taxonomy":"product_cat","embeddable":true,"href":"https:\/\/www.irdin.org.br\/site\/wp-json\/wp\/v2\/product_cat?post=83227"},{"taxonomy":"product_tag","embeddable":true,"href":"https:\/\/www.irdin.org.br\/site\/wp-json\/wp\/v2\/product_tag?post=83227"}],"curies":[{"name":"wp","href":"https:\/\/api.w.org\/{rel}","templated":true}]}}