{"id":83228,"date":"2018-04-26T18:18:01","date_gmt":"2018-04-26T18:18:01","guid":{"rendered":"http:\/\/www.irdin.org.br\/site\/produto\/conversas-com-trigueirinho-no-142\/"},"modified":"2024-09-27T13:13:09","modified_gmt":"2024-09-27T13:13:09","slug":"conversas-com-trigueirinho-no-142","status":"publish","type":"product","link":"https:\/\/www.irdin.org.br\/site\/produtos\/conversas-com-trigueirinho-no-142\/","title":{"rendered":"Conversas com Trigueirinho n\u00ba 142"},"content":{"rendered":"<p><em>Desapego \/ \u00c1reas privilegiadas do planeta \/ Provas \/ A vontade, o amor e a atividade da alma \/ Os corpos materiais como instrumento da alma \/ Quando a alma passa a ser usada pela m\u00f4nada \/ O cora\u00e7\u00e3o como ve\u00edculo das energias da alma \/ Sabedoria do cora\u00e7\u00e3o \/ Intui\u00e7\u00e3o e percep\u00e7\u00e3o do cora\u00e7\u00e3o \/ Viver guiado pelo cora\u00e7\u00e3o<\/em><\/p>\n<p>&nbsp;<br \/>\n<strong>Ou\u00e7a agora:<\/strong><\/p>\n<p><span data-href=\"https:\/\/www.irdin.org.br\/site\/envios\/audios\/0023_0142__por_por__conversas_com_trigueirinho_n142.mp3\" data-title=\"conversas com trigueirinho n\u00ba 142\" data-rel=\"\" data-target=\"\" data-meta=\"#fap-meta-69e1cbfd31c1d\" class=\"fap-single-track fap-track-button fap-play-button\" data-enqueue=\"no\" data-autoenqueue=\"no\" title=\"conversas com trigueirinho n\u00ba 142\"><span class=\"fap-icon-play\"><\/span>Ouvir<\/span> <a href=\"https:\/\/www.irdin.org.br\/site\/envios\/audios\/0023_0142__por_por__conversas_com_trigueirinho_n142.mp3\" class=\"baixar\" download><span class=\"fa fa-arrow-down\"><\/span>Baixar<\/span><\/a> <span class=\"textobaixar\"> conversas com trigueirinho n\u00ba 142<\/span><\/p>\n<p>&nbsp;<\/p>\n","protected":false},"excerpt":{"rendered":"<p>Desapego \/ \u00c1reas privilegiadas do planeta \/ Provas \/ A vontade, o amor e a atividade da alma \/ Os<\/p>\n","protected":false},"featured_media":37803,"template":"","meta":{"_acf_changed":false},"product_brand":[],"product_cat":[18076,33068],"product_tag":[39785],"class_list":{"0":"post-83228","1":"product","2":"type-product","3":"status-publish","4":"has-post-thumbnail","6":"product_cat-cddvd","7":"product_cat-palestras","8":"product_tag-39785","9":"pa_autor-trigueirinho","10":"pa_codigo-da-serie-31985","11":"pa_codigo-externo-00230142porcd","12":"pa_data-de-gravacao-21101","13":"pa_duracao-44min51s","14":"pa_idioma-de-destino-portugues","15":"pa_idioma-de-origem-portugues","16":"pa_lancamento-no","17":"pa_midia-cd","18":"pa_moac-39784","19":"pa_quantidade-de-saldo-33067","20":"pa_sequencial-da-serie-32251","21":"pa_tipo-de-traducao-nao-classificado","23":"first","24":"outofstock","25":"product-type-simple"},"acf":[],"_links":{"self":[{"href":"https:\/\/www.irdin.org.br\/site\/wp-json\/wp\/v2\/product\/83228","targetHints":{"allow":["GET"]}}],"collection":[{"href":"https:\/\/www.irdin.org.br\/site\/wp-json\/wp\/v2\/product"}],"about":[{"href":"https:\/\/www.irdin.org.br\/site\/wp-json\/wp\/v2\/types\/product"}],"version-history":[{"count":1,"href":"https:\/\/www.irdin.org.br\/site\/wp-json\/wp\/v2\/product\/83228\/revisions"}],"predecessor-version":[{"id":107728,"href":"https:\/\/www.irdin.org.br\/site\/wp-json\/wp\/v2\/product\/83228\/revisions\/107728"}],"wp:featuredmedia":[{"embeddable":true,"href":"https:\/\/www.irdin.org.br\/site\/wp-json\/wp\/v2\/media\/37803"}],"wp:attachment":[{"href":"https:\/\/www.irdin.org.br\/site\/wp-json\/wp\/v2\/media?parent=83228"}],"wp:term":[{"taxonomy":"product_brand","embeddable":true,"href":"https:\/\/www.irdin.org.br\/site\/wp-json\/wp\/v2\/product_brand?post=83228"},{"taxonomy":"product_cat","embeddable":true,"href":"https:\/\/www.irdin.org.br\/site\/wp-json\/wp\/v2\/product_cat?post=83228"},{"taxonomy":"product_tag","embeddable":true,"href":"https:\/\/www.irdin.org.br\/site\/wp-json\/wp\/v2\/product_tag?post=83228"}],"curies":[{"name":"wp","href":"https:\/\/api.w.org\/{rel}","templated":true}]}}