{"id":83232,"date":"2018-04-26T18:18:01","date_gmt":"2018-04-26T18:18:01","guid":{"rendered":"http:\/\/www.irdin.org.br\/site\/produto\/conversas-com-trigueirinho-no-146\/"},"modified":"2024-09-27T13:14:00","modified_gmt":"2024-09-27T13:14:00","slug":"conversas-com-trigueirinho-no-146","status":"publish","type":"product","link":"https:\/\/www.irdin.org.br\/site\/produtos\/conversas-com-trigueirinho-no-146\/","title":{"rendered":"Conversas com Trigueirinho n\u00ba 146"},"content":{"rendered":"<p><em>Naves encobertas \/ Caminhar pela f\u00e9 \/ Transmuta\u00e7\u00e3o de for\u00e7as involutivas \/ Harmonia das mudan\u00e7as vindas da ess\u00eancia do ser \/ Obedi\u00eancia, orienta\u00e7\u00e3o interior e ajudas \/ A s\u00edntese do que a humanidade j\u00e1 desenvolveu \/ Como auxiliar o mundo hoje \/ Invoca\u00e7\u00e3o \u00e0 M\u00e3e do Mundo e colabora\u00e7\u00e3o na evolu\u00e7\u00e3o da mat\u00e9ria planet\u00e1ria<\/em><\/p>\n<p>&nbsp;<br \/>\n<strong>Ou\u00e7a agora:<\/strong><\/p>\n<p><span data-href=\"https:\/\/www.irdin.org.br\/site\/envios\/audios\/0023_0146__por_por__conversas_com_trigueirinho_n146.mp3\" data-title=\"conversas com trigueirinho n\u00ba 146\" data-rel=\"\" data-target=\"\" data-meta=\"#fap-meta-69ff2588d7fe4\" class=\"fap-single-track fap-track-button fap-play-button\" data-enqueue=\"no\" data-autoenqueue=\"no\" title=\"conversas com trigueirinho n\u00ba 146\"><span class=\"fap-icon-play\"><\/span>Ouvir<\/span> <a href=\"https:\/\/www.irdin.org.br\/site\/envios\/audios\/0023_0146__por_por__conversas_com_trigueirinho_n146.mp3\" class=\"baixar\" download><span class=\"fa fa-arrow-down\"><\/span>Baixar<\/span><\/a> <span class=\"textobaixar\"> conversas com trigueirinho n\u00ba 146<\/span><\/p>\n<p>&nbsp;<\/p>\n","protected":false},"excerpt":{"rendered":"<p>Naves encobertas \/ Caminhar pela f\u00e9 \/ Transmuta\u00e7\u00e3o de for\u00e7as involutivas \/ Harmonia das mudan\u00e7as vindas da ess\u00eancia do ser<\/p>\n","protected":false},"featured_media":37803,"template":"","meta":{"_acf_changed":false},"product_brand":[],"product_cat":[18076,33068],"product_tag":[39793],"class_list":{"0":"post-83232","1":"product","2":"type-product","3":"status-publish","4":"has-post-thumbnail","6":"product_cat-cddvd","7":"product_cat-palestras","8":"product_tag-39793","9":"pa_autor-trigueirinho","10":"pa_codigo-da-serie-31985","11":"pa_codigo-externo-00230146porcd","12":"pa_data-de-gravacao-21115","13":"pa_duracao-45min20s","14":"pa_idioma-de-destino-portugues","15":"pa_idioma-de-origem-portugues","16":"pa_lancamento-no","17":"pa_midia-cd","18":"pa_moac-39792","19":"pa_quantidade-de-saldo-33067","20":"pa_sequencial-da-serie-32268","21":"pa_tipo-de-traducao-nao-classificado","23":"first","24":"outofstock","25":"product-type-simple"},"acf":[],"_links":{"self":[{"href":"https:\/\/www.irdin.org.br\/site\/wp-json\/wp\/v2\/product\/83232","targetHints":{"allow":["GET"]}}],"collection":[{"href":"https:\/\/www.irdin.org.br\/site\/wp-json\/wp\/v2\/product"}],"about":[{"href":"https:\/\/www.irdin.org.br\/site\/wp-json\/wp\/v2\/types\/product"}],"version-history":[{"count":1,"href":"https:\/\/www.irdin.org.br\/site\/wp-json\/wp\/v2\/product\/83232\/revisions"}],"predecessor-version":[{"id":107732,"href":"https:\/\/www.irdin.org.br\/site\/wp-json\/wp\/v2\/product\/83232\/revisions\/107732"}],"wp:featuredmedia":[{"embeddable":true,"href":"https:\/\/www.irdin.org.br\/site\/wp-json\/wp\/v2\/media\/37803"}],"wp:attachment":[{"href":"https:\/\/www.irdin.org.br\/site\/wp-json\/wp\/v2\/media?parent=83232"}],"wp:term":[{"taxonomy":"product_brand","embeddable":true,"href":"https:\/\/www.irdin.org.br\/site\/wp-json\/wp\/v2\/product_brand?post=83232"},{"taxonomy":"product_cat","embeddable":true,"href":"https:\/\/www.irdin.org.br\/site\/wp-json\/wp\/v2\/product_cat?post=83232"},{"taxonomy":"product_tag","embeddable":true,"href":"https:\/\/www.irdin.org.br\/site\/wp-json\/wp\/v2\/product_tag?post=83232"}],"curies":[{"name":"wp","href":"https:\/\/api.w.org\/{rel}","templated":true}]}}