{"id":83238,"date":"2018-04-26T18:18:20","date_gmt":"2018-04-26T18:18:20","guid":{"rendered":"http:\/\/www.irdin.org.br\/site\/produto\/conversas-com-trigueirinho-no-152\/"},"modified":"2025-03-15T21:28:49","modified_gmt":"2025-03-15T21:28:49","slug":"conversas-com-trigueirinho-no-152","status":"publish","type":"product","link":"https:\/\/www.irdin.org.br\/site\/produtos\/conversas-com-trigueirinho-no-152\/","title":{"rendered":"Conversas com Trigueirinho n\u00ba 152"},"content":{"rendered":"<p><em>Coordenar \/ Servi\u00e7o a Deus \/ Sutiliza\u00e7\u00e3o da Terra \/ O dia e a noite \/ Cura do medo \/ Hierarquias e aromas \/ Alma andr\u00f3gina \/ N\u00e3o interferir no carma \/ O corpo da alma \/ Integra\u00e7\u00e3o do planeta \/ Julgar e discernir \/ Encontros nos sonhos \/ Limita\u00e7\u00f5es f\u00edsicas \/ Grupos internos \/ Esquecer os sonhos \/ Desligar-se de for\u00e7as involutivas \/ Caminhar por si \/ Curar-se do passado \/ Centros planet\u00e1rios<\/em><\/p>\n<p>&nbsp;<br \/>\n<strong>Ou\u00e7a agora:<\/strong><\/p>\n<p><span data-href=\"https:\/\/www.irdin.org.br\/site\/envios\/audios\/0023_0152__por_por__conversas_com_trigueirinho_n152.mp3\" data-title=\"conversas com trigueirinho n\u00ba 152\" data-rel=\"\" data-target=\"\" data-meta=\"#fap-meta-69e2e520722fe\" class=\"fap-single-track fap-track-button fap-play-button\" data-enqueue=\"no\" data-autoenqueue=\"no\" title=\"conversas com trigueirinho n\u00ba 152\"><span class=\"fap-icon-play\"><\/span>Ouvir<\/span> <a href=\"https:\/\/www.irdin.org.br\/site\/envios\/audios\/0023_0152__por_por__conversas_com_trigueirinho_n152.mp3\" class=\"baixar\" download><span class=\"fa fa-arrow-down\"><\/span>Baixar<\/span><\/a> <span class=\"textobaixar\"> conversas com trigueirinho n\u00ba 152<\/span><\/p>\n<p>&nbsp;<\/p>\n","protected":false},"excerpt":{"rendered":"<p>Coordenar \/ Servi\u00e7o a Deus \/ Sutiliza\u00e7\u00e3o da Terra \/ O dia e a noite \/ Cura do medo \/<\/p>\n","protected":false},"featured_media":37803,"template":"","meta":{"_acf_changed":false},"product_brand":[],"product_cat":[18076,33068],"product_tag":[39805],"class_list":{"0":"post-83238","1":"product","2":"type-product","3":"status-publish","4":"has-post-thumbnail","6":"product_cat-cddvd","7":"product_cat-palestras","8":"product_tag-39805","9":"pa_autor-trigueirinho","10":"pa_codigo-da-serie-31985","11":"pa_codigo-externo-00230152porcd","12":"pa_data-de-gravacao-21138","13":"pa_duracao-48min29s","14":"pa_idioma-de-destino-portugues","15":"pa_idioma-de-origem-portugues","16":"pa_lancamento-no","17":"pa_midia-cd","18":"pa_moac-39804","19":"pa_quantidade-de-saldo-33067","20":"pa_sequencial-da-serie-32287","21":"pa_tipo-de-traducao-nao-classificado","23":"first","24":"outofstock","25":"product-type-simple"},"acf":[],"_links":{"self":[{"href":"https:\/\/www.irdin.org.br\/site\/wp-json\/wp\/v2\/product\/83238","targetHints":{"allow":["GET"]}}],"collection":[{"href":"https:\/\/www.irdin.org.br\/site\/wp-json\/wp\/v2\/product"}],"about":[{"href":"https:\/\/www.irdin.org.br\/site\/wp-json\/wp\/v2\/types\/product"}],"version-history":[{"count":1,"href":"https:\/\/www.irdin.org.br\/site\/wp-json\/wp\/v2\/product\/83238\/revisions"}],"predecessor-version":[{"id":108946,"href":"https:\/\/www.irdin.org.br\/site\/wp-json\/wp\/v2\/product\/83238\/revisions\/108946"}],"wp:featuredmedia":[{"embeddable":true,"href":"https:\/\/www.irdin.org.br\/site\/wp-json\/wp\/v2\/media\/37803"}],"wp:attachment":[{"href":"https:\/\/www.irdin.org.br\/site\/wp-json\/wp\/v2\/media?parent=83238"}],"wp:term":[{"taxonomy":"product_brand","embeddable":true,"href":"https:\/\/www.irdin.org.br\/site\/wp-json\/wp\/v2\/product_brand?post=83238"},{"taxonomy":"product_cat","embeddable":true,"href":"https:\/\/www.irdin.org.br\/site\/wp-json\/wp\/v2\/product_cat?post=83238"},{"taxonomy":"product_tag","embeddable":true,"href":"https:\/\/www.irdin.org.br\/site\/wp-json\/wp\/v2\/product_tag?post=83238"}],"curies":[{"name":"wp","href":"https:\/\/api.w.org\/{rel}","templated":true}]}}