{"id":83241,"date":"2018-04-26T18:18:20","date_gmt":"2018-04-26T18:18:20","guid":{"rendered":"http:\/\/www.irdin.org.br\/site\/produto\/conversas-com-trigueirinho-no-155\/"},"modified":"2025-03-15T21:29:19","modified_gmt":"2025-03-15T21:29:19","slug":"conversas-com-trigueirinho-no-155","status":"publish","type":"product","link":"https:\/\/www.irdin.org.br\/site\/produtos\/conversas-com-trigueirinho-no-155\/","title":{"rendered":"Conversas com Trigueirinho n\u00ba 155"},"content":{"rendered":"<p><em>Gratid\u00e3o a Deus \/ A Hierarquia nos v\u00ea individualmente?\/ Ado\u00e7\u00e3o de crian\u00e7as \/ Como estudar o Gloss\u00e1rio Esot\u00e9rico\u00b4 \/ Grupos espirituais que correspondem a figuras geom\u00e9tricas \/ Conex\u00e3o com o Alto \/ Contatos com centros intra-oce\u00e2nicos \/ Afinidade magn\u00e9tica \/ Magnetismo: express\u00e3o do segundo raio \/ O magnetismo do Brasil \/ O magnetismo dos livros \u00b4Os Oceanos T\u00eam Ouvidos\u00b4 e \u00b4A Voz de Amhaj\u00b4                                                                                                                                                                                                                                                                                                                                                                                                                                                                                                                                                                                                                                                                                                                                                                                                                                                                                                                                                                                                                                                                                                                                                                                                                                                                                                                                                                                                                                                                                                                                                                                                                                                                                                                                                                                                                                                                                                                                                                                                                                                                                                                                                                                                                                                                                                                                                                                                                                                                                                                                                                                                                                                                                                                                                                                                                                                                                                                                                                                                                                                                                                                                                                                                                                                                                                                                                                                                                                                                                                                                                                                                                                                                                                                                                                                                                                                                                                                                                                                                                                                          \u00b4<\/em><\/p>\n<p>&nbsp;<br \/>\n<strong>Ou\u00e7a agora:<\/strong><\/p>\n<p><span data-href=\"https:\/\/www.irdin.org.br\/site\/envios\/audios\/0023_0155__por_por__conversas_com_trigueirinho_n155.mp3\" data-title=\"conversas com trigueirinho n\u00ba 155\" data-rel=\"\" data-target=\"\" data-meta=\"#fap-meta-69ff34d0448f8\" class=\"fap-single-track fap-track-button fap-play-button\" data-enqueue=\"no\" data-autoenqueue=\"no\" title=\"conversas com trigueirinho n\u00ba 155\"><span class=\"fap-icon-play\"><\/span>Ouvir<\/span> <a href=\"https:\/\/www.irdin.org.br\/site\/envios\/audios\/0023_0155__por_por__conversas_com_trigueirinho_n155.mp3\" class=\"baixar\" download><span class=\"fa fa-arrow-down\"><\/span>Baixar<\/span><\/a> <span class=\"textobaixar\"> conversas com trigueirinho n\u00ba 155<\/span><\/p>\n<p>&nbsp;<\/p>\n","protected":false},"excerpt":{"rendered":"<p>Gratid\u00e3o a Deus \/ A Hierarquia nos v\u00ea individualmente?\/ Ado\u00e7\u00e3o de crian\u00e7as \/ Como estudar o Gloss\u00e1rio Esot\u00e9rico\u00b4 \/ Grupos<\/p>\n","protected":false},"featured_media":37803,"template":"","meta":{"_acf_changed":false},"product_brand":[],"product_cat":[18076,33068],"product_tag":[39811],"class_list":{"0":"post-83241","1":"product","2":"type-product","3":"status-publish","4":"has-post-thumbnail","6":"product_cat-cddvd","7":"product_cat-palestras","8":"product_tag-39811","9":"pa_autor-trigueirinho","10":"pa_codigo-da-serie-31985","11":"pa_codigo-externo-00230155porcd","12":"pa_data-de-gravacao-21148","13":"pa_duracao-56min","14":"pa_idioma-de-destino-portugues","15":"pa_idioma-de-origem-portugues","16":"pa_lancamento-no","17":"pa_midia-cd","18":"pa_moac-39810","19":"pa_quantidade-de-saldo-33067","20":"pa_sequencial-da-serie-32296","21":"pa_tipo-de-traducao-nao-classificado","23":"first","24":"outofstock","25":"product-type-simple"},"acf":[],"_links":{"self":[{"href":"https:\/\/www.irdin.org.br\/site\/wp-json\/wp\/v2\/product\/83241","targetHints":{"allow":["GET"]}}],"collection":[{"href":"https:\/\/www.irdin.org.br\/site\/wp-json\/wp\/v2\/product"}],"about":[{"href":"https:\/\/www.irdin.org.br\/site\/wp-json\/wp\/v2\/types\/product"}],"version-history":[{"count":1,"href":"https:\/\/www.irdin.org.br\/site\/wp-json\/wp\/v2\/product\/83241\/revisions"}],"predecessor-version":[{"id":108949,"href":"https:\/\/www.irdin.org.br\/site\/wp-json\/wp\/v2\/product\/83241\/revisions\/108949"}],"wp:featuredmedia":[{"embeddable":true,"href":"https:\/\/www.irdin.org.br\/site\/wp-json\/wp\/v2\/media\/37803"}],"wp:attachment":[{"href":"https:\/\/www.irdin.org.br\/site\/wp-json\/wp\/v2\/media?parent=83241"}],"wp:term":[{"taxonomy":"product_brand","embeddable":true,"href":"https:\/\/www.irdin.org.br\/site\/wp-json\/wp\/v2\/product_brand?post=83241"},{"taxonomy":"product_cat","embeddable":true,"href":"https:\/\/www.irdin.org.br\/site\/wp-json\/wp\/v2\/product_cat?post=83241"},{"taxonomy":"product_tag","embeddable":true,"href":"https:\/\/www.irdin.org.br\/site\/wp-json\/wp\/v2\/product_tag?post=83241"}],"curies":[{"name":"wp","href":"https:\/\/api.w.org\/{rel}","templated":true}]}}