{"id":83254,"date":"2018-04-26T18:18:20","date_gmt":"2018-04-26T18:18:20","guid":{"rendered":"http:\/\/www.irdin.org.br\/site\/produto\/conversas-com-trigueirinho-no-169\/"},"modified":"2025-03-15T21:31:07","modified_gmt":"2025-03-15T21:31:07","slug":"conversas-com-trigueirinho-no-169","status":"publish","type":"product","link":"https:\/\/www.irdin.org.br\/site\/produtos\/conversas-com-trigueirinho-no-169\/","title":{"rendered":"Conversas com Trigueirinho n\u00ba 169"},"content":{"rendered":"<p><em>Ajuda dos centros planet\u00e1rios \/ Trabalho com o reino d\u00e9vico \/ Inadaptabilidade a um centro de cura \/ Despojamento \/ Obsess\u00e3o \/ Almas novas e almas antigas \/ Desejar o ser interior, a instru\u00e7\u00e3o interna e o inating\u00edvel \/ Primeiro ser, depois fazer \/ Nosso grupo interno \/ Energia Ono-zone \/ Anjo da guarda \/ Devo\u00e7\u00e3o ao eu superior<\/em><\/p>\n<p>&nbsp;<br \/>\n<strong>Ou\u00e7a agora:<\/strong><\/p>\n<p><span data-href=\"https:\/\/www.irdin.org.br\/site\/envios\/audios\/0023_0169__por_por__conversas_com_trigueirinho_n169.mp3\" data-title=\"conversas com trigueirinho n\u00ba 169\" data-rel=\"\" data-target=\"\" data-meta=\"#fap-meta-69e3cde20f714\" class=\"fap-single-track fap-track-button fap-play-button\" data-enqueue=\"no\" data-autoenqueue=\"no\" title=\"conversas com trigueirinho n\u00ba 169\"><span class=\"fap-icon-play\"><\/span>Ouvir<\/span> <a href=\"https:\/\/www.irdin.org.br\/site\/envios\/audios\/0023_0169__por_por__conversas_com_trigueirinho_n169.mp3\" class=\"baixar\" download><span class=\"fa fa-arrow-down\"><\/span>Baixar<\/span><\/a> <span class=\"textobaixar\"> conversas com trigueirinho n\u00ba 169<\/span><\/p>\n<p>&nbsp;<\/p>\n","protected":false},"excerpt":{"rendered":"<p>Ajuda dos centros planet\u00e1rios \/ Trabalho com o reino d\u00e9vico \/ Inadaptabilidade a um centro de cura \/ Despojamento \/<\/p>\n","protected":false},"featured_media":37803,"template":"","meta":{"_acf_changed":false},"product_brand":[],"product_cat":[18076,33068],"product_tag":[39835],"class_list":{"0":"post-83254","1":"product","2":"type-product","3":"status-publish","4":"has-post-thumbnail","6":"product_cat-cddvd","7":"product_cat-palestras","8":"product_tag-39835","9":"pa_autor-trigueirinho","10":"pa_codigo-da-serie-31985","11":"pa_codigo-externo-00230169porcd","12":"pa_data-de-gravacao-21189","13":"pa_duracao-42min","14":"pa_idioma-de-destino-portugues","15":"pa_idioma-de-origem-portugues","16":"pa_lancamento-no","17":"pa_midia-cd","18":"pa_moac-39834","19":"pa_quantidade-de-saldo-33067","20":"pa_sequencial-da-serie-32327","21":"pa_tipo-de-traducao-nao-classificado","23":"first","24":"outofstock","25":"product-type-simple"},"acf":[],"_links":{"self":[{"href":"https:\/\/www.irdin.org.br\/site\/wp-json\/wp\/v2\/product\/83254","targetHints":{"allow":["GET"]}}],"collection":[{"href":"https:\/\/www.irdin.org.br\/site\/wp-json\/wp\/v2\/product"}],"about":[{"href":"https:\/\/www.irdin.org.br\/site\/wp-json\/wp\/v2\/types\/product"}],"version-history":[{"count":1,"href":"https:\/\/www.irdin.org.br\/site\/wp-json\/wp\/v2\/product\/83254\/revisions"}],"predecessor-version":[{"id":108961,"href":"https:\/\/www.irdin.org.br\/site\/wp-json\/wp\/v2\/product\/83254\/revisions\/108961"}],"wp:featuredmedia":[{"embeddable":true,"href":"https:\/\/www.irdin.org.br\/site\/wp-json\/wp\/v2\/media\/37803"}],"wp:attachment":[{"href":"https:\/\/www.irdin.org.br\/site\/wp-json\/wp\/v2\/media?parent=83254"}],"wp:term":[{"taxonomy":"product_brand","embeddable":true,"href":"https:\/\/www.irdin.org.br\/site\/wp-json\/wp\/v2\/product_brand?post=83254"},{"taxonomy":"product_cat","embeddable":true,"href":"https:\/\/www.irdin.org.br\/site\/wp-json\/wp\/v2\/product_cat?post=83254"},{"taxonomy":"product_tag","embeddable":true,"href":"https:\/\/www.irdin.org.br\/site\/wp-json\/wp\/v2\/product_tag?post=83254"}],"curies":[{"name":"wp","href":"https:\/\/api.w.org\/{rel}","templated":true}]}}