{"id":83265,"date":"2018-04-26T18:18:38","date_gmt":"2018-04-26T18:18:38","guid":{"rendered":"http:\/\/www.irdin.org.br\/site\/produto\/conversas-com-trigueirinho-no-180-41\/"},"modified":"2025-03-15T21:26:24","modified_gmt":"2025-03-15T21:26:24","slug":"conversas-com-trigueirinho-no-180-41","status":"publish","type":"product","link":"https:\/\/www.irdin.org.br\/site\/produtos\/conversas-com-trigueirinho-no-180-41\/","title":{"rendered":"Conversas com Trigueirinho n\u00ba 180 &#8211; 41"},"content":{"rendered":"<p><em>Guardi\u00e3es de lugares especiais \/ Do pagamento de d\u00edzimos \u00e0 doa\u00e7\u00e3o espont\u00e2nea \/ Elogio e exemplo na educa\u00e7\u00e3o \/ O simbolismo do lado esquerdo e o do lado direito do corpo \/ Contato da alma com o feto \/ Amizade e amor, energia libertadora e curativa \/ Entrega do livre-arb\u00edtrio \/ O processo individual e o grupal \/ Obedi\u00eancia e entrega \/ Transfer\u00eancia de n\u00edvel de consci\u00eancia<\/em><\/p>\n<p>&nbsp;<br \/>\n<strong>Ou\u00e7a agora:<\/strong><\/p>\n<p><span data-href=\"https:\/\/www.irdin.org.br\/site\/envios\/audios\/0023_0180__por_por__conversas_com_trigueirinho_n180.mp3\" data-title=\"conversas com trigueirinho n\u00ba 180\" data-rel=\"\" data-target=\"\" data-meta=\"#fap-meta-69e39c8a29e99\" class=\"fap-single-track fap-track-button fap-play-button\" data-enqueue=\"no\" data-autoenqueue=\"no\" title=\"conversas com trigueirinho n\u00ba 180\"><span class=\"fap-icon-play\"><\/span>Ouvir<\/span> <a href=\"https:\/\/www.irdin.org.br\/site\/envios\/audios\/0023_0180__por_por__conversas_com_trigueirinho_n180.mp3\" class=\"baixar\" download><span class=\"fa fa-arrow-down\"><\/span>Baixar<\/span><\/a> <span class=\"textobaixar\"> conversas com trigueirinho n\u00ba 180<\/span><\/p>\n<p>&nbsp;<\/p>\n","protected":false},"excerpt":{"rendered":"<p>Guardi\u00e3es de lugares especiais \/ Do pagamento de d\u00edzimos \u00e0 doa\u00e7\u00e3o espont\u00e2nea \/ Elogio e exemplo na educa\u00e7\u00e3o \/ O<\/p>\n","protected":false},"featured_media":37803,"template":"","meta":{"_acf_changed":false},"product_brand":[],"product_cat":[18076,33068],"product_tag":[38429],"class_list":{"0":"post-83265","1":"product","2":"type-product","3":"status-publish","4":"has-post-thumbnail","6":"product_cat-cddvd","7":"product_cat-palestras","8":"product_tag-38429","9":"pa_autor-trigueirinho","10":"pa_codigo-da-serie-31985","11":"pa_codigo-externo-00230180porcd","12":"pa_data-de-gravacao-21219","13":"pa_duracao-41min","14":"pa_idioma-de-destino-portugues","15":"pa_idioma-de-origem-portugues","16":"pa_lancamento-no","17":"pa_midia-cd","18":"pa_moac-38428","19":"pa_quantidade-de-saldo-33067","20":"pa_sequencial-da-serie-32353","21":"pa_tipo-de-traducao-nao-classificado","23":"first","24":"outofstock","25":"product-type-simple"},"acf":[],"_links":{"self":[{"href":"https:\/\/www.irdin.org.br\/site\/wp-json\/wp\/v2\/product\/83265","targetHints":{"allow":["GET"]}}],"collection":[{"href":"https:\/\/www.irdin.org.br\/site\/wp-json\/wp\/v2\/product"}],"about":[{"href":"https:\/\/www.irdin.org.br\/site\/wp-json\/wp\/v2\/types\/product"}],"version-history":[{"count":1,"href":"https:\/\/www.irdin.org.br\/site\/wp-json\/wp\/v2\/product\/83265\/revisions"}],"predecessor-version":[{"id":108934,"href":"https:\/\/www.irdin.org.br\/site\/wp-json\/wp\/v2\/product\/83265\/revisions\/108934"}],"wp:featuredmedia":[{"embeddable":true,"href":"https:\/\/www.irdin.org.br\/site\/wp-json\/wp\/v2\/media\/37803"}],"wp:attachment":[{"href":"https:\/\/www.irdin.org.br\/site\/wp-json\/wp\/v2\/media?parent=83265"}],"wp:term":[{"taxonomy":"product_brand","embeddable":true,"href":"https:\/\/www.irdin.org.br\/site\/wp-json\/wp\/v2\/product_brand?post=83265"},{"taxonomy":"product_cat","embeddable":true,"href":"https:\/\/www.irdin.org.br\/site\/wp-json\/wp\/v2\/product_cat?post=83265"},{"taxonomy":"product_tag","embeddable":true,"href":"https:\/\/www.irdin.org.br\/site\/wp-json\/wp\/v2\/product_tag?post=83265"}],"curies":[{"name":"wp","href":"https:\/\/api.w.org\/{rel}","templated":true}]}}