{"id":83274,"date":"2018-04-26T18:18:38","date_gmt":"2018-04-26T18:18:38","guid":{"rendered":"http:\/\/www.irdin.org.br\/site\/produto\/conversas-com-trigueirinho-no-190\/"},"modified":"2025-03-15T21:27:52","modified_gmt":"2025-03-15T21:27:52","slug":"conversas-com-trigueirinho-no-190","status":"publish","type":"product","link":"https:\/\/www.irdin.org.br\/site\/produtos\/conversas-com-trigueirinho-no-190\/","title":{"rendered":"Conversas com Trigueirinho n\u00ba 190"},"content":{"rendered":"<p><em>Preparo para a vida grupal \/ Portais de Mirna Jad \/ O n\u00famero nove \/ S\u00ednteses internas \/ Recomenda\u00e7\u00f5es aos que absorvem demais os pensamentos alheios \/ Entrega \u00e0 Vontade Maior \/ Arte de viver \/ Aceitar tudo que vem do Alto \/ Lei dos Ciclos: transcender a consci\u00eancia individual \/ Medicina tradicional e cura em Figueira \/ Indica\u00e7\u00f5es de S\u00e3o Bento para a vida grupal<\/em><\/p>\n<p>&nbsp;<br \/>\n<strong>Ou\u00e7a agora:<\/strong><\/p>\n<p><span data-href=\"https:\/\/www.irdin.org.br\/site\/envios\/audios\/0023_0190__por_por__conversas_com_trigueirinho_n190.mp3\" data-title=\"conversas com trigueirinho n\u00ba 190\" data-rel=\"\" data-target=\"\" data-meta=\"#fap-meta-69eb3cbb5efeb\" class=\"fap-single-track fap-track-button fap-play-button\" data-enqueue=\"no\" data-autoenqueue=\"no\" title=\"conversas com trigueirinho n\u00ba 190\"><span class=\"fap-icon-play\"><\/span>Ouvir<\/span> <a href=\"https:\/\/www.irdin.org.br\/site\/envios\/audios\/0023_0190__por_por__conversas_com_trigueirinho_n190.mp3\" class=\"baixar\" download><span class=\"fa fa-arrow-down\"><\/span>Baixar<\/span><\/a> <span class=\"textobaixar\"> conversas com trigueirinho n\u00ba 190<\/span><\/p>\n<p>&nbsp;<\/p>\n","protected":false},"excerpt":{"rendered":"<p>Preparo para a vida grupal \/ Portais de Mirna Jad \/ O n\u00famero nove \/ S\u00ednteses internas \/ Recomenda\u00e7\u00f5es aos<\/p>\n","protected":false},"featured_media":37803,"template":"","meta":{"_acf_changed":false},"product_brand":[],"product_cat":[18076,33068],"product_tag":[39869],"class_list":{"0":"post-83274","1":"product","2":"type-product","3":"status-publish","4":"has-post-thumbnail","6":"product_cat-cddvd","7":"product_cat-palestras","8":"product_tag-39869","9":"pa_autor-trigueirinho","10":"pa_codigo-da-serie-31985","11":"pa_codigo-externo-00230190porcd","12":"pa_data-de-gravacao-21248","13":"pa_duracao-42min","14":"pa_idioma-de-destino-portugues","15":"pa_idioma-de-origem-portugues","16":"pa_lancamento-no","17":"pa_midia-cd","18":"pa_moac-39868","19":"pa_quantidade-de-saldo-33067","20":"pa_sequencial-da-serie-32375","21":"pa_tipo-de-traducao-nao-classificado","23":"first","24":"outofstock","25":"product-type-simple"},"acf":[],"_links":{"self":[{"href":"https:\/\/www.irdin.org.br\/site\/wp-json\/wp\/v2\/product\/83274","targetHints":{"allow":["GET"]}}],"collection":[{"href":"https:\/\/www.irdin.org.br\/site\/wp-json\/wp\/v2\/product"}],"about":[{"href":"https:\/\/www.irdin.org.br\/site\/wp-json\/wp\/v2\/types\/product"}],"version-history":[{"count":1,"href":"https:\/\/www.irdin.org.br\/site\/wp-json\/wp\/v2\/product\/83274\/revisions"}],"predecessor-version":[{"id":108943,"href":"https:\/\/www.irdin.org.br\/site\/wp-json\/wp\/v2\/product\/83274\/revisions\/108943"}],"wp:featuredmedia":[{"embeddable":true,"href":"https:\/\/www.irdin.org.br\/site\/wp-json\/wp\/v2\/media\/37803"}],"wp:attachment":[{"href":"https:\/\/www.irdin.org.br\/site\/wp-json\/wp\/v2\/media?parent=83274"}],"wp:term":[{"taxonomy":"product_brand","embeddable":true,"href":"https:\/\/www.irdin.org.br\/site\/wp-json\/wp\/v2\/product_brand?post=83274"},{"taxonomy":"product_cat","embeddable":true,"href":"https:\/\/www.irdin.org.br\/site\/wp-json\/wp\/v2\/product_cat?post=83274"},{"taxonomy":"product_tag","embeddable":true,"href":"https:\/\/www.irdin.org.br\/site\/wp-json\/wp\/v2\/product_tag?post=83274"}],"curies":[{"name":"wp","href":"https:\/\/api.w.org\/{rel}","templated":true}]}}