{"id":83276,"date":"2018-04-26T18:18:38","date_gmt":"2018-04-26T18:18:38","guid":{"rendered":"http:\/\/www.irdin.org.br\/site\/produto\/conversas-com-trigueirinho-no-192\/"},"modified":"2025-03-15T21:28:37","modified_gmt":"2025-03-15T21:28:37","slug":"conversas-com-trigueirinho-no-192","status":"publish","type":"product","link":"https:\/\/www.irdin.org.br\/site\/produtos\/conversas-com-trigueirinho-no-192\/","title":{"rendered":"Conversas com Trigueirinho n\u00ba 192"},"content":{"rendered":"<p><em>Os primeiros passos no caminho do autoconhecimento \/ Como levar a personalidade a colaborar com a alma \/ Aceita\u00e7\u00e3o e neutralidade \/ Carma do reino animal \/ Ora\u00e7\u00e3o como meio de transcendermos n\u00edveis naturais \/ Ora\u00e7\u00e3o cont\u00ednua \/ Aprender a ensinar com Jesus, instrutor da humanidade \/ Diferen\u00e7a entre o rigor do esp\u00edrito e o da personalidade \/ Correta atitude perante um roubo<\/em><\/p>\n<p>&nbsp;<br \/>\n<strong>Ou\u00e7a agora:<\/strong><\/p>\n<p><span data-href=\"https:\/\/www.irdin.org.br\/site\/envios\/audios\/0023_0192__por_por__conversas_com_trigueirinho_n192.mp3\" data-title=\"conversas com trigueirinho n\u00ba 192\" data-rel=\"\" data-target=\"\" data-meta=\"#fap-meta-69e8fe0692eb8\" class=\"fap-single-track fap-track-button fap-play-button\" data-enqueue=\"no\" data-autoenqueue=\"no\" title=\"conversas com trigueirinho n\u00ba 192\"><span class=\"fap-icon-play\"><\/span>Ouvir<\/span> <a href=\"https:\/\/www.irdin.org.br\/site\/envios\/audios\/0023_0192__por_por__conversas_com_trigueirinho_n192.mp3\" class=\"baixar\" download><span class=\"fa fa-arrow-down\"><\/span>Baixar<\/span><\/a> <span class=\"textobaixar\"> conversas com trigueirinho n\u00ba 192<\/span><\/p>\n<p>&nbsp;<\/p>\n","protected":false},"excerpt":{"rendered":"<p>Os primeiros passos no caminho do autoconhecimento \/ Como levar a personalidade a colaborar com a alma \/ Aceita\u00e7\u00e3o e<\/p>\n","protected":false},"featured_media":37803,"template":"","meta":{"_acf_changed":false},"product_brand":[],"product_cat":[18076,33068],"product_tag":[39873],"class_list":{"0":"post-83276","1":"product","2":"type-product","3":"status-publish","4":"has-post-thumbnail","6":"product_cat-cddvd","7":"product_cat-palestras","8":"product_tag-39873","9":"pa_autor-trigueirinho","10":"pa_codigo-da-serie-31985","11":"pa_codigo-externo-00230192porcd","12":"pa_data-de-gravacao-19889","13":"pa_duracao-44min","14":"pa_idioma-de-destino-portugues","15":"pa_idioma-de-origem-portugues","16":"pa_lancamento-no","17":"pa_midia-cd","18":"pa_moac-39872","19":"pa_quantidade-de-saldo-33067","20":"pa_sequencial-da-serie-32379","21":"pa_tipo-de-traducao-nao-classificado","23":"first","24":"outofstock","25":"product-type-simple"},"acf":[],"_links":{"self":[{"href":"https:\/\/www.irdin.org.br\/site\/wp-json\/wp\/v2\/product\/83276","targetHints":{"allow":["GET"]}}],"collection":[{"href":"https:\/\/www.irdin.org.br\/site\/wp-json\/wp\/v2\/product"}],"about":[{"href":"https:\/\/www.irdin.org.br\/site\/wp-json\/wp\/v2\/types\/product"}],"version-history":[{"count":1,"href":"https:\/\/www.irdin.org.br\/site\/wp-json\/wp\/v2\/product\/83276\/revisions"}],"predecessor-version":[{"id":108945,"href":"https:\/\/www.irdin.org.br\/site\/wp-json\/wp\/v2\/product\/83276\/revisions\/108945"}],"wp:featuredmedia":[{"embeddable":true,"href":"https:\/\/www.irdin.org.br\/site\/wp-json\/wp\/v2\/media\/37803"}],"wp:attachment":[{"href":"https:\/\/www.irdin.org.br\/site\/wp-json\/wp\/v2\/media?parent=83276"}],"wp:term":[{"taxonomy":"product_brand","embeddable":true,"href":"https:\/\/www.irdin.org.br\/site\/wp-json\/wp\/v2\/product_brand?post=83276"},{"taxonomy":"product_cat","embeddable":true,"href":"https:\/\/www.irdin.org.br\/site\/wp-json\/wp\/v2\/product_cat?post=83276"},{"taxonomy":"product_tag","embeddable":true,"href":"https:\/\/www.irdin.org.br\/site\/wp-json\/wp\/v2\/product_tag?post=83276"}],"curies":[{"name":"wp","href":"https:\/\/api.w.org\/{rel}","templated":true}]}}