{"id":83279,"date":"2018-04-26T18:18:56","date_gmt":"2018-04-26T18:18:56","guid":{"rendered":"http:\/\/www.irdin.org.br\/site\/produto\/conversas-com-trigueirinho-no-195\/"},"modified":"2025-03-15T21:21:40","modified_gmt":"2025-03-15T21:21:40","slug":"conversas-com-trigueirinho-no-195","status":"publish","type":"product","link":"https:\/\/www.irdin.org.br\/site\/produtos\/conversas-com-trigueirinho-no-195\/","title":{"rendered":"Conversas com Trigueirinho n\u00ba 195"},"content":{"rendered":"<p><em>Nova etapa de vida \/ Controle da palavra \/ O cavalo como s\u00edmbolo \/ Perd\u00e3o \/ As mensagens do eu superior e as da mente \/ Amor e \u00f3dio \/ Senso de humor e alegria \/ Atividade criativa \/ Ciclos de sete anos \/ In\u00e9rcia \/ Transfus\u00f5es de sangue \/ Tipos de casamento \/ Caos mundial \/ Evolu\u00e7\u00e3o do homem \/ O carma \/ Canalizar mensagens do Alto \/ Biloca\u00e7\u00e3o \/ Identifica\u00e7\u00e3o com a mat\u00e9ria \/ A energia<\/em><\/p>\n<p>&nbsp;<br \/>\n<strong>Ou\u00e7a agora:<\/strong><\/p>\n<p><span data-href=\"https:\/\/www.irdin.org.br\/site\/envios\/audios\/0023_0195__por_por__conversas_com_trigueirinho_n195.mp3\" data-title=\"conversas com trigueirinho n\u00ba 195\" data-rel=\"\" data-target=\"\" data-meta=\"#fap-meta-69e8fad8eb770\" class=\"fap-single-track fap-track-button fap-play-button\" data-enqueue=\"no\" data-autoenqueue=\"no\" title=\"conversas com trigueirinho n\u00ba 195\"><span class=\"fap-icon-play\"><\/span>Ouvir<\/span> <a href=\"https:\/\/www.irdin.org.br\/site\/envios\/audios\/0023_0195__por_por__conversas_com_trigueirinho_n195.mp3\" class=\"baixar\" download><span class=\"fa fa-arrow-down\"><\/span>Baixar<\/span><\/a> <span class=\"textobaixar\"> conversas com trigueirinho n\u00ba 195<\/span><\/p>\n<p>&nbsp;<\/p>\n","protected":false},"excerpt":{"rendered":"<p>Nova etapa de vida \/ Controle da palavra \/ O cavalo como s\u00edmbolo \/ Perd\u00e3o \/ As mensagens do eu<\/p>\n","protected":false},"featured_media":37803,"template":"","meta":{"_acf_changed":false},"product_brand":[],"product_cat":[18076,33068],"product_tag":[39877],"class_list":{"0":"post-83279","1":"product","2":"type-product","3":"status-publish","4":"has-post-thumbnail","6":"product_cat-cddvd","7":"product_cat-palestras","8":"product_tag-39877","9":"pa_autor-trigueirinho","10":"pa_codigo-da-serie-31985","11":"pa_codigo-externo-00230195porcd","12":"pa_data-de-gravacao-21262","13":"pa_duracao-42min","14":"pa_idioma-de-destino-portugues","15":"pa_idioma-de-origem-portugues","16":"pa_lancamento-no","17":"pa_midia-cd","18":"pa_moac-39876","19":"pa_quantidade-de-saldo-33067","20":"pa_sequencial-da-serie-32397","21":"pa_tipo-de-traducao-nao-classificado","23":"first","24":"outofstock","25":"product-type-simple"},"acf":[],"_links":{"self":[{"href":"https:\/\/www.irdin.org.br\/site\/wp-json\/wp\/v2\/product\/83279","targetHints":{"allow":["GET"]}}],"collection":[{"href":"https:\/\/www.irdin.org.br\/site\/wp-json\/wp\/v2\/product"}],"about":[{"href":"https:\/\/www.irdin.org.br\/site\/wp-json\/wp\/v2\/types\/product"}],"version-history":[{"count":1,"href":"https:\/\/www.irdin.org.br\/site\/wp-json\/wp\/v2\/product\/83279\/revisions"}],"predecessor-version":[{"id":108911,"href":"https:\/\/www.irdin.org.br\/site\/wp-json\/wp\/v2\/product\/83279\/revisions\/108911"}],"wp:featuredmedia":[{"embeddable":true,"href":"https:\/\/www.irdin.org.br\/site\/wp-json\/wp\/v2\/media\/37803"}],"wp:attachment":[{"href":"https:\/\/www.irdin.org.br\/site\/wp-json\/wp\/v2\/media?parent=83279"}],"wp:term":[{"taxonomy":"product_brand","embeddable":true,"href":"https:\/\/www.irdin.org.br\/site\/wp-json\/wp\/v2\/product_brand?post=83279"},{"taxonomy":"product_cat","embeddable":true,"href":"https:\/\/www.irdin.org.br\/site\/wp-json\/wp\/v2\/product_cat?post=83279"},{"taxonomy":"product_tag","embeddable":true,"href":"https:\/\/www.irdin.org.br\/site\/wp-json\/wp\/v2\/product_tag?post=83279"}],"curies":[{"name":"wp","href":"https:\/\/api.w.org\/{rel}","templated":true}]}}