{"id":83282,"date":"2018-04-26T18:18:56","date_gmt":"2018-04-26T18:18:56","guid":{"rendered":"http:\/\/www.irdin.org.br\/site\/produto\/conversas-com-trigueirinho-no-198\/"},"modified":"2025-03-15T21:22:00","modified_gmt":"2025-03-15T21:22:00","slug":"conversas-com-trigueirinho-no-198","status":"publish","type":"product","link":"https:\/\/www.irdin.org.br\/site\/produtos\/conversas-com-trigueirinho-no-198\/","title":{"rendered":"Conversas com Trigueirinho n\u00ba 198"},"content":{"rendered":"<p><em>Aprender a amar \/ Cobi\u00e7a \/ Chamado interno \/ Desapego \/ Evolu\u00e7\u00e3o das almas \/ Equil\u00edbrio dos p\u00f3los an\u00edmicos \/ Reflexos do sono profundo \/ Alegria ao mundo \/ Tarefa real \/ Neutralidade \/ O sil\u00eancio das naves \/ Progredir sem dificuldades \/ Padre Pio \/ Filhos hoje \/ Relatividade da vida externa \/ Paz e harmonia \/ Incandesc\u00eancia \/ Carma e fam\u00edlia \/ Soberba espiritual \/ Involu\u00e7\u00e3o \/ Vida de Jesus<\/em><\/p>\n<p>&nbsp;<br \/>\n<strong>Ou\u00e7a agora:<\/strong><\/p>\n<p><span data-href=\"https:\/\/www.irdin.org.br\/site\/envios\/audios\/0023_0198__por_por__conversas_com_trigueirinho_n198.mp3\" data-title=\"conversas com trigueirinho n\u00ba 198\" data-rel=\"\" data-target=\"\" data-meta=\"#fap-meta-69e2e83e5c199\" class=\"fap-single-track fap-track-button fap-play-button\" data-enqueue=\"no\" data-autoenqueue=\"no\" title=\"conversas com trigueirinho n\u00ba 198\"><span class=\"fap-icon-play\"><\/span>Ouvir<\/span> <a href=\"https:\/\/www.irdin.org.br\/site\/envios\/audios\/0023_0198__por_por__conversas_com_trigueirinho_n198.mp3\" class=\"baixar\" download><span class=\"fa fa-arrow-down\"><\/span>Baixar<\/span><\/a> <span class=\"textobaixar\"> conversas com trigueirinho n\u00ba 198<\/span><\/p>\n<p>&nbsp;<\/p>\n","protected":false},"excerpt":{"rendered":"<p>Aprender a amar \/ Cobi\u00e7a \/ Chamado interno \/ Desapego \/ Evolu\u00e7\u00e3o das almas \/ Equil\u00edbrio dos p\u00f3los an\u00edmicos \/<\/p>\n","protected":false},"featured_media":37803,"template":"","meta":{"_acf_changed":false},"product_brand":[],"product_cat":[18076,33068],"product_tag":[39883],"class_list":{"0":"post-83282","1":"product","2":"type-product","3":"status-publish","4":"has-post-thumbnail","6":"product_cat-cddvd","7":"product_cat-palestras","8":"product_tag-39883","9":"pa_autor-trigueirinho","10":"pa_codigo-da-serie-31985","11":"pa_codigo-externo-00230198porcd","12":"pa_data-de-gravacao-19115","13":"pa_duracao-47min5s","14":"pa_idioma-de-destino-portugues","15":"pa_idioma-de-origem-portugues","16":"pa_lancamento-no","17":"pa_midia-cd","18":"pa_moac-39882","19":"pa_quantidade-de-saldo-33067","20":"pa_sequencial-da-serie-32404","21":"pa_tipo-de-traducao-nao-classificado","23":"first","24":"outofstock","25":"product-type-simple"},"acf":[],"_links":{"self":[{"href":"https:\/\/www.irdin.org.br\/site\/wp-json\/wp\/v2\/product\/83282","targetHints":{"allow":["GET"]}}],"collection":[{"href":"https:\/\/www.irdin.org.br\/site\/wp-json\/wp\/v2\/product"}],"about":[{"href":"https:\/\/www.irdin.org.br\/site\/wp-json\/wp\/v2\/types\/product"}],"version-history":[{"count":1,"href":"https:\/\/www.irdin.org.br\/site\/wp-json\/wp\/v2\/product\/83282\/revisions"}],"predecessor-version":[{"id":108914,"href":"https:\/\/www.irdin.org.br\/site\/wp-json\/wp\/v2\/product\/83282\/revisions\/108914"}],"wp:featuredmedia":[{"embeddable":true,"href":"https:\/\/www.irdin.org.br\/site\/wp-json\/wp\/v2\/media\/37803"}],"wp:attachment":[{"href":"https:\/\/www.irdin.org.br\/site\/wp-json\/wp\/v2\/media?parent=83282"}],"wp:term":[{"taxonomy":"product_brand","embeddable":true,"href":"https:\/\/www.irdin.org.br\/site\/wp-json\/wp\/v2\/product_brand?post=83282"},{"taxonomy":"product_cat","embeddable":true,"href":"https:\/\/www.irdin.org.br\/site\/wp-json\/wp\/v2\/product_cat?post=83282"},{"taxonomy":"product_tag","embeddable":true,"href":"https:\/\/www.irdin.org.br\/site\/wp-json\/wp\/v2\/product_tag?post=83282"}],"curies":[{"name":"wp","href":"https:\/\/api.w.org\/{rel}","templated":true}]}}