{"id":83306,"date":"2018-04-26T18:19:14","date_gmt":"2018-04-26T18:19:14","guid":{"rendered":"http:\/\/www.irdin.org.br\/site\/produto\/conversas-com-trigueirinho-no-222\/"},"modified":"2025-03-15T21:18:53","modified_gmt":"2025-03-15T21:18:53","slug":"conversas-com-trigueirinho-no-222","status":"publish","type":"product","link":"https:\/\/www.irdin.org.br\/site\/produtos\/conversas-com-trigueirinho-no-222\/","title":{"rendered":"Conversas com Trigueirinho n\u00ba 222"},"content":{"rendered":"<p><em>Al\u00e9m da mente anal\u00edtica \/ Renascer \/ Paci\u00eancia, toler\u00e2ncia \/ Destino universal \/ Entrega e autocontrole \/ Chamado \u00e0 purifica\u00e7\u00e3o \/ Doa\u00e7\u00e3o de \u00f3rg\u00e3os e de sangue \/ Energia criativa \/ Perd\u00e3o, gratid\u00e3o, devo\u00e7\u00e3o \/ Diante do maior cessa o menor \/ Aprender com a vida \/ Sonho com po\u00e7o profundo \/ Medo da morte \/ Humildade<\/em><\/p>\n<p>&nbsp;<br \/>\n<strong>Ou\u00e7a agora:<\/strong><\/p>\n<p><span data-href=\"https:\/\/www.irdin.org.br\/site\/envios\/audios\/0023_0222__por_por__conversas_com_trigueirinho_n222.mp3\" data-title=\"conversas com trigueirinho n\u00ba 222\" data-rel=\"\" data-target=\"\" data-meta=\"#fap-meta-69e2d17a5f07d\" class=\"fap-single-track fap-track-button fap-play-button\" data-enqueue=\"no\" data-autoenqueue=\"no\" title=\"conversas com trigueirinho n\u00ba 222\"><span class=\"fap-icon-play\"><\/span>Ouvir<\/span> <a href=\"https:\/\/www.irdin.org.br\/site\/envios\/audios\/0023_0222__por_por__conversas_com_trigueirinho_n222.mp3\" class=\"baixar\" download><span class=\"fa fa-arrow-down\"><\/span>Baixar<\/span><\/a> <span class=\"textobaixar\"> conversas com trigueirinho n\u00ba 222<\/span><\/p>\n<p>&nbsp;<\/p>\n","protected":false},"excerpt":{"rendered":"<p>Al\u00e9m da mente anal\u00edtica \/ Renascer \/ Paci\u00eancia, toler\u00e2ncia \/ Destino universal \/ Entrega e autocontrole \/ Chamado \u00e0 purifica\u00e7\u00e3o<\/p>\n","protected":false},"featured_media":37803,"template":"","meta":{"_acf_changed":false},"product_brand":[],"product_cat":[18076,33068],"product_tag":[39931],"class_list":{"0":"post-83306","1":"product","2":"type-product","3":"status-publish","4":"has-post-thumbnail","6":"product_cat-cddvd","7":"product_cat-palestras","8":"product_tag-39931","9":"pa_autor-trigueirinho","10":"pa_codigo-da-serie-31985","11":"pa_codigo-externo-00230222porcd","12":"pa_data-de-gravacao-21343","13":"pa_duracao-35min","14":"pa_idioma-de-destino-portugues","15":"pa_idioma-de-origem-portugues","16":"pa_lancamento-no","17":"pa_midia-cd","18":"pa_moac-39930","19":"pa_quantidade-de-saldo-33067","20":"pa_sequencial-da-serie-32455","21":"pa_tipo-de-traducao-nao-classificado","23":"first","24":"outofstock","25":"product-type-simple"},"acf":[],"_links":{"self":[{"href":"https:\/\/www.irdin.org.br\/site\/wp-json\/wp\/v2\/product\/83306","targetHints":{"allow":["GET"]}}],"collection":[{"href":"https:\/\/www.irdin.org.br\/site\/wp-json\/wp\/v2\/product"}],"about":[{"href":"https:\/\/www.irdin.org.br\/site\/wp-json\/wp\/v2\/types\/product"}],"version-history":[{"count":1,"href":"https:\/\/www.irdin.org.br\/site\/wp-json\/wp\/v2\/product\/83306\/revisions"}],"predecessor-version":[{"id":108898,"href":"https:\/\/www.irdin.org.br\/site\/wp-json\/wp\/v2\/product\/83306\/revisions\/108898"}],"wp:featuredmedia":[{"embeddable":true,"href":"https:\/\/www.irdin.org.br\/site\/wp-json\/wp\/v2\/media\/37803"}],"wp:attachment":[{"href":"https:\/\/www.irdin.org.br\/site\/wp-json\/wp\/v2\/media?parent=83306"}],"wp:term":[{"taxonomy":"product_brand","embeddable":true,"href":"https:\/\/www.irdin.org.br\/site\/wp-json\/wp\/v2\/product_brand?post=83306"},{"taxonomy":"product_cat","embeddable":true,"href":"https:\/\/www.irdin.org.br\/site\/wp-json\/wp\/v2\/product_cat?post=83306"},{"taxonomy":"product_tag","embeddable":true,"href":"https:\/\/www.irdin.org.br\/site\/wp-json\/wp\/v2\/product_tag?post=83306"}],"curies":[{"name":"wp","href":"https:\/\/api.w.org\/{rel}","templated":true}]}}