{"id":83324,"date":"2018-04-26T18:19:33","date_gmt":"2018-04-26T18:19:33","guid":{"rendered":"http:\/\/www.irdin.org.br\/site\/produto\/conversas-com-trigueirinho-no-240\/"},"modified":"2025-03-15T21:14:54","modified_gmt":"2025-03-15T21:14:54","slug":"conversas-com-trigueirinho-no-240","status":"publish","type":"product","link":"https:\/\/www.irdin.org.br\/site\/produtos\/conversas-com-trigueirinho-no-240\/","title":{"rendered":"Conversas com Trigueirinho n\u00ba 240"},"content":{"rendered":"<p><em>O sentido das mortes por afogamento \/ Adapta\u00e7\u00e3o ao centro espiritual \/ Anota\u00e7\u00f5es que se fazem dos estudos em Figueira \/ Transplantes de \u00f3rg\u00e3os nos n\u00edveis sutis \/ Seres-laborat\u00f3rios \/ Seguir a luz interna \/ Contato com a m\u00f4nada, nosso n\u00facleo imortal \/ A religiosidade<\/em><\/p>\n<p>&nbsp;<br \/>\n<strong>Ou\u00e7a agora:<\/strong><\/p>\n<p><span data-href=\"https:\/\/www.irdin.org.br\/site\/envios\/audios\/0023_0240__por_por__conversas_com_trigueirinho_n240.mp3\" data-title=\"conversas com trigueirinho n\u00ba 240\" data-rel=\"\" data-target=\"\" data-meta=\"#fap-meta-69e3df5441a0b\" class=\"fap-single-track fap-track-button fap-play-button\" data-enqueue=\"no\" data-autoenqueue=\"no\" title=\"conversas com trigueirinho n\u00ba 240\"><span class=\"fap-icon-play\"><\/span>Ouvir<\/span> <a href=\"https:\/\/www.irdin.org.br\/site\/envios\/audios\/0023_0240__por_por__conversas_com_trigueirinho_n240.mp3\" class=\"baixar\" download><span class=\"fa fa-arrow-down\"><\/span>Baixar<\/span><\/a> <span class=\"textobaixar\"> conversas com trigueirinho n\u00ba 240<\/span><\/p>\n<p>&nbsp;<\/p>\n","protected":false},"excerpt":{"rendered":"<p>O sentido das mortes por afogamento \/ Adapta\u00e7\u00e3o ao centro espiritual \/ Anota\u00e7\u00f5es que se fazem dos estudos em Figueira<\/p>\n","protected":false},"featured_media":37803,"template":"","meta":{"_acf_changed":false},"product_brand":[],"product_cat":[18076,33068],"product_tag":[39967],"class_list":{"0":"post-83324","1":"product","2":"type-product","3":"status-publish","4":"has-post-thumbnail","6":"product_cat-cddvd","7":"product_cat-palestras","8":"product_tag-39967","9":"pa_autor-trigueirinho","10":"pa_codigo-da-serie-31985","11":"pa_codigo-externo-00230240porcd","12":"pa_data-de-gravacao-21396","13":"pa_duracao-45min","14":"pa_idioma-de-destino-portugues","15":"pa_idioma-de-origem-portugues","16":"pa_lancamento-no","17":"pa_midia-cd","18":"pa_moac-39966","19":"pa_quantidade-de-saldo-33067","20":"pa_sequencial-da-serie-32498","21":"pa_tipo-de-traducao-nao-classificado","23":"first","24":"outofstock","25":"product-type-simple"},"acf":[],"_links":{"self":[{"href":"https:\/\/www.irdin.org.br\/site\/wp-json\/wp\/v2\/product\/83324","targetHints":{"allow":["GET"]}}],"collection":[{"href":"https:\/\/www.irdin.org.br\/site\/wp-json\/wp\/v2\/product"}],"about":[{"href":"https:\/\/www.irdin.org.br\/site\/wp-json\/wp\/v2\/types\/product"}],"version-history":[{"count":1,"href":"https:\/\/www.irdin.org.br\/site\/wp-json\/wp\/v2\/product\/83324\/revisions"}],"predecessor-version":[{"id":108876,"href":"https:\/\/www.irdin.org.br\/site\/wp-json\/wp\/v2\/product\/83324\/revisions\/108876"}],"wp:featuredmedia":[{"embeddable":true,"href":"https:\/\/www.irdin.org.br\/site\/wp-json\/wp\/v2\/media\/37803"}],"wp:attachment":[{"href":"https:\/\/www.irdin.org.br\/site\/wp-json\/wp\/v2\/media?parent=83324"}],"wp:term":[{"taxonomy":"product_brand","embeddable":true,"href":"https:\/\/www.irdin.org.br\/site\/wp-json\/wp\/v2\/product_brand?post=83324"},{"taxonomy":"product_cat","embeddable":true,"href":"https:\/\/www.irdin.org.br\/site\/wp-json\/wp\/v2\/product_cat?post=83324"},{"taxonomy":"product_tag","embeddable":true,"href":"https:\/\/www.irdin.org.br\/site\/wp-json\/wp\/v2\/product_tag?post=83324"}],"curies":[{"name":"wp","href":"https:\/\/api.w.org\/{rel}","templated":true}]}}