{"id":83333,"date":"2018-04-26T18:19:33","date_gmt":"2018-04-26T18:19:33","guid":{"rendered":"http:\/\/www.irdin.org.br\/site\/produto\/conversas-com-trigueirinho-no-249\/"},"modified":"2025-03-15T21:16:47","modified_gmt":"2025-03-15T21:16:47","slug":"conversas-com-trigueirinho-no-249","status":"publish","type":"product","link":"https:\/\/www.irdin.org.br\/site\/produtos\/conversas-com-trigueirinho-no-249\/","title":{"rendered":"Conversas com Trigueirinho n\u00ba 249"},"content":{"rendered":"<p><em>Instru\u00e7\u00f5es pelos sonhos \/ Limpeza sutil dos ambientes \/ Percep\u00e7\u00f5es na sess\u00e3o de mantras \/ Supera\u00e7\u00e3o do sofrimento \/ Gratid\u00e3o e cura pelo servi\u00e7o \/ Quando a m\u00f4nada absorve a alma \/ A energia da Virgem \/ Uni\u00e3o das polaridades \/ Misticismo \/ Pioneiros da nova consci\u00eancia<\/em><\/p>\n<p>&nbsp;<br \/>\n<strong>Ou\u00e7a agora:<\/strong><\/p>\n<p><span data-href=\"https:\/\/www.irdin.org.br\/site\/envios\/audios\/0023_0249__por_por__conversas_com_trigueirinho_n249.mp3\" data-title=\"conversas com trigueirinho n\u00ba 249\" data-rel=\"\" data-target=\"\" data-meta=\"#fap-meta-69e2aa23e3943\" class=\"fap-single-track fap-track-button fap-play-button\" data-enqueue=\"no\" data-autoenqueue=\"no\" title=\"conversas com trigueirinho n\u00ba 249\"><span class=\"fap-icon-play\"><\/span>Ouvir<\/span> <a href=\"https:\/\/www.irdin.org.br\/site\/envios\/audios\/0023_0249__por_por__conversas_com_trigueirinho_n249.mp3\" class=\"baixar\" download><span class=\"fa fa-arrow-down\"><\/span>Baixar<\/span><\/a> <span class=\"textobaixar\"> conversas com trigueirinho n\u00ba 249<\/span><\/p>\n<p>&nbsp;<\/p>\n","protected":false},"excerpt":{"rendered":"<p>Instru\u00e7\u00f5es pelos sonhos \/ Limpeza sutil dos ambientes \/ Percep\u00e7\u00f5es na sess\u00e3o de mantras \/ Supera\u00e7\u00e3o do sofrimento \/ Gratid\u00e3o<\/p>\n","protected":false},"featured_media":37803,"template":"","meta":{"_acf_changed":false},"product_brand":[],"product_cat":[18076,33068],"product_tag":[39985],"class_list":{"0":"post-83333","1":"product","2":"type-product","3":"status-publish","4":"has-post-thumbnail","6":"product_cat-cddvd","7":"product_cat-palestras","8":"product_tag-39985","9":"pa_autor-trigueirinho","10":"pa_codigo-da-serie-31985","11":"pa_codigo-externo-00230249porcd","12":"pa_data-de-gravacao-21422","13":"pa_duracao-49min","14":"pa_idioma-de-destino-portugues","15":"pa_idioma-de-origem-portugues","16":"pa_lancamento-no","17":"pa_midia-cd","18":"pa_moac-39984","19":"pa_quantidade-de-saldo-33067","20":"pa_sequencial-da-serie-32516","21":"pa_tipo-de-traducao-nao-classificado","23":"first","24":"outofstock","25":"product-type-simple"},"acf":[],"_links":{"self":[{"href":"https:\/\/www.irdin.org.br\/site\/wp-json\/wp\/v2\/product\/83333","targetHints":{"allow":["GET"]}}],"collection":[{"href":"https:\/\/www.irdin.org.br\/site\/wp-json\/wp\/v2\/product"}],"about":[{"href":"https:\/\/www.irdin.org.br\/site\/wp-json\/wp\/v2\/types\/product"}],"version-history":[{"count":1,"href":"https:\/\/www.irdin.org.br\/site\/wp-json\/wp\/v2\/product\/83333\/revisions"}],"predecessor-version":[{"id":108885,"href":"https:\/\/www.irdin.org.br\/site\/wp-json\/wp\/v2\/product\/83333\/revisions\/108885"}],"wp:featuredmedia":[{"embeddable":true,"href":"https:\/\/www.irdin.org.br\/site\/wp-json\/wp\/v2\/media\/37803"}],"wp:attachment":[{"href":"https:\/\/www.irdin.org.br\/site\/wp-json\/wp\/v2\/media?parent=83333"}],"wp:term":[{"taxonomy":"product_brand","embeddable":true,"href":"https:\/\/www.irdin.org.br\/site\/wp-json\/wp\/v2\/product_brand?post=83333"},{"taxonomy":"product_cat","embeddable":true,"href":"https:\/\/www.irdin.org.br\/site\/wp-json\/wp\/v2\/product_cat?post=83333"},{"taxonomy":"product_tag","embeddable":true,"href":"https:\/\/www.irdin.org.br\/site\/wp-json\/wp\/v2\/product_tag?post=83333"}],"curies":[{"name":"wp","href":"https:\/\/api.w.org\/{rel}","templated":true}]}}