{"id":83334,"date":"2018-04-26T18:19:33","date_gmt":"2018-04-26T18:19:33","guid":{"rendered":"http:\/\/www.irdin.org.br\/site\/produto\/conversas-com-trigueirinho-no-250\/"},"modified":"2025-03-15T21:16:54","modified_gmt":"2025-03-15T21:16:54","slug":"conversas-com-trigueirinho-no-250","status":"publish","type":"product","link":"https:\/\/www.irdin.org.br\/site\/produtos\/conversas-com-trigueirinho-no-250\/","title":{"rendered":"Conversas com Trigueirinho n\u00ba 250"},"content":{"rendered":"<p><em>Os pelos dos c\u00e3es \/ Diferentes trabalhos com a Natureza \/ C\u00e2ncer, enfermidade planet\u00e1ria \/ Oferta \u00e0 cura \/ Do relacionamento conjugal ao fraterno \/ Sinais de comunica\u00e7\u00e3o superior \/ Ora\u00e7\u00e3o e a\u00e7\u00e3o efetiva \/ Um sonho na Casa do Sil\u00eancio \/ Al\u00e9m do n\u00edvel emocional \/ Sentidos internos \/ Sonho com t\u00fanel \/ Crian\u00e7as incomuns<\/em><\/p>\n<p>&nbsp;<br \/>\n<strong>Ou\u00e7a agora:<\/strong><\/p>\n<p><span data-href=\"https:\/\/www.irdin.org.br\/site\/envios\/audios\/0023_0250__por_por__conversas_com_trigueirinho_n250.mp3\" data-title=\"conversas com trigueirinho n\u00ba 250\" data-rel=\"\" data-target=\"\" data-meta=\"#fap-meta-69e493892e490\" class=\"fap-single-track fap-track-button fap-play-button\" data-enqueue=\"no\" data-autoenqueue=\"no\" title=\"conversas com trigueirinho n\u00ba 250\"><span class=\"fap-icon-play\"><\/span>Ouvir<\/span> <a href=\"https:\/\/www.irdin.org.br\/site\/envios\/audios\/0023_0250__por_por__conversas_com_trigueirinho_n250.mp3\" class=\"baixar\" download><span class=\"fa fa-arrow-down\"><\/span>Baixar<\/span><\/a> <span class=\"textobaixar\"> conversas com trigueirinho n\u00ba 250<\/span><\/p>\n<p>&nbsp;<\/p>\n","protected":false},"excerpt":{"rendered":"<p>Os pelos dos c\u00e3es \/ Diferentes trabalhos com a Natureza \/ C\u00e2ncer, enfermidade planet\u00e1ria \/ Oferta \u00e0 cura \/ Do<\/p>\n","protected":false},"featured_media":37803,"template":"","meta":{"_acf_changed":false},"product_brand":[],"product_cat":[18076,33068],"product_tag":[39987],"class_list":{"0":"post-83334","1":"product","2":"type-product","3":"status-publish","4":"has-post-thumbnail","6":"product_cat-cddvd","7":"product_cat-palestras","8":"product_tag-39987","9":"pa_autor-trigueirinho","10":"pa_codigo-da-serie-31985","11":"pa_codigo-externo-00230250porcd","12":"pa_data-de-gravacao-21425","13":"pa_duracao-36min","14":"pa_idioma-de-destino-portugues","15":"pa_idioma-de-origem-portugues","16":"pa_lancamento-no","17":"pa_midia-cd","18":"pa_moac-39986","19":"pa_quantidade-de-saldo-33067","20":"pa_sequencial-da-serie-32518","21":"pa_tipo-de-traducao-nao-classificado","23":"first","24":"outofstock","25":"product-type-simple"},"acf":[],"_links":{"self":[{"href":"https:\/\/www.irdin.org.br\/site\/wp-json\/wp\/v2\/product\/83334","targetHints":{"allow":["GET"]}}],"collection":[{"href":"https:\/\/www.irdin.org.br\/site\/wp-json\/wp\/v2\/product"}],"about":[{"href":"https:\/\/www.irdin.org.br\/site\/wp-json\/wp\/v2\/types\/product"}],"version-history":[{"count":1,"href":"https:\/\/www.irdin.org.br\/site\/wp-json\/wp\/v2\/product\/83334\/revisions"}],"predecessor-version":[{"id":108886,"href":"https:\/\/www.irdin.org.br\/site\/wp-json\/wp\/v2\/product\/83334\/revisions\/108886"}],"wp:featuredmedia":[{"embeddable":true,"href":"https:\/\/www.irdin.org.br\/site\/wp-json\/wp\/v2\/media\/37803"}],"wp:attachment":[{"href":"https:\/\/www.irdin.org.br\/site\/wp-json\/wp\/v2\/media?parent=83334"}],"wp:term":[{"taxonomy":"product_brand","embeddable":true,"href":"https:\/\/www.irdin.org.br\/site\/wp-json\/wp\/v2\/product_brand?post=83334"},{"taxonomy":"product_cat","embeddable":true,"href":"https:\/\/www.irdin.org.br\/site\/wp-json\/wp\/v2\/product_cat?post=83334"},{"taxonomy":"product_tag","embeddable":true,"href":"https:\/\/www.irdin.org.br\/site\/wp-json\/wp\/v2\/product_tag?post=83334"}],"curies":[{"name":"wp","href":"https:\/\/api.w.org\/{rel}","templated":true}]}}