{"id":83360,"date":"2018-04-26T18:20:10","date_gmt":"2018-04-26T18:20:10","guid":{"rendered":"http:\/\/www.irdin.org.br\/site\/produto\/conversas-com-trigueirinho-no-276\/"},"modified":"2025-03-15T21:05:44","modified_gmt":"2025-03-15T21:05:44","slug":"conversas-com-trigueirinho-no-276","status":"publish","type":"product","link":"https:\/\/www.irdin.org.br\/site\/produtos\/conversas-com-trigueirinho-no-276\/","title":{"rendered":"Conversas com Trigueirinho n\u00ba 276"},"content":{"rendered":"<p><em>Aprender com a maternidade \/ A fam\u00edlia como campo de servi\u00e7o \/ Preparo para o fim dos tempos \/ Nosso or\u00e1culo interno \/ Causas da indecis\u00e3o \/ Optar pela ascese \/ Al\u00edvio de cargas \/ Limpeza do subconsciente \/ Aspectos experientes do ser \/ Conhecimento \/ Contatos com a realidade superior \/ Hostilidade \/ Amplia\u00e7\u00e3o da consci\u00eancia \/ N\u00f3s e o espa\u00e7o<\/em><\/p>\n<p>&nbsp;<br \/>\n<strong>Ou\u00e7a agora:<\/strong><\/p>\n<p><span data-href=\"https:\/\/www.irdin.org.br\/site\/envios\/audios\/0023_0276__por_por__conversas_com_trigueirinho_n276.mp3\" data-title=\"conversas com trigueirinho n\u00ba 276\" data-rel=\"\" data-target=\"\" data-meta=\"#fap-meta-69ff9706a20e6\" class=\"fap-single-track fap-track-button fap-play-button\" data-enqueue=\"no\" data-autoenqueue=\"no\" title=\"conversas com trigueirinho n\u00ba 276\"><span class=\"fap-icon-play\"><\/span>Ouvir<\/span> <a href=\"https:\/\/www.irdin.org.br\/site\/envios\/audios\/0023_0276__por_por__conversas_com_trigueirinho_n276.mp3\" class=\"baixar\" download><span class=\"fa fa-arrow-down\"><\/span>Baixar<\/span><\/a> <span class=\"textobaixar\"> conversas com trigueirinho n\u00ba 276<\/span><\/p>\n<p>&nbsp;<\/p>\n","protected":false},"excerpt":{"rendered":"<p>Aprender com a maternidade \/ A fam\u00edlia como campo de servi\u00e7o \/ Preparo para o fim dos tempos \/ Nosso<\/p>\n","protected":false},"featured_media":37803,"template":"","meta":{"_acf_changed":false},"product_brand":[],"product_cat":[18076,33068],"product_tag":[40039],"class_list":{"0":"post-83360","1":"product","2":"type-product","3":"status-publish","4":"has-post-thumbnail","6":"product_cat-cddvd","7":"product_cat-palestras","8":"product_tag-40039","9":"pa_autor-trigueirinho","10":"pa_codigo-da-serie-31985","11":"pa_codigo-externo-00230276porcd","12":"pa_data-de-gravacao-21499","13":"pa_duracao-39min","14":"pa_idioma-de-destino-portugues","15":"pa_idioma-de-origem-portugues","16":"pa_lancamento-no","17":"pa_midia-cd","18":"pa_moac-40038","19":"pa_quantidade-de-saldo-33067","20":"pa_sequencial-da-serie-32573","21":"pa_tipo-de-traducao-nao-classificado","23":"first","24":"outofstock","25":"product-type-simple"},"acf":[],"_links":{"self":[{"href":"https:\/\/www.irdin.org.br\/site\/wp-json\/wp\/v2\/product\/83360","targetHints":{"allow":["GET"]}}],"collection":[{"href":"https:\/\/www.irdin.org.br\/site\/wp-json\/wp\/v2\/product"}],"about":[{"href":"https:\/\/www.irdin.org.br\/site\/wp-json\/wp\/v2\/types\/product"}],"version-history":[{"count":1,"href":"https:\/\/www.irdin.org.br\/site\/wp-json\/wp\/v2\/product\/83360\/revisions"}],"predecessor-version":[{"id":108833,"href":"https:\/\/www.irdin.org.br\/site\/wp-json\/wp\/v2\/product\/83360\/revisions\/108833"}],"wp:featuredmedia":[{"embeddable":true,"href":"https:\/\/www.irdin.org.br\/site\/wp-json\/wp\/v2\/media\/37803"}],"wp:attachment":[{"href":"https:\/\/www.irdin.org.br\/site\/wp-json\/wp\/v2\/media?parent=83360"}],"wp:term":[{"taxonomy":"product_brand","embeddable":true,"href":"https:\/\/www.irdin.org.br\/site\/wp-json\/wp\/v2\/product_brand?post=83360"},{"taxonomy":"product_cat","embeddable":true,"href":"https:\/\/www.irdin.org.br\/site\/wp-json\/wp\/v2\/product_cat?post=83360"},{"taxonomy":"product_tag","embeddable":true,"href":"https:\/\/www.irdin.org.br\/site\/wp-json\/wp\/v2\/product_tag?post=83360"}],"curies":[{"name":"wp","href":"https:\/\/api.w.org\/{rel}","templated":true}]}}