{"id":83365,"date":"2018-04-26T18:20:10","date_gmt":"2018-04-26T18:20:10","guid":{"rendered":"http:\/\/www.irdin.org.br\/site\/produto\/conversas-com-trigueirinho-no-282\/"},"modified":"2025-03-15T21:06:36","modified_gmt":"2025-03-15T21:06:36","slug":"conversas-com-trigueirinho-no-282","status":"publish","type":"product","link":"https:\/\/www.irdin.org.br\/site\/produtos\/conversas-com-trigueirinho-no-282\/","title":{"rendered":"Conversas com Trigueirinho n\u00ba 282"},"content":{"rendered":"<p><em>Imposi\u00e7\u00e3o de m\u00e3os e evolu\u00e7\u00e3o das t\u00e9cnicas de cura \/ Atua\u00e7\u00e3o das plantas em n\u00f3s \/ Sonhos com acidentes \/ Uso do sal e do a\u00e7\u00facar na alimenta\u00e7\u00e3o \/ Fraternidade \/ A alma animal de seres humanos \/ As v\u00e1rias mortes pelas quais passamos \/ Comunica\u00e7\u00f5es da alma \/ Que \u00e9 o para\u00edso? \/ Mestres ascensionados<\/em><\/p>\n<p>&nbsp;<br \/>\n<strong>Ou\u00e7a agora:<\/strong><\/p>\n<p><span data-href=\"https:\/\/www.irdin.org.br\/site\/envios\/audios\/0023_0282__por_por__conversas_com_trigueirinho_n282.mp3\" data-title=\"conversas com trigueirinho n\u00ba 282\" data-rel=\"\" data-target=\"\" data-meta=\"#fap-meta-69e3ffda475a7\" class=\"fap-single-track fap-track-button fap-play-button\" data-enqueue=\"no\" data-autoenqueue=\"no\" title=\"conversas com trigueirinho n\u00ba 282\"><span class=\"fap-icon-play\"><\/span>Ouvir<\/span> <a href=\"https:\/\/www.irdin.org.br\/site\/envios\/audios\/0023_0282__por_por__conversas_com_trigueirinho_n282.mp3\" class=\"baixar\" download><span class=\"fa fa-arrow-down\"><\/span>Baixar<\/span><\/a> <span class=\"textobaixar\"> conversas com trigueirinho n\u00ba 282<\/span><\/p>\n<p>&nbsp;<\/p>\n","protected":false},"excerpt":{"rendered":"<p>Imposi\u00e7\u00e3o de m\u00e3os e evolu\u00e7\u00e3o das t\u00e9cnicas de cura \/ Atua\u00e7\u00e3o das plantas em n\u00f3s \/ Sonhos com acidentes \/<\/p>\n","protected":false},"featured_media":37803,"template":"","meta":{"_acf_changed":false},"product_brand":[],"product_cat":[18076,33068],"product_tag":[40049],"class_list":{"0":"post-83365","1":"product","2":"type-product","3":"status-publish","4":"has-post-thumbnail","6":"product_cat-cddvd","7":"product_cat-palestras","8":"product_tag-40049","9":"pa_autor-trigueirinho","10":"pa_codigo-da-serie-31985","11":"pa_codigo-externo-00230282porcd","12":"pa_data-de-gravacao-21517","13":"pa_duracao-38min","14":"pa_idioma-de-destino-portugues","15":"pa_idioma-de-origem-portugues","16":"pa_lancamento-no","17":"pa_midia-cd","18":"pa_moac-40048","19":"pa_quantidade-de-saldo-33067","20":"pa_sequencial-da-serie-32585","21":"pa_tipo-de-traducao-nao-classificado","23":"first","24":"outofstock","25":"product-type-simple"},"acf":[],"_links":{"self":[{"href":"https:\/\/www.irdin.org.br\/site\/wp-json\/wp\/v2\/product\/83365","targetHints":{"allow":["GET"]}}],"collection":[{"href":"https:\/\/www.irdin.org.br\/site\/wp-json\/wp\/v2\/product"}],"about":[{"href":"https:\/\/www.irdin.org.br\/site\/wp-json\/wp\/v2\/types\/product"}],"version-history":[{"count":1,"href":"https:\/\/www.irdin.org.br\/site\/wp-json\/wp\/v2\/product\/83365\/revisions"}],"predecessor-version":[{"id":108838,"href":"https:\/\/www.irdin.org.br\/site\/wp-json\/wp\/v2\/product\/83365\/revisions\/108838"}],"wp:featuredmedia":[{"embeddable":true,"href":"https:\/\/www.irdin.org.br\/site\/wp-json\/wp\/v2\/media\/37803"}],"wp:attachment":[{"href":"https:\/\/www.irdin.org.br\/site\/wp-json\/wp\/v2\/media?parent=83365"}],"wp:term":[{"taxonomy":"product_brand","embeddable":true,"href":"https:\/\/www.irdin.org.br\/site\/wp-json\/wp\/v2\/product_brand?post=83365"},{"taxonomy":"product_cat","embeddable":true,"href":"https:\/\/www.irdin.org.br\/site\/wp-json\/wp\/v2\/product_cat?post=83365"},{"taxonomy":"product_tag","embeddable":true,"href":"https:\/\/www.irdin.org.br\/site\/wp-json\/wp\/v2\/product_tag?post=83365"}],"curies":[{"name":"wp","href":"https:\/\/api.w.org\/{rel}","templated":true}]}}