{"id":83366,"date":"2018-04-26T18:20:10","date_gmt":"2018-04-26T18:20:10","guid":{"rendered":"http:\/\/www.irdin.org.br\/site\/produto\/conversas-com-trigueirinho-no-283\/"},"modified":"2025-03-15T21:06:48","modified_gmt":"2025-03-15T21:06:48","slug":"conversas-com-trigueirinho-no-283","status":"publish","type":"product","link":"https:\/\/www.irdin.org.br\/site\/produtos\/conversas-com-trigueirinho-no-283\/","title":{"rendered":"Conversas com Trigueirinho n\u00ba 283"},"content":{"rendered":"<p><em>Ins\u00f4nia \/ S\u00e3o Francisco de Assis, consci\u00eancia em evolu\u00e7\u00e3o \/ Momentos de ora\u00e7\u00e3o \/ Ambi\u00e7\u00e3o e apego \/ Discernimento sobre mudan\u00e7as a fazer \/ Ado\u00e7\u00e3o de crian\u00e7as \/ Eutan\u00e1sia de animais \/ O elemento \u00e1gua \/ A Equipe de A\u00e7\u00e3o Imediata \/ O aquecimento global da Terra \/ Mirna Jad e grupos internos \/ Os n\u00edveis superiores da mente<\/em><\/p>\n<p>&nbsp;<br \/>\n<strong>Ou\u00e7a agora:<\/strong><\/p>\n<p><span data-href=\"https:\/\/www.irdin.org.br\/site\/envios\/audios\/0023_0283__por_por__conversas_com_trigueirinho_n283.mp3\" data-title=\"conversas com trigueirinho n\u00ba 283\" data-rel=\"\" data-target=\"\" data-meta=\"#fap-meta-69e3d17ea6be1\" class=\"fap-single-track fap-track-button fap-play-button\" data-enqueue=\"no\" data-autoenqueue=\"no\" title=\"conversas com trigueirinho n\u00ba 283\"><span class=\"fap-icon-play\"><\/span>Ouvir<\/span> <a href=\"https:\/\/www.irdin.org.br\/site\/envios\/audios\/0023_0283__por_por__conversas_com_trigueirinho_n283.mp3\" class=\"baixar\" download><span class=\"fa fa-arrow-down\"><\/span>Baixar<\/span><\/a> <span class=\"textobaixar\"> conversas com trigueirinho n\u00ba 283<\/span><\/p>\n<p>&nbsp;<\/p>\n","protected":false},"excerpt":{"rendered":"<p>Ins\u00f4nia \/ S\u00e3o Francisco de Assis, consci\u00eancia em evolu\u00e7\u00e3o \/ Momentos de ora\u00e7\u00e3o \/ Ambi\u00e7\u00e3o e apego \/ Discernimento sobre<\/p>\n","protected":false},"featured_media":37803,"template":"","meta":{"_acf_changed":false},"product_brand":[],"product_cat":[18076,33068],"product_tag":[40051],"class_list":{"0":"post-83366","1":"product","2":"type-product","3":"status-publish","4":"has-post-thumbnail","6":"product_cat-cddvd","7":"product_cat-palestras","8":"product_tag-40051","9":"pa_autor-trigueirinho","10":"pa_codigo-da-serie-31985","11":"pa_codigo-externo-00230283porcd","12":"pa_data-de-gravacao-21520","13":"pa_duracao-50min","14":"pa_idioma-de-destino-portugues","15":"pa_idioma-de-origem-portugues","16":"pa_lancamento-no","17":"pa_midia-cd","18":"pa_moac-40050","19":"pa_quantidade-de-saldo-33067","20":"pa_sequencial-da-serie-32587","21":"pa_tipo-de-traducao-nao-classificado","23":"first","24":"outofstock","25":"product-type-simple"},"acf":[],"_links":{"self":[{"href":"https:\/\/www.irdin.org.br\/site\/wp-json\/wp\/v2\/product\/83366","targetHints":{"allow":["GET"]}}],"collection":[{"href":"https:\/\/www.irdin.org.br\/site\/wp-json\/wp\/v2\/product"}],"about":[{"href":"https:\/\/www.irdin.org.br\/site\/wp-json\/wp\/v2\/types\/product"}],"version-history":[{"count":1,"href":"https:\/\/www.irdin.org.br\/site\/wp-json\/wp\/v2\/product\/83366\/revisions"}],"predecessor-version":[{"id":108839,"href":"https:\/\/www.irdin.org.br\/site\/wp-json\/wp\/v2\/product\/83366\/revisions\/108839"}],"wp:featuredmedia":[{"embeddable":true,"href":"https:\/\/www.irdin.org.br\/site\/wp-json\/wp\/v2\/media\/37803"}],"wp:attachment":[{"href":"https:\/\/www.irdin.org.br\/site\/wp-json\/wp\/v2\/media?parent=83366"}],"wp:term":[{"taxonomy":"product_brand","embeddable":true,"href":"https:\/\/www.irdin.org.br\/site\/wp-json\/wp\/v2\/product_brand?post=83366"},{"taxonomy":"product_cat","embeddable":true,"href":"https:\/\/www.irdin.org.br\/site\/wp-json\/wp\/v2\/product_cat?post=83366"},{"taxonomy":"product_tag","embeddable":true,"href":"https:\/\/www.irdin.org.br\/site\/wp-json\/wp\/v2\/product_tag?post=83366"}],"curies":[{"name":"wp","href":"https:\/\/api.w.org\/{rel}","templated":true}]}}