{"id":83376,"date":"2018-04-26T18:20:10","date_gmt":"2018-04-26T18:20:10","guid":{"rendered":"http:\/\/www.irdin.org.br\/site\/produto\/conversas-com-trigueirinho-no-293\/"},"modified":"2025-03-15T21:08:53","modified_gmt":"2025-03-15T21:08:53","slug":"conversas-com-trigueirinho-no-293","status":"publish","type":"product","link":"https:\/\/www.irdin.org.br\/site\/produtos\/conversas-com-trigueirinho-no-293\/","title":{"rendered":"Conversas com Trigueirinho n\u00ba 293"},"content":{"rendered":"<p><em>O tempo interno \/ Sonho com baratas \/ Vida c\u00e1rmica e vida interior \/ Transforma\u00e7\u00e3o da personalidade \/ Simplicidade diante de n\u00f3s mesmos \/ Consci\u00eancia m\u00edstica e consci\u00eancia espiritual \/ Instru\u00e7\u00e3o interna \/ Ajuda do Alto \/ Alma e m\u00f4nada \/ Sinal de um chamado \/ Mudan\u00e7a planet\u00e1ria \/ Supera\u00e7\u00e3o de paix\u00f5es \/ Contatos superiores da m\u00f4nada \/ Trabalhos de H\u00e9rcules<\/em><\/p>\n<p>&nbsp;<br \/>\n<strong>Ou\u00e7a agora:<\/strong><\/p>\n<p><span data-href=\"https:\/\/www.irdin.org.br\/site\/envios\/audios\/0023_0293__por_por__conversas_com_trigueirinho_n293.mp3\" data-title=\"conversas com trigueirinho n\u00ba 293\" data-rel=\"\" data-target=\"\" data-meta=\"#fap-meta-69e2935709611\" class=\"fap-single-track fap-track-button fap-play-button\" data-enqueue=\"no\" data-autoenqueue=\"no\" title=\"conversas com trigueirinho n\u00ba 293\"><span class=\"fap-icon-play\"><\/span>Ouvir<\/span> <a href=\"https:\/\/www.irdin.org.br\/site\/envios\/audios\/0023_0293__por_por__conversas_com_trigueirinho_n293.mp3\" class=\"baixar\" download><span class=\"fa fa-arrow-down\"><\/span>Baixar<\/span><\/a> <span class=\"textobaixar\"> conversas com trigueirinho n\u00ba 293<\/span><\/p>\n<p>&nbsp;<\/p>\n","protected":false},"excerpt":{"rendered":"<p>O tempo interno \/ Sonho com baratas \/ Vida c\u00e1rmica e vida interior \/ Transforma\u00e7\u00e3o da personalidade \/ Simplicidade diante<\/p>\n","protected":false},"featured_media":37803,"template":"","meta":{"_acf_changed":false},"product_brand":[],"product_cat":[18076,33068],"product_tag":[40071],"class_list":{"0":"post-83376","1":"product","2":"type-product","3":"status-publish","4":"has-post-thumbnail","6":"product_cat-cddvd","7":"product_cat-palestras","8":"product_tag-40071","9":"pa_autor-trigueirinho","10":"pa_codigo-da-serie-31985","11":"pa_codigo-externo-00230293porcd","12":"pa_data-de-gravacao-21550","13":"pa_duracao-34min","14":"pa_idioma-de-destino-portugues","15":"pa_idioma-de-origem-portugues","16":"pa_lancamento-no","17":"pa_midia-cd","18":"pa_moac-40070","19":"pa_quantidade-de-saldo-33067","20":"pa_sequencial-da-serie-32607","21":"pa_tipo-de-traducao-nao-classificado","23":"first","24":"outofstock","25":"product-type-simple"},"acf":[],"_links":{"self":[{"href":"https:\/\/www.irdin.org.br\/site\/wp-json\/wp\/v2\/product\/83376","targetHints":{"allow":["GET"]}}],"collection":[{"href":"https:\/\/www.irdin.org.br\/site\/wp-json\/wp\/v2\/product"}],"about":[{"href":"https:\/\/www.irdin.org.br\/site\/wp-json\/wp\/v2\/types\/product"}],"version-history":[{"count":1,"href":"https:\/\/www.irdin.org.br\/site\/wp-json\/wp\/v2\/product\/83376\/revisions"}],"predecessor-version":[{"id":108849,"href":"https:\/\/www.irdin.org.br\/site\/wp-json\/wp\/v2\/product\/83376\/revisions\/108849"}],"wp:featuredmedia":[{"embeddable":true,"href":"https:\/\/www.irdin.org.br\/site\/wp-json\/wp\/v2\/media\/37803"}],"wp:attachment":[{"href":"https:\/\/www.irdin.org.br\/site\/wp-json\/wp\/v2\/media?parent=83376"}],"wp:term":[{"taxonomy":"product_brand","embeddable":true,"href":"https:\/\/www.irdin.org.br\/site\/wp-json\/wp\/v2\/product_brand?post=83376"},{"taxonomy":"product_cat","embeddable":true,"href":"https:\/\/www.irdin.org.br\/site\/wp-json\/wp\/v2\/product_cat?post=83376"},{"taxonomy":"product_tag","embeddable":true,"href":"https:\/\/www.irdin.org.br\/site\/wp-json\/wp\/v2\/product_tag?post=83376"}],"curies":[{"name":"wp","href":"https:\/\/api.w.org\/{rel}","templated":true}]}}