{"id":83383,"date":"2018-04-26T18:20:29","date_gmt":"2018-04-26T18:20:29","guid":{"rendered":"http:\/\/www.irdin.org.br\/site\/produto\/conversas-com-trigueirinho-no-300\/"},"modified":"2025-03-15T21:01:35","modified_gmt":"2025-03-15T21:01:35","slug":"conversas-com-trigueirinho-no-300","status":"publish","type":"product","link":"https:\/\/www.irdin.org.br\/site\/produtos\/conversas-com-trigueirinho-no-300\/","title":{"rendered":"Conversas com Trigueirinho n\u00ba 300"},"content":{"rendered":"<p><em>Horas de sono \/ Uni\u00e3o das partes do ser \/ For\u00e7as emocionais \/ Louvor \u00e0 mat\u00e9ria purificada \/ Sonhos com \u00e1gua \/ Formas-pensamentos \/ Ajuda superior \/ Provas do ego e humildade \/ Causas de colis\u00f5es no plano f\u00edsico \/ Sa\u00eddas do corpo \/ Arqu\u00e9tipos \/ O papel do terapeuta \/ Harmonia com a Natureza \/ Aprender a optar \/ Os papas ante problemas sociais \/ Tempos de hoje \/ Clareza sobre servi\u00e7o de ora\u00e7\u00e3o<\/em><\/p>\n<p>&nbsp;<br \/>\n<strong>Ou\u00e7a agora:<\/strong><\/p>\n<p><span data-href=\"https:\/\/www.irdin.org.br\/site\/envios\/audios\/0023_0300__por_por__conversas_com_trigueirinho_n300.mp3\" data-title=\"conversas com trigueirinho n\u00ba 300\" data-rel=\"\" data-target=\"\" data-meta=\"#fap-meta-69e27bdb03f2c\" class=\"fap-single-track fap-track-button fap-play-button\" data-enqueue=\"no\" data-autoenqueue=\"no\" title=\"conversas com trigueirinho n\u00ba 300\"><span class=\"fap-icon-play\"><\/span>Ouvir<\/span> <a href=\"https:\/\/www.irdin.org.br\/site\/envios\/audios\/0023_0300__por_por__conversas_com_trigueirinho_n300.mp3\" class=\"baixar\" download><span class=\"fa fa-arrow-down\"><\/span>Baixar<\/span><\/a> <span class=\"textobaixar\"> conversas com trigueirinho n\u00ba 300<\/span><\/p>\n<p>&nbsp;<\/p>\n","protected":false},"excerpt":{"rendered":"<p>Horas de sono \/ Uni\u00e3o das partes do ser \/ For\u00e7as emocionais \/ Louvor \u00e0 mat\u00e9ria purificada \/ Sonhos com<\/p>\n","protected":false},"featured_media":37803,"template":"","meta":{"_acf_changed":false},"product_brand":[],"product_cat":[18076,33068],"product_tag":[40085],"class_list":{"0":"post-83383","1":"product","2":"type-product","3":"status-publish","4":"has-post-thumbnail","6":"product_cat-cddvd","7":"product_cat-palestras","8":"product_tag-40085","9":"pa_autor-trigueirinho","10":"pa_codigo-da-serie-31985","11":"pa_codigo-externo-00230300porcd","12":"pa_data-de-gravacao-21570","13":"pa_duracao-49min","14":"pa_idioma-de-destino-portugues","15":"pa_idioma-de-origem-portugues","16":"pa_lancamento-no","17":"pa_midia-cd","18":"pa_moac-40084","19":"pa_quantidade-de-saldo-33067","20":"pa_sequencial-da-serie-32622","21":"pa_tipo-de-traducao-nao-classificado","23":"first","24":"outofstock","25":"product-type-simple"},"acf":[],"_links":{"self":[{"href":"https:\/\/www.irdin.org.br\/site\/wp-json\/wp\/v2\/product\/83383","targetHints":{"allow":["GET"]}}],"collection":[{"href":"https:\/\/www.irdin.org.br\/site\/wp-json\/wp\/v2\/product"}],"about":[{"href":"https:\/\/www.irdin.org.br\/site\/wp-json\/wp\/v2\/types\/product"}],"version-history":[{"count":1,"href":"https:\/\/www.irdin.org.br\/site\/wp-json\/wp\/v2\/product\/83383\/revisions"}],"predecessor-version":[{"id":108816,"href":"https:\/\/www.irdin.org.br\/site\/wp-json\/wp\/v2\/product\/83383\/revisions\/108816"}],"wp:featuredmedia":[{"embeddable":true,"href":"https:\/\/www.irdin.org.br\/site\/wp-json\/wp\/v2\/media\/37803"}],"wp:attachment":[{"href":"https:\/\/www.irdin.org.br\/site\/wp-json\/wp\/v2\/media?parent=83383"}],"wp:term":[{"taxonomy":"product_brand","embeddable":true,"href":"https:\/\/www.irdin.org.br\/site\/wp-json\/wp\/v2\/product_brand?post=83383"},{"taxonomy":"product_cat","embeddable":true,"href":"https:\/\/www.irdin.org.br\/site\/wp-json\/wp\/v2\/product_cat?post=83383"},{"taxonomy":"product_tag","embeddable":true,"href":"https:\/\/www.irdin.org.br\/site\/wp-json\/wp\/v2\/product_tag?post=83383"}],"curies":[{"name":"wp","href":"https:\/\/api.w.org\/{rel}","templated":true}]}}