{"id":83384,"date":"2018-04-26T18:20:29","date_gmt":"2018-04-26T18:20:29","guid":{"rendered":"http:\/\/www.irdin.org.br\/site\/produto\/conversas-com-trigueirinho-no-301\/"},"modified":"2025-03-15T21:01:44","modified_gmt":"2025-03-15T21:01:44","slug":"conversas-com-trigueirinho-no-301","status":"publish","type":"product","link":"https:\/\/www.irdin.org.br\/site\/produtos\/conversas-com-trigueirinho-no-301\/","title":{"rendered":"Conversas com Trigueirinho n\u00ba 301"},"content":{"rendered":"<p><em>Disputas \/ Destino b\u00e1sico \/ Efeitos da ingest\u00e3o de carne \/ N\u00e3o se deixar invadir pelos outros \/ Doa\u00e7\u00e3o de si \/ Transforma\u00e7\u00f5es aparentes \/ P\u00f3los complementares \/ Animais que se nutrem da mente humana \/ Indica\u00e7\u00e3o on\u00edrica \/ Matrim\u00f4nio planejado pela alma \/ Repress\u00e3o ou controle da energia sexual \/ Supera\u00e7\u00e3o do desejo \/ Sublima\u00e7\u00e3o \/ Rumo ao desconhecido \/ Uma personalidade diferente a cada vida<\/em><\/p>\n<p>&nbsp;<br \/>\n<strong>Ou\u00e7a agora:<\/strong><\/p>\n<p><span data-href=\"https:\/\/www.irdin.org.br\/site\/envios\/audios\/0023_0301__por_por__conversas_com_trigueirinho_n301.mp3\" data-title=\"conversas com trigueirinho n\u00ba 301\" data-rel=\"\" data-target=\"\" data-meta=\"#fap-meta-69e264101e87d\" class=\"fap-single-track fap-track-button fap-play-button\" data-enqueue=\"no\" data-autoenqueue=\"no\" title=\"conversas com trigueirinho n\u00ba 301\"><span class=\"fap-icon-play\"><\/span>Ouvir<\/span> <a href=\"https:\/\/www.irdin.org.br\/site\/envios\/audios\/0023_0301__por_por__conversas_com_trigueirinho_n301.mp3\" class=\"baixar\" download><span class=\"fa fa-arrow-down\"><\/span>Baixar<\/span><\/a> <span class=\"textobaixar\"> conversas com trigueirinho n\u00ba 301<\/span><\/p>\n<p>&nbsp;<\/p>\n","protected":false},"excerpt":{"rendered":"<p>Disputas \/ Destino b\u00e1sico \/ Efeitos da ingest\u00e3o de carne \/ N\u00e3o se deixar invadir pelos outros \/ Doa\u00e7\u00e3o de<\/p>\n","protected":false},"featured_media":37803,"template":"","meta":{"_acf_changed":false},"product_brand":[],"product_cat":[18076,33068],"product_tag":[40087],"class_list":{"0":"post-83384","1":"product","2":"type-product","3":"status-publish","4":"has-post-thumbnail","6":"product_cat-cddvd","7":"product_cat-palestras","8":"product_tag-40087","9":"pa_autor-trigueirinho","10":"pa_codigo-da-serie-31985","11":"pa_codigo-externo-00230301porcd","12":"pa_data-de-gravacao-21573","13":"pa_duracao-41min","14":"pa_idioma-de-destino-portugues","15":"pa_idioma-de-origem-portugues","16":"pa_lancamento-no","17":"pa_midia-cd","18":"pa_moac-40086","19":"pa_quantidade-de-saldo-33067","20":"pa_sequencial-da-serie-32625","21":"pa_tipo-de-traducao-nao-classificado","23":"first","24":"outofstock","25":"product-type-simple"},"acf":[],"_links":{"self":[{"href":"https:\/\/www.irdin.org.br\/site\/wp-json\/wp\/v2\/product\/83384","targetHints":{"allow":["GET"]}}],"collection":[{"href":"https:\/\/www.irdin.org.br\/site\/wp-json\/wp\/v2\/product"}],"about":[{"href":"https:\/\/www.irdin.org.br\/site\/wp-json\/wp\/v2\/types\/product"}],"version-history":[{"count":1,"href":"https:\/\/www.irdin.org.br\/site\/wp-json\/wp\/v2\/product\/83384\/revisions"}],"predecessor-version":[{"id":108817,"href":"https:\/\/www.irdin.org.br\/site\/wp-json\/wp\/v2\/product\/83384\/revisions\/108817"}],"wp:featuredmedia":[{"embeddable":true,"href":"https:\/\/www.irdin.org.br\/site\/wp-json\/wp\/v2\/media\/37803"}],"wp:attachment":[{"href":"https:\/\/www.irdin.org.br\/site\/wp-json\/wp\/v2\/media?parent=83384"}],"wp:term":[{"taxonomy":"product_brand","embeddable":true,"href":"https:\/\/www.irdin.org.br\/site\/wp-json\/wp\/v2\/product_brand?post=83384"},{"taxonomy":"product_cat","embeddable":true,"href":"https:\/\/www.irdin.org.br\/site\/wp-json\/wp\/v2\/product_cat?post=83384"},{"taxonomy":"product_tag","embeddable":true,"href":"https:\/\/www.irdin.org.br\/site\/wp-json\/wp\/v2\/product_tag?post=83384"}],"curies":[{"name":"wp","href":"https:\/\/api.w.org\/{rel}","templated":true}]}}