{"id":83388,"date":"2018-04-26T18:20:29","date_gmt":"2018-04-26T18:20:29","guid":{"rendered":"http:\/\/www.irdin.org.br\/site\/produto\/conversas-com-trigueirinho-no-305\/"},"modified":"2025-03-15T21:02:21","modified_gmt":"2025-03-15T21:02:21","slug":"conversas-com-trigueirinho-no-305","status":"publish","type":"product","link":"https:\/\/www.irdin.org.br\/site\/produtos\/conversas-com-trigueirinho-no-305\/","title":{"rendered":"Conversas com Trigueirinho n\u00ba 305"},"content":{"rendered":"<p><em>Psicotr\u00f3picos \/ Regentes solares \/ Fun\u00e7\u00e3o de Mayhuma no planeta Terra \/ Vida al\u00e9m de apar\u00eancias \/ Sonhos que continuam relacionamentos j\u00e1 encerrados \/ Indecis\u00e3o no caminho espiritual \/ Influ\u00eancia do subconsciente nos sonhos \/ Liga\u00e7\u00e3o de plantas conosco \/ Perigos da devo\u00e7\u00e3o \/ Potencial dos devotos \/ Devo\u00e7\u00e3o e vigil\u00e2ncia \/ Vias abertas pela devo\u00e7\u00e3o<\/em><\/p>\n<p>&nbsp;<br \/>\n<strong>Ou\u00e7a agora:<\/strong><\/p>\n<p><span data-href=\"https:\/\/www.irdin.org.br\/site\/envios\/audios\/0023_0305__por_por__conversas_com_trigueirinho_n305.mp3\" data-title=\"conversas com trigueirinho n\u00ba 305\" data-rel=\"\" data-target=\"\" data-meta=\"#fap-meta-69e3c546f38de\" class=\"fap-single-track fap-track-button fap-play-button\" data-enqueue=\"no\" data-autoenqueue=\"no\" title=\"conversas com trigueirinho n\u00ba 305\"><span class=\"fap-icon-play\"><\/span>Ouvir<\/span> <a href=\"https:\/\/www.irdin.org.br\/site\/envios\/audios\/0023_0305__por_por__conversas_com_trigueirinho_n305.mp3\" class=\"baixar\" download><span class=\"fa fa-arrow-down\"><\/span>Baixar<\/span><\/a> <span class=\"textobaixar\"> conversas com trigueirinho n\u00ba 305<\/span><\/p>\n<p>&nbsp;<\/p>\n","protected":false},"excerpt":{"rendered":"<p>Psicotr\u00f3picos \/ Regentes solares \/ Fun\u00e7\u00e3o de Mayhuma no planeta Terra \/ Vida al\u00e9m de apar\u00eancias \/ Sonhos que continuam<\/p>\n","protected":false},"featured_media":37803,"template":"","meta":{"_acf_changed":false},"product_brand":[],"product_cat":[18076,33068],"product_tag":[40095],"class_list":{"0":"post-83388","1":"product","2":"type-product","3":"status-publish","4":"has-post-thumbnail","6":"product_cat-cddvd","7":"product_cat-palestras","8":"product_tag-40095","9":"pa_autor-trigueirinho","10":"pa_codigo-da-serie-31985","11":"pa_codigo-externo-00230305porcd","12":"pa_data-de-gravacao-21585","13":"pa_duracao-46min","14":"pa_idioma-de-destino-portugues","15":"pa_idioma-de-origem-portugues","16":"pa_lancamento-no","17":"pa_midia-cd","18":"pa_moac-40094","19":"pa_quantidade-de-saldo-33067","20":"pa_sequencial-da-serie-32632","21":"pa_tipo-de-traducao-nao-classificado","23":"first","24":"outofstock","25":"product-type-simple"},"acf":[],"_links":{"self":[{"href":"https:\/\/www.irdin.org.br\/site\/wp-json\/wp\/v2\/product\/83388","targetHints":{"allow":["GET"]}}],"collection":[{"href":"https:\/\/www.irdin.org.br\/site\/wp-json\/wp\/v2\/product"}],"about":[{"href":"https:\/\/www.irdin.org.br\/site\/wp-json\/wp\/v2\/types\/product"}],"version-history":[{"count":1,"href":"https:\/\/www.irdin.org.br\/site\/wp-json\/wp\/v2\/product\/83388\/revisions"}],"predecessor-version":[{"id":108821,"href":"https:\/\/www.irdin.org.br\/site\/wp-json\/wp\/v2\/product\/83388\/revisions\/108821"}],"wp:featuredmedia":[{"embeddable":true,"href":"https:\/\/www.irdin.org.br\/site\/wp-json\/wp\/v2\/media\/37803"}],"wp:attachment":[{"href":"https:\/\/www.irdin.org.br\/site\/wp-json\/wp\/v2\/media?parent=83388"}],"wp:term":[{"taxonomy":"product_brand","embeddable":true,"href":"https:\/\/www.irdin.org.br\/site\/wp-json\/wp\/v2\/product_brand?post=83388"},{"taxonomy":"product_cat","embeddable":true,"href":"https:\/\/www.irdin.org.br\/site\/wp-json\/wp\/v2\/product_cat?post=83388"},{"taxonomy":"product_tag","embeddable":true,"href":"https:\/\/www.irdin.org.br\/site\/wp-json\/wp\/v2\/product_tag?post=83388"}],"curies":[{"name":"wp","href":"https:\/\/api.w.org\/{rel}","templated":true}]}}