{"id":83392,"date":"2018-04-26T18:20:29","date_gmt":"2018-04-26T18:20:29","guid":{"rendered":"http:\/\/www.irdin.org.br\/site\/produto\/conversas-com-trigueirinho-no-309\/"},"modified":"2025-03-15T21:03:48","modified_gmt":"2025-03-15T21:03:48","slug":"conversas-com-trigueirinho-no-309","status":"publish","type":"product","link":"https:\/\/www.irdin.org.br\/site\/produtos\/conversas-com-trigueirinho-no-309\/","title":{"rendered":"Conversas com Trigueirinho n\u00ba 309"},"content":{"rendered":"<p><em>La\u00e7os de sangue \/ Sonho com morte \/ Morte intra-uterina \/ Traslados a outros mundos \/ M\u00f4nadas que recome\u00e7am \/ Condu\u00e7\u00e3o das mudan\u00e7as planet\u00e1rias \/ Mente, ponte para estado superior \/ Quietude \/ A mente divina, a planet\u00e1ria e a humana \/ Educa\u00e7\u00e3o mental \/ Aspira\u00e7\u00e3o, sil\u00eancio \/ Vis\u00e3o positiva \/ Luz na mente abstrata \/ Passado lunar \/ Vida-humanidade \/ Livro Aurora\u00b4 \/ Hierarquia interna da Terra                                                                                                                                                                                                                                                                                                                                                                                                                                                                                                                                                                                                                                                                                                                                                                                                                                                                                                                                                                                                                                                                                                                                                                                                                                                                                                                                                                                                                                                                                                                                                                                                                                                                                                                                                                                                                                                                                                                                                                                                                                                                                                                                                                                                                                                                                                                                                                                                                                                                                                                                                                                                                                                                                                                                                                                                                                                                                                                                                                                                                                                                                                                                                                                                                                                                                                                                                                                                                                                                                                                                                                                                                                                                                                                                                                                                                                                                                                                                                                                                                                                            \u00b4<\/em><\/p>\n<p>&nbsp;<br \/>\n<strong>Ou\u00e7a agora:<\/strong><\/p>\n<p><span data-href=\"https:\/\/www.irdin.org.br\/site\/envios\/audios\/0023_0309__por_por__conversas_com_trigueirinho_n309.mp3\" data-title=\"conversas com trigueirinho n\u00ba 309\" data-rel=\"\" data-target=\"\" data-meta=\"#fap-meta-69ff5ea05f428\" class=\"fap-single-track fap-track-button fap-play-button\" data-enqueue=\"no\" data-autoenqueue=\"no\" title=\"conversas com trigueirinho n\u00ba 309\"><span class=\"fap-icon-play\"><\/span>Ouvir<\/span> <a href=\"https:\/\/www.irdin.org.br\/site\/envios\/audios\/0023_0309__por_por__conversas_com_trigueirinho_n309.mp3\" class=\"baixar\"><span class=\"fa fa-arrow-down\"><\/span>Baixar<\/span><\/a> <span class=\"textobaixar\"> conversas com trigueirinho n\u00ba 309<\/span><\/p>\n<p>&nbsp;<\/p>\n","protected":false},"excerpt":{"rendered":"<p>La\u00e7os de sangue \/ Sonho com morte \/ Morte intra-uterina \/ Traslados a outros mundos \/ M\u00f4nadas que recome\u00e7am \/<\/p>\n","protected":false},"featured_media":37803,"template":"","meta":{"_acf_changed":false},"product_brand":[],"product_cat":[18076,33068],"product_tag":[40103],"class_list":{"0":"post-83392","1":"product","2":"type-product","3":"status-publish","4":"has-post-thumbnail","6":"product_cat-cddvd","7":"product_cat-palestras","8":"product_tag-40103","9":"pa_autor-trigueirinho","10":"pa_codigo-da-serie-31985","11":"pa_codigo-externo-00230309porcd","12":"pa_data-de-gravacao-21596","13":"pa_duracao-53min","14":"pa_idioma-de-destino-portugues","15":"pa_idioma-de-origem-portugues","16":"pa_lancamento-no","17":"pa_midia-cd","18":"pa_moac-40102","19":"pa_quantidade-de-saldo-33067","20":"pa_sequencial-da-serie-32640","21":"pa_tipo-de-traducao-nao-classificado","23":"first","24":"outofstock","25":"product-type-simple"},"acf":[],"_links":{"self":[{"href":"https:\/\/www.irdin.org.br\/site\/wp-json\/wp\/v2\/product\/83392","targetHints":{"allow":["GET"]}}],"collection":[{"href":"https:\/\/www.irdin.org.br\/site\/wp-json\/wp\/v2\/product"}],"about":[{"href":"https:\/\/www.irdin.org.br\/site\/wp-json\/wp\/v2\/types\/product"}],"version-history":[{"count":1,"href":"https:\/\/www.irdin.org.br\/site\/wp-json\/wp\/v2\/product\/83392\/revisions"}],"predecessor-version":[{"id":108825,"href":"https:\/\/www.irdin.org.br\/site\/wp-json\/wp\/v2\/product\/83392\/revisions\/108825"}],"wp:featuredmedia":[{"embeddable":true,"href":"https:\/\/www.irdin.org.br\/site\/wp-json\/wp\/v2\/media\/37803"}],"wp:attachment":[{"href":"https:\/\/www.irdin.org.br\/site\/wp-json\/wp\/v2\/media?parent=83392"}],"wp:term":[{"taxonomy":"product_brand","embeddable":true,"href":"https:\/\/www.irdin.org.br\/site\/wp-json\/wp\/v2\/product_brand?post=83392"},{"taxonomy":"product_cat","embeddable":true,"href":"https:\/\/www.irdin.org.br\/site\/wp-json\/wp\/v2\/product_cat?post=83392"},{"taxonomy":"product_tag","embeddable":true,"href":"https:\/\/www.irdin.org.br\/site\/wp-json\/wp\/v2\/product_tag?post=83392"}],"curies":[{"name":"wp","href":"https:\/\/api.w.org\/{rel}","templated":true}]}}