{"id":83402,"date":"2018-04-26T18:20:48","date_gmt":"2018-04-26T18:20:48","guid":{"rendered":"http:\/\/www.irdin.org.br\/site\/produto\/conversas-com-trigueirinho-no-322\/"},"modified":"2025-03-15T20:56:38","modified_gmt":"2025-03-15T20:56:38","slug":"conversas-com-trigueirinho-no-322","status":"publish","type":"product","link":"https:\/\/www.irdin.org.br\/site\/produtos\/conversas-com-trigueirinho-no-322\/","title":{"rendered":"Conversas com Trigueirinho n\u00ba 322"},"content":{"rendered":"<p><em>Sonho com serpente de tr\u00eas cabe\u00e7as \/ Almas que preparam a pr\u00f3pria encarna\u00e7\u00e3o \/ Doen\u00e7as c\u00e1rmicas purificadoras \/ Os que assumem carma da humanidade \/ Tratamentos em planos sutis \/ Al\u00e9m do livre-arb\u00edtrio \/ Participa\u00e7\u00e3o em grupo evolutivo \/ Desenvolver concentra\u00e7\u00e3o \/ Raios em nosso ser \/ O plano da mente e o da alma \/ O verdadeiro terapeuta<\/em><\/p>\n<p>&nbsp;<br \/>\n<strong>Ou\u00e7a agora:<\/strong><\/p>\n<p><span data-href=\"https:\/\/www.irdin.org.br\/site\/envios\/audios\/0023_0322__por_por__conversas_com_trigueirinho_n322.mp3\" data-title=\"conversas com trigueirinho n\u00ba 322\" data-rel=\"\" data-target=\"\" data-meta=\"#fap-meta-69e3dec5b162c\" class=\"fap-single-track fap-track-button fap-play-button\" data-enqueue=\"no\" data-autoenqueue=\"no\" title=\"conversas com trigueirinho n\u00ba 322\"><span class=\"fap-icon-play\"><\/span>Ouvir<\/span> <a href=\"https:\/\/www.irdin.org.br\/site\/envios\/audios\/0023_0322__por_por__conversas_com_trigueirinho_n322.mp3\" class=\"baixar\" download><span class=\"fa fa-arrow-down\"><\/span>Baixar<\/span><\/a> <span class=\"textobaixar\"> conversas com trigueirinho n\u00ba 322<\/span><\/p>\n<p>&nbsp;<\/p>\n","protected":false},"excerpt":{"rendered":"<p>Sonho com serpente de tr\u00eas cabe\u00e7as \/ Almas que preparam a pr\u00f3pria encarna\u00e7\u00e3o \/ Doen\u00e7as c\u00e1rmicas purificadoras \/ Os que<\/p>\n","protected":false},"featured_media":37803,"template":"","meta":{"_acf_changed":false},"product_brand":[],"product_cat":[18076,33068],"product_tag":[40123],"class_list":{"0":"post-83402","1":"product","2":"type-product","3":"status-publish","4":"has-post-thumbnail","6":"product_cat-cddvd","7":"product_cat-palestras","8":"product_tag-40123","9":"pa_autor-trigueirinho","10":"pa_codigo-da-serie-31985","11":"pa_codigo-externo-00230322porcd","12":"pa_data-de-gravacao-21635","13":"pa_duracao-46min","14":"pa_idioma-de-destino-portugues","15":"pa_idioma-de-origem-portugues","16":"pa_lancamento-no","17":"pa_midia-cd","18":"pa_moac-40122","19":"pa_quantidade-de-saldo-33067","20":"pa_sequencial-da-serie-32666","21":"pa_tipo-de-traducao-nao-classificado","23":"first","24":"outofstock","25":"product-type-simple"},"acf":[],"_links":{"self":[{"href":"https:\/\/www.irdin.org.br\/site\/wp-json\/wp\/v2\/product\/83402","targetHints":{"allow":["GET"]}}],"collection":[{"href":"https:\/\/www.irdin.org.br\/site\/wp-json\/wp\/v2\/product"}],"about":[{"href":"https:\/\/www.irdin.org.br\/site\/wp-json\/wp\/v2\/types\/product"}],"version-history":[{"count":1,"href":"https:\/\/www.irdin.org.br\/site\/wp-json\/wp\/v2\/product\/83402\/revisions"}],"predecessor-version":[{"id":108797,"href":"https:\/\/www.irdin.org.br\/site\/wp-json\/wp\/v2\/product\/83402\/revisions\/108797"}],"wp:featuredmedia":[{"embeddable":true,"href":"https:\/\/www.irdin.org.br\/site\/wp-json\/wp\/v2\/media\/37803"}],"wp:attachment":[{"href":"https:\/\/www.irdin.org.br\/site\/wp-json\/wp\/v2\/media?parent=83402"}],"wp:term":[{"taxonomy":"product_brand","embeddable":true,"href":"https:\/\/www.irdin.org.br\/site\/wp-json\/wp\/v2\/product_brand?post=83402"},{"taxonomy":"product_cat","embeddable":true,"href":"https:\/\/www.irdin.org.br\/site\/wp-json\/wp\/v2\/product_cat?post=83402"},{"taxonomy":"product_tag","embeddable":true,"href":"https:\/\/www.irdin.org.br\/site\/wp-json\/wp\/v2\/product_tag?post=83402"}],"curies":[{"name":"wp","href":"https:\/\/api.w.org\/{rel}","templated":true}]}}