{"id":83405,"date":"2018-04-26T18:20:48","date_gmt":"2018-04-26T18:20:48","guid":{"rendered":"http:\/\/www.irdin.org.br\/site\/produto\/conversas-com-trigueirinho-no-325\/"},"modified":"2025-03-15T20:56:57","modified_gmt":"2025-03-15T20:56:57","slug":"conversas-com-trigueirinho-no-325","status":"publish","type":"product","link":"https:\/\/www.irdin.org.br\/site\/produtos\/conversas-com-trigueirinho-no-325\/","title":{"rendered":"Conversas com Trigueirinho n\u00ba 325"},"content":{"rendered":"<p><em>Liberta\u00e7\u00e3o do medo \/ Jesus e Madalena \/ Contribuir na evolu\u00e7\u00e3o com harmonia, equil\u00edbrio e beleza \/ Express\u00e3o da arte na vida \/ Carma e ambiente onde nascemos \/ Doa\u00e7\u00e3o de \u00f3rg\u00e3os e de sangue \/ Crema\u00e7\u00e3o \/ Jesus e os diferentes n\u00edveis de ensinamento \/ Ajuda \u00e0 ra\u00e7a humana por meio da consci\u00eancia Manu \/ Experi\u00eancias da NASA e danos ao plano et\u00e9rico planet\u00e1rio<\/em><\/p>\n<p>&nbsp;<br \/>\n<strong>Ou\u00e7a agora:<\/strong><\/p>\n<p><span data-href=\"https:\/\/www.irdin.org.br\/site\/envios\/audios\/0023_0325__por_por__conversas_com_trigueirinho_n325.mp3\" data-title=\"conversas com trigueirinho n\u00ba 325\" data-rel=\"\" data-target=\"\" data-meta=\"#fap-meta-69e24546c7992\" class=\"fap-single-track fap-track-button fap-play-button\" data-enqueue=\"no\" data-autoenqueue=\"no\" title=\"conversas com trigueirinho n\u00ba 325\"><span class=\"fap-icon-play\"><\/span>Ouvir<\/span> <a href=\"https:\/\/www.irdin.org.br\/site\/envios\/audios\/0023_0325__por_por__conversas_com_trigueirinho_n325.mp3\" class=\"baixar\" download><span class=\"fa fa-arrow-down\"><\/span>Baixar<\/span><\/a> <span class=\"textobaixar\"> conversas com trigueirinho n\u00ba 325<\/span><\/p>\n<p>&nbsp;<\/p>\n","protected":false},"excerpt":{"rendered":"<p>Liberta\u00e7\u00e3o do medo \/ Jesus e Madalena \/ Contribuir na evolu\u00e7\u00e3o com harmonia, equil\u00edbrio e beleza \/ Express\u00e3o da arte<\/p>\n","protected":false},"featured_media":37803,"template":"","meta":{"_acf_changed":false},"product_brand":[],"product_cat":[18076,33068],"product_tag":[40129],"class_list":{"0":"post-83405","1":"product","2":"type-product","3":"status-publish","4":"has-post-thumbnail","6":"product_cat-cddvd","7":"product_cat-palestras","8":"product_tag-40129","9":"pa_autor-trigueirinho","10":"pa_codigo-da-serie-31985","11":"pa_codigo-externo-00230325porcd","12":"pa_data-de-gravacao-25443","13":"pa_duracao-40min","14":"pa_idioma-de-destino-portugues","15":"pa_idioma-de-origem-portugues","16":"pa_lancamento-no","17":"pa_midia-cd","18":"pa_moac-40128","19":"pa_quantidade-de-saldo-33067","20":"pa_sequencial-da-serie-31988","21":"pa_tipo-de-traducao-nao-classificado","23":"first","24":"outofstock","25":"product-type-simple"},"acf":[],"_links":{"self":[{"href":"https:\/\/www.irdin.org.br\/site\/wp-json\/wp\/v2\/product\/83405","targetHints":{"allow":["GET"]}}],"collection":[{"href":"https:\/\/www.irdin.org.br\/site\/wp-json\/wp\/v2\/product"}],"about":[{"href":"https:\/\/www.irdin.org.br\/site\/wp-json\/wp\/v2\/types\/product"}],"version-history":[{"count":1,"href":"https:\/\/www.irdin.org.br\/site\/wp-json\/wp\/v2\/product\/83405\/revisions"}],"predecessor-version":[{"id":108799,"href":"https:\/\/www.irdin.org.br\/site\/wp-json\/wp\/v2\/product\/83405\/revisions\/108799"}],"wp:featuredmedia":[{"embeddable":true,"href":"https:\/\/www.irdin.org.br\/site\/wp-json\/wp\/v2\/media\/37803"}],"wp:attachment":[{"href":"https:\/\/www.irdin.org.br\/site\/wp-json\/wp\/v2\/media?parent=83405"}],"wp:term":[{"taxonomy":"product_brand","embeddable":true,"href":"https:\/\/www.irdin.org.br\/site\/wp-json\/wp\/v2\/product_brand?post=83405"},{"taxonomy":"product_cat","embeddable":true,"href":"https:\/\/www.irdin.org.br\/site\/wp-json\/wp\/v2\/product_cat?post=83405"},{"taxonomy":"product_tag","embeddable":true,"href":"https:\/\/www.irdin.org.br\/site\/wp-json\/wp\/v2\/product_tag?post=83405"}],"curies":[{"name":"wp","href":"https:\/\/api.w.org\/{rel}","templated":true}]}}