{"id":83409,"date":"2018-04-26T18:20:48","date_gmt":"2018-04-26T18:20:48","guid":{"rendered":"http:\/\/www.irdin.org.br\/site\/produto\/conversas-com-trigueirinho-no-329\/"},"modified":"2025-03-15T20:58:04","modified_gmt":"2025-03-15T20:58:04","slug":"conversas-com-trigueirinho-no-329","status":"publish","type":"product","link":"https:\/\/www.irdin.org.br\/site\/produtos\/conversas-com-trigueirinho-no-329\/","title":{"rendered":"Conversas com Trigueirinho n\u00ba 329"},"content":{"rendered":"<p><em>Sonho com luzes e cores \/ Novo aspecto de signo astrol\u00f3gico \/ Os sete raios na vida di\u00e1ria \/ Devo\u00e7\u00e3o e amor \/ Corpo astral no centro planet\u00e1rio Aurora \/ Amor a Deus \/ Desobstru\u00e7\u00e3o de plexo solar e cora\u00e7\u00e3o \/ Estudos em Figueira \/ A entidade Samana \/ D\u00edvidas financeiras, mal uso da palavra e equil\u00edbrio c\u00e1rmico \/ Servi\u00e7o em fam\u00edlia \/ Estigmas \/ Vidas passadas \/ Rituais ind\u00edgenas e ritual de hoje<\/em><\/p>\n<p>&nbsp;<br \/>\n<strong>Ou\u00e7a agora:<\/strong><\/p>\n<p><span data-href=\"https:\/\/www.irdin.org.br\/site\/envios\/audios\/0023_0329__por_por__conversas_com_trigueirinho_n329.mp3\" data-title=\"conversas com trigueirinho n\u00ba 329\" data-rel=\"\" data-target=\"\" data-meta=\"#fap-meta-69e1f699e9ecc\" class=\"fap-single-track fap-track-button fap-play-button\" data-enqueue=\"no\" data-autoenqueue=\"no\" title=\"conversas com trigueirinho n\u00ba 329\"><span class=\"fap-icon-play\"><\/span>Ouvir<\/span> <a href=\"https:\/\/www.irdin.org.br\/site\/envios\/audios\/0023_0329__por_por__conversas_com_trigueirinho_n329.mp3\" class=\"baixar\" download><span class=\"fa fa-arrow-down\"><\/span>Baixar<\/span><\/a> <span class=\"textobaixar\"> conversas com trigueirinho n\u00ba 329<\/span><\/p>\n<p>&nbsp;<\/p>\n","protected":false},"excerpt":{"rendered":"<p>Sonho com luzes e cores \/ Novo aspecto de signo astrol\u00f3gico \/ Os sete raios na vida di\u00e1ria \/ Devo\u00e7\u00e3o<\/p>\n","protected":false},"featured_media":37803,"template":"","meta":{"_acf_changed":false},"product_brand":[],"product_cat":[18076,33068],"product_tag":[40137],"class_list":{"0":"post-83409","1":"product","2":"type-product","3":"status-publish","4":"has-post-thumbnail","6":"product_cat-cddvd","7":"product_cat-palestras","8":"product_tag-40137","9":"pa_autor-trigueirinho","10":"pa_codigo-da-serie-31985","11":"pa_codigo-externo-00230329porcd","12":"pa_data-de-gravacao-19206","13":"pa_duracao-38min","14":"pa_idioma-de-destino-portugues","15":"pa_idioma-de-origem-portugues","16":"pa_lancamento-no","17":"pa_midia-cd","18":"pa_moac-40136","19":"pa_quantidade-de-saldo-33067","20":"pa_sequencial-da-serie-31992","21":"pa_tipo-de-traducao-nao-classificado","23":"first","24":"outofstock","25":"product-type-simple"},"acf":[],"_links":{"self":[{"href":"https:\/\/www.irdin.org.br\/site\/wp-json\/wp\/v2\/product\/83409","targetHints":{"allow":["GET"]}}],"collection":[{"href":"https:\/\/www.irdin.org.br\/site\/wp-json\/wp\/v2\/product"}],"about":[{"href":"https:\/\/www.irdin.org.br\/site\/wp-json\/wp\/v2\/types\/product"}],"version-history":[{"count":1,"href":"https:\/\/www.irdin.org.br\/site\/wp-json\/wp\/v2\/product\/83409\/revisions"}],"predecessor-version":[{"id":108803,"href":"https:\/\/www.irdin.org.br\/site\/wp-json\/wp\/v2\/product\/83409\/revisions\/108803"}],"wp:featuredmedia":[{"embeddable":true,"href":"https:\/\/www.irdin.org.br\/site\/wp-json\/wp\/v2\/media\/37803"}],"wp:attachment":[{"href":"https:\/\/www.irdin.org.br\/site\/wp-json\/wp\/v2\/media?parent=83409"}],"wp:term":[{"taxonomy":"product_brand","embeddable":true,"href":"https:\/\/www.irdin.org.br\/site\/wp-json\/wp\/v2\/product_brand?post=83409"},{"taxonomy":"product_cat","embeddable":true,"href":"https:\/\/www.irdin.org.br\/site\/wp-json\/wp\/v2\/product_cat?post=83409"},{"taxonomy":"product_tag","embeddable":true,"href":"https:\/\/www.irdin.org.br\/site\/wp-json\/wp\/v2\/product_tag?post=83409"}],"curies":[{"name":"wp","href":"https:\/\/api.w.org\/{rel}","templated":true}]}}