{"id":83411,"date":"2018-04-26T18:20:48","date_gmt":"2018-04-26T18:20:48","guid":{"rendered":"http:\/\/www.irdin.org.br\/site\/produto\/conversas-com-trigueirinho-no-331\/"},"modified":"2025-03-15T20:58:26","modified_gmt":"2025-03-15T20:58:26","slug":"conversas-com-trigueirinho-no-331","status":"publish","type":"product","link":"https:\/\/www.irdin.org.br\/site\/produtos\/conversas-com-trigueirinho-no-331\/","title":{"rendered":"Conversas com Trigueirinho n\u00ba 331"},"content":{"rendered":"<p><em>Trabalhos espirituais hoje \/ Atua\u00e7\u00e3o dos centros planet\u00e1rios \/ Irradia\u00e7\u00e3o da energia interna \/ O caminho em era de s\u00edntese \/ Presen\u00e7a e a\u00e7\u00e3o da alma em n\u00f3s \/ Seres resgat\u00e1veis \/ Intervalo entre encarna\u00e7\u00f5es \/ Ambiente de vibra\u00e7\u00f5es negativas \/ Figueira parque \/ Vencer a desconcentra\u00e7\u00e3o \/ Contato com o Alto \/ O Sexto Raio e o planeta \/ Predom\u00ednio da mente e relacionamento com a alma<\/em><\/p>\n<p>&nbsp;<br \/>\n<strong>Ou\u00e7a agora:<\/strong><\/p>\n<p><span data-href=\"https:\/\/www.irdin.org.br\/site\/envios\/audios\/0023_0331__por_por__conversas_com_trigueirinho_n331.mp3\" data-title=\"conversas com trigueirinho n\u00ba 331\" data-rel=\"\" data-target=\"\" data-meta=\"#fap-meta-69e1cc22db2d2\" class=\"fap-single-track fap-track-button fap-play-button\" data-enqueue=\"no\" data-autoenqueue=\"no\" title=\"conversas com trigueirinho n\u00ba 331\"><span class=\"fap-icon-play\"><\/span>Ouvir<\/span> <a href=\"https:\/\/www.irdin.org.br\/site\/envios\/audios\/0023_0331__por_por__conversas_com_trigueirinho_n331.mp3\" class=\"baixar\" download><span class=\"fa fa-arrow-down\"><\/span>Baixar<\/span><\/a> <span class=\"textobaixar\"> conversas com trigueirinho n\u00ba 331<\/span><\/p>\n<p>&nbsp;<\/p>\n","protected":false},"excerpt":{"rendered":"<p>Trabalhos espirituais hoje \/ Atua\u00e7\u00e3o dos centros planet\u00e1rios \/ Irradia\u00e7\u00e3o da energia interna \/ O caminho em era de s\u00edntese<\/p>\n","protected":false},"featured_media":37803,"template":"","meta":{"_acf_changed":false},"product_brand":[],"product_cat":[18076,33068],"product_tag":[40141],"class_list":{"0":"post-83411","1":"product","2":"type-product","3":"status-publish","4":"has-post-thumbnail","6":"product_cat-cddvd","7":"product_cat-palestras","8":"product_tag-40141","9":"pa_autor-trigueirinho","10":"pa_codigo-da-serie-31985","11":"pa_codigo-externo-00230331porcd","12":"pa_data-de-gravacao-25459","13":"pa_duracao-55min","14":"pa_idioma-de-destino-portugues","15":"pa_idioma-de-origem-portugues","16":"pa_lancamento-no","17":"pa_midia-cd","18":"pa_moac-40140","19":"pa_quantidade-de-saldo-33067","20":"pa_sequencial-da-serie-31994","21":"pa_tipo-de-traducao-nao-classificado","23":"first","24":"outofstock","25":"product-type-simple"},"acf":[],"_links":{"self":[{"href":"https:\/\/www.irdin.org.br\/site\/wp-json\/wp\/v2\/product\/83411","targetHints":{"allow":["GET"]}}],"collection":[{"href":"https:\/\/www.irdin.org.br\/site\/wp-json\/wp\/v2\/product"}],"about":[{"href":"https:\/\/www.irdin.org.br\/site\/wp-json\/wp\/v2\/types\/product"}],"version-history":[{"count":1,"href":"https:\/\/www.irdin.org.br\/site\/wp-json\/wp\/v2\/product\/83411\/revisions"}],"predecessor-version":[{"id":108805,"href":"https:\/\/www.irdin.org.br\/site\/wp-json\/wp\/v2\/product\/83411\/revisions\/108805"}],"wp:featuredmedia":[{"embeddable":true,"href":"https:\/\/www.irdin.org.br\/site\/wp-json\/wp\/v2\/media\/37803"}],"wp:attachment":[{"href":"https:\/\/www.irdin.org.br\/site\/wp-json\/wp\/v2\/media?parent=83411"}],"wp:term":[{"taxonomy":"product_brand","embeddable":true,"href":"https:\/\/www.irdin.org.br\/site\/wp-json\/wp\/v2\/product_brand?post=83411"},{"taxonomy":"product_cat","embeddable":true,"href":"https:\/\/www.irdin.org.br\/site\/wp-json\/wp\/v2\/product_cat?post=83411"},{"taxonomy":"product_tag","embeddable":true,"href":"https:\/\/www.irdin.org.br\/site\/wp-json\/wp\/v2\/product_tag?post=83411"}],"curies":[{"name":"wp","href":"https:\/\/api.w.org\/{rel}","templated":true}]}}