{"id":83415,"date":"2018-04-26T18:20:48","date_gmt":"2018-04-26T18:20:48","guid":{"rendered":"http:\/\/www.irdin.org.br\/site\/produto\/conversas-com-trigueirinho-no-335\/"},"modified":"2025-03-15T21:00:27","modified_gmt":"2025-03-15T21:00:27","slug":"conversas-com-trigueirinho-no-335","status":"publish","type":"product","link":"https:\/\/www.irdin.org.br\/site\/produtos\/conversas-com-trigueirinho-no-335\/","title":{"rendered":"Conversas com Trigueirinho n\u00ba 335"},"content":{"rendered":"<p><em>Os ritmos de cada fase da vida \/ Etapas de consagra\u00e7\u00e3o do ser \/ Causa e cura da depress\u00e3o \/ Indica\u00e7\u00f5es para a pr\u00e1tica de retiros \/ Animais em Figueira \/ A necessidade de regras e padr\u00f5es \/ Pit\u00e1goras e a lei do carma \/ Desapego \/ Enfermidades e dores sagradas \/ A dor no caminho para a coopera\u00e7\u00e3o espiritual \/ Os diferentes tipos de dor \/ O controle da dor pela vontade \/ Grupos de cura<\/em><\/p>\n<p>&nbsp;<br \/>\n<strong>Ou\u00e7a agora:<\/strong><\/p>\n<p><span data-href=\"https:\/\/www.irdin.org.br\/site\/envios\/audios\/0023_0335__por_por__conversas_com_trigueirinho_n335.mp3\" data-title=\"conversas com trigueirinho n\u00ba 335\" data-rel=\"\" data-target=\"\" data-meta=\"#fap-meta-69e2620098e5f\" class=\"fap-single-track fap-track-button fap-play-button\" data-enqueue=\"no\" data-autoenqueue=\"no\" title=\"conversas com trigueirinho n\u00ba 335\"><span class=\"fap-icon-play\"><\/span>Ouvir<\/span> <a href=\"https:\/\/www.irdin.org.br\/site\/envios\/audios\/0023_0335__por_por__conversas_com_trigueirinho_n335.mp3\" class=\"baixar\" download><span class=\"fa fa-arrow-down\"><\/span>Baixar<\/span><\/a> <span class=\"textobaixar\"> conversas com trigueirinho n\u00ba 335<\/span><\/p>\n<p>&nbsp;<\/p>\n","protected":false},"excerpt":{"rendered":"<p>Os ritmos de cada fase da vida \/ Etapas de consagra\u00e7\u00e3o do ser \/ Causa e cura da depress\u00e3o \/<\/p>\n","protected":false},"featured_media":37803,"template":"","meta":{"_acf_changed":false},"product_brand":[],"product_cat":[18076,33068],"product_tag":[40149],"class_list":{"0":"post-83415","1":"product","2":"type-product","3":"status-publish","4":"has-post-thumbnail","6":"product_cat-cddvd","7":"product_cat-palestras","8":"product_tag-40149","9":"pa_autor-trigueirinho","10":"pa_codigo-da-serie-31985","11":"pa_codigo-externo-00230335porcd","12":"pa_data-de-gravacao-25471","13":"pa_duracao-41min","14":"pa_idioma-de-destino-portugues","15":"pa_idioma-de-origem-portugues","16":"pa_lancamento-no","17":"pa_midia-cd","18":"pa_moac-40148","19":"pa_quantidade-de-saldo-33067","20":"pa_sequencial-da-serie-31998","21":"pa_tipo-de-traducao-nao-classificado","23":"first","24":"outofstock","25":"product-type-simple"},"acf":[],"_links":{"self":[{"href":"https:\/\/www.irdin.org.br\/site\/wp-json\/wp\/v2\/product\/83415","targetHints":{"allow":["GET"]}}],"collection":[{"href":"https:\/\/www.irdin.org.br\/site\/wp-json\/wp\/v2\/product"}],"about":[{"href":"https:\/\/www.irdin.org.br\/site\/wp-json\/wp\/v2\/types\/product"}],"version-history":[{"count":1,"href":"https:\/\/www.irdin.org.br\/site\/wp-json\/wp\/v2\/product\/83415\/revisions"}],"predecessor-version":[{"id":108809,"href":"https:\/\/www.irdin.org.br\/site\/wp-json\/wp\/v2\/product\/83415\/revisions\/108809"}],"wp:featuredmedia":[{"embeddable":true,"href":"https:\/\/www.irdin.org.br\/site\/wp-json\/wp\/v2\/media\/37803"}],"wp:attachment":[{"href":"https:\/\/www.irdin.org.br\/site\/wp-json\/wp\/v2\/media?parent=83415"}],"wp:term":[{"taxonomy":"product_brand","embeddable":true,"href":"https:\/\/www.irdin.org.br\/site\/wp-json\/wp\/v2\/product_brand?post=83415"},{"taxonomy":"product_cat","embeddable":true,"href":"https:\/\/www.irdin.org.br\/site\/wp-json\/wp\/v2\/product_cat?post=83415"},{"taxonomy":"product_tag","embeddable":true,"href":"https:\/\/www.irdin.org.br\/site\/wp-json\/wp\/v2\/product_tag?post=83415"}],"curies":[{"name":"wp","href":"https:\/\/api.w.org\/{rel}","templated":true}]}}