{"id":83420,"date":"2018-04-26T18:21:07","date_gmt":"2018-04-26T18:21:07","guid":{"rendered":"http:\/\/www.irdin.org.br\/site\/produto\/conversas-com-trigueirinho-no-340\/"},"modified":"2025-03-15T20:37:52","modified_gmt":"2025-03-15T20:37:52","slug":"conversas-com-trigueirinho-no-340","status":"publish","type":"product","link":"https:\/\/www.irdin.org.br\/site\/produtos\/conversas-com-trigueirinho-no-340\/","title":{"rendered":"Conversas com Trigueirinho n\u00ba 340"},"content":{"rendered":"<p><em>Linhagens das m\u00f4nadas e raios em n\u00f3s \/ Destino de seres resgat\u00e1veis \/ Prioridades da nossa exist\u00eancia \/ Atravessar o deserto\u00b4 e comunicar-se com a Vida, com o Todo, com o Infinito \/ Sil\u00eancio interior e servi\u00e7o \/ Liberdade \/ Trabalhar pela ess\u00eancia de tudo \/ Fun\u00e7\u00e3o evolutiva da m\u00fasica \/ Diferen\u00e7a entre depress\u00e3o e deserto interior \/ F\u00e9, energia da alma \/ Atitude correta com crian\u00e7as                                                                                                                                                                                                                                                                                                                                                                                                                                                                                                                                                                                                                                                                                                                                                                                                                                                                                                                                                                                                                                                                                                                                                                                                                                                                                                                                                                                                                                                                                                                                                                                                                                                                                                                                                                                                                                                                                                                                                                                                                                                                                                                                                                                                                                                                                                                                                                                                                                                                                                                                                                                                                                                                                                                                                                                                                                                                                                                                                                                                                                                                                                                                                                                                                                                                                                                                                                                                                                                                                                                                                                                                                                                                                                                                                                                                                                                                                                                                                                                                                                                                \u00b4<\/em><\/p>\n<p>&nbsp;<br \/>\n<strong>Ou\u00e7a agora:<\/strong><\/p>\n<p><span data-href=\"https:\/\/www.irdin.org.br\/site\/envios\/audios\/0023_0340__por_por__conversas_com_trigueirinho_n340.mp3\" data-title=\"conversas com trigueirinho n\u00ba 340\" data-rel=\"\" data-target=\"\" data-meta=\"#fap-meta-69e72f724def7\" class=\"fap-single-track fap-track-button fap-play-button\" data-enqueue=\"no\" data-autoenqueue=\"no\" title=\"conversas com trigueirinho n\u00ba 340\"><span class=\"fap-icon-play\"><\/span>Ouvir<\/span> <a href=\"https:\/\/www.irdin.org.br\/site\/envios\/audios\/0023_0340__por_por__conversas_com_trigueirinho_n340.mp3\" class=\"baixar\" download><span class=\"fa fa-arrow-down\"><\/span>Baixar<\/span><\/a> <span class=\"textobaixar\"> conversas com trigueirinho n\u00ba 340<\/span><\/p>\n<p>&nbsp;<\/p>\n","protected":false},"excerpt":{"rendered":"<p>Linhagens das m\u00f4nadas e raios em n\u00f3s \/ Destino de seres resgat\u00e1veis \/ Prioridades da nossa exist\u00eancia \/ Atravessar o<\/p>\n","protected":false},"featured_media":37803,"template":"","meta":{"_acf_changed":false},"product_brand":[],"product_cat":[18076,33068],"product_tag":[40159],"class_list":{"0":"post-83420","1":"product","2":"type-product","3":"status-publish","4":"has-post-thumbnail","6":"product_cat-cddvd","7":"product_cat-palestras","8":"product_tag-40159","9":"pa_autor-trigueirinho","10":"pa_codigo-da-serie-31985","11":"pa_codigo-externo-00230340porcd","12":"pa_data-de-gravacao-20440","13":"pa_duracao-43min","14":"pa_idioma-de-destino-portugues","15":"pa_idioma-de-origem-portugues","16":"pa_lancamento-no","17":"pa_midia-cd","18":"pa_moac-40158","19":"pa_quantidade-de-saldo-33067","20":"pa_sequencial-da-serie-32003","21":"pa_tipo-de-traducao-nao-classificado","23":"first","24":"outofstock","25":"product-type-simple"},"acf":[],"_links":{"self":[{"href":"https:\/\/www.irdin.org.br\/site\/wp-json\/wp\/v2\/product\/83420","targetHints":{"allow":["GET"]}}],"collection":[{"href":"https:\/\/www.irdin.org.br\/site\/wp-json\/wp\/v2\/product"}],"about":[{"href":"https:\/\/www.irdin.org.br\/site\/wp-json\/wp\/v2\/types\/product"}],"version-history":[{"count":1,"href":"https:\/\/www.irdin.org.br\/site\/wp-json\/wp\/v2\/product\/83420\/revisions"}],"predecessor-version":[{"id":108777,"href":"https:\/\/www.irdin.org.br\/site\/wp-json\/wp\/v2\/product\/83420\/revisions\/108777"}],"wp:featuredmedia":[{"embeddable":true,"href":"https:\/\/www.irdin.org.br\/site\/wp-json\/wp\/v2\/media\/37803"}],"wp:attachment":[{"href":"https:\/\/www.irdin.org.br\/site\/wp-json\/wp\/v2\/media?parent=83420"}],"wp:term":[{"taxonomy":"product_brand","embeddable":true,"href":"https:\/\/www.irdin.org.br\/site\/wp-json\/wp\/v2\/product_brand?post=83420"},{"taxonomy":"product_cat","embeddable":true,"href":"https:\/\/www.irdin.org.br\/site\/wp-json\/wp\/v2\/product_cat?post=83420"},{"taxonomy":"product_tag","embeddable":true,"href":"https:\/\/www.irdin.org.br\/site\/wp-json\/wp\/v2\/product_tag?post=83420"}],"curies":[{"name":"wp","href":"https:\/\/api.w.org\/{rel}","templated":true}]}}