{"id":83421,"date":"2018-04-26T18:21:07","date_gmt":"2018-04-26T18:21:07","guid":{"rendered":"http:\/\/www.irdin.org.br\/site\/produto\/conversas-com-trigueirinho-no-341\/"},"modified":"2025-03-15T20:38:05","modified_gmt":"2025-03-15T20:38:05","slug":"conversas-com-trigueirinho-no-341","status":"publish","type":"product","link":"https:\/\/www.irdin.org.br\/site\/produtos\/conversas-com-trigueirinho-no-341\/","title":{"rendered":"Conversas com Trigueirinho n\u00ba 341"},"content":{"rendered":"<p><em>Grupos de servi\u00e7o e seus requisitos \/ Ajudas em sonhos \/ Paci\u00eancia, f\u00e9 e servi\u00e7o \/ J\u00f3ias \/ Transforma\u00e7\u00e3o planet\u00e1ria \/ Transcender o ego e a lei do renascimento \/ Fun\u00e7\u00f5es da reencarna\u00e7\u00e3o \/ Planos de consci\u00eancia \/ Signos c\u00f3smicos \/ Purifica\u00e7\u00e3o e transmuta\u00e7\u00e3o da mat\u00e9ria \/ Vontade Superior \/ Deixar-se absorver por n\u00edveis cada vez mais elevados do pr\u00f3prio ser \/ Ouvir o cora\u00e7\u00e3o<\/em><\/p>\n<p>&nbsp;<br \/>\n<strong>Ou\u00e7a agora:<\/strong><\/p>\n<p><span data-href=\"https:\/\/www.irdin.org.br\/site\/envios\/audios\/0023_0341__por_por__conversas_com_trigueirinho_n341.mp3\" data-title=\"conversas com trigueirinho n\u00ba 341\" data-rel=\"\" data-target=\"\" data-meta=\"#fap-meta-69edefbfc8543\" class=\"fap-single-track fap-track-button fap-play-button\" data-enqueue=\"no\" data-autoenqueue=\"no\" title=\"conversas com trigueirinho n\u00ba 341\"><span class=\"fap-icon-play\"><\/span>Ouvir<\/span> <a href=\"https:\/\/www.irdin.org.br\/site\/envios\/audios\/0023_0341__por_por__conversas_com_trigueirinho_n341.mp3\" class=\"baixar\" download><span class=\"fa fa-arrow-down\"><\/span>Baixar<\/span><\/a> <span class=\"textobaixar\"> conversas com trigueirinho n\u00ba 341<\/span><\/p>\n<p>&nbsp;<\/p>\n","protected":false},"excerpt":{"rendered":"<p>Grupos de servi\u00e7o e seus requisitos \/ Ajudas em sonhos \/ Paci\u00eancia, f\u00e9 e servi\u00e7o \/ J\u00f3ias \/ Transforma\u00e7\u00e3o planet\u00e1ria<\/p>\n","protected":false},"featured_media":37803,"template":"","meta":{"_acf_changed":false},"product_brand":[],"product_cat":[18076,33068],"product_tag":[40161],"class_list":{"0":"post-83421","1":"product","2":"type-product","3":"status-publish","4":"has-post-thumbnail","6":"product_cat-cddvd","7":"product_cat-palestras","8":"product_tag-40161","9":"pa_autor-trigueirinho","10":"pa_codigo-da-serie-31985","11":"pa_codigo-externo-00230341porcd","12":"pa_data-de-gravacao-25487","13":"pa_duracao-43min","14":"pa_idioma-de-destino-portugues","15":"pa_idioma-de-origem-portugues","16":"pa_lancamento-no","17":"pa_midia-cd","18":"pa_moac-40160","19":"pa_quantidade-de-saldo-33067","20":"pa_sequencial-da-serie-32004","21":"pa_tipo-de-traducao-nao-classificado","23":"first","24":"outofstock","25":"product-type-simple"},"acf":[],"_links":{"self":[{"href":"https:\/\/www.irdin.org.br\/site\/wp-json\/wp\/v2\/product\/83421","targetHints":{"allow":["GET"]}}],"collection":[{"href":"https:\/\/www.irdin.org.br\/site\/wp-json\/wp\/v2\/product"}],"about":[{"href":"https:\/\/www.irdin.org.br\/site\/wp-json\/wp\/v2\/types\/product"}],"version-history":[{"count":1,"href":"https:\/\/www.irdin.org.br\/site\/wp-json\/wp\/v2\/product\/83421\/revisions"}],"predecessor-version":[{"id":108778,"href":"https:\/\/www.irdin.org.br\/site\/wp-json\/wp\/v2\/product\/83421\/revisions\/108778"}],"wp:featuredmedia":[{"embeddable":true,"href":"https:\/\/www.irdin.org.br\/site\/wp-json\/wp\/v2\/media\/37803"}],"wp:attachment":[{"href":"https:\/\/www.irdin.org.br\/site\/wp-json\/wp\/v2\/media?parent=83421"}],"wp:term":[{"taxonomy":"product_brand","embeddable":true,"href":"https:\/\/www.irdin.org.br\/site\/wp-json\/wp\/v2\/product_brand?post=83421"},{"taxonomy":"product_cat","embeddable":true,"href":"https:\/\/www.irdin.org.br\/site\/wp-json\/wp\/v2\/product_cat?post=83421"},{"taxonomy":"product_tag","embeddable":true,"href":"https:\/\/www.irdin.org.br\/site\/wp-json\/wp\/v2\/product_tag?post=83421"}],"curies":[{"name":"wp","href":"https:\/\/api.w.org\/{rel}","templated":true}]}}