{"id":83423,"date":"2018-04-26T18:21:07","date_gmt":"2018-04-26T18:21:07","guid":{"rendered":"http:\/\/www.irdin.org.br\/site\/produto\/conversas-com-trigueirinho-no-343\/"},"modified":"2025-03-15T20:38:35","modified_gmt":"2025-03-15T20:38:35","slug":"conversas-com-trigueirinho-no-343","status":"publish","type":"product","link":"https:\/\/www.irdin.org.br\/site\/produtos\/conversas-com-trigueirinho-no-343\/","title":{"rendered":"Conversas com Trigueirinho n\u00ba 343"},"content":{"rendered":"<p><em>Equil\u00edbrio cora\u00e7\u00e3o e mente \/ Alimento do mundo \/ Ajudar os demais a se reconhecerem como almas \/ A Hierarquia do mal e a da Luz \/ Descoberta cient\u00edfica sobre a velocidade do n\u00facleo da Terra \/ Estigmas \/ Amuna Khur \/ V\u00eanus, express\u00e3o de Escola Interna \/ Vis\u00f5es supraf\u00edsicas e discernimento \/ Raz\u00e3o e intui\u00e7\u00e3o \/ Pensamento generoso, consci\u00eancia alargada e servi\u00e7o evolutivo<\/em><\/p>\n<p>&nbsp;<br \/>\n<strong>Ou\u00e7a agora:<\/strong><\/p>\n<p><span data-href=\"https:\/\/www.irdin.org.br\/site\/envios\/audios\/0023_0343__por_por__conversas_com_trigueirinho_n343.mp3\" data-title=\"conversas com trigueirinho n\u00ba 343\" data-rel=\"\" data-target=\"\" data-meta=\"#fap-meta-69e238027810c\" class=\"fap-single-track fap-track-button fap-play-button\" data-enqueue=\"no\" data-autoenqueue=\"no\" title=\"conversas com trigueirinho n\u00ba 343\"><span class=\"fap-icon-play\"><\/span>Ouvir<\/span> <a href=\"https:\/\/www.irdin.org.br\/site\/envios\/audios\/0023_0343__por_por__conversas_com_trigueirinho_n343.mp3\" class=\"baixar\" download><span class=\"fa fa-arrow-down\"><\/span>Baixar<\/span><\/a> <span class=\"textobaixar\"> conversas com trigueirinho n\u00ba 343<\/span><\/p>\n<p>&nbsp;<\/p>\n","protected":false},"excerpt":{"rendered":"<p>Equil\u00edbrio cora\u00e7\u00e3o e mente \/ Alimento do mundo \/ Ajudar os demais a se reconhecerem como almas \/ A Hierarquia<\/p>\n","protected":false},"featured_media":37803,"template":"","meta":{"_acf_changed":false},"product_brand":[],"product_cat":[18076,33068],"product_tag":[40165],"class_list":{"0":"post-83423","1":"product","2":"type-product","3":"status-publish","4":"has-post-thumbnail","6":"product_cat-cddvd","7":"product_cat-palestras","8":"product_tag-40165","9":"pa_autor-trigueirinho","10":"pa_codigo-da-serie-31985","11":"pa_codigo-externo-00230343porcd","12":"pa_data-de-gravacao-25493","13":"pa_duracao-43min","14":"pa_idioma-de-destino-portugues","15":"pa_idioma-de-origem-portugues","16":"pa_lancamento-no","17":"pa_midia-cd","18":"pa_moac-40164","19":"pa_quantidade-de-saldo-33067","20":"pa_sequencial-da-serie-32006","21":"pa_tipo-de-traducao-nao-classificado","23":"first","24":"outofstock","25":"product-type-simple"},"acf":[],"_links":{"self":[{"href":"https:\/\/www.irdin.org.br\/site\/wp-json\/wp\/v2\/product\/83423","targetHints":{"allow":["GET"]}}],"collection":[{"href":"https:\/\/www.irdin.org.br\/site\/wp-json\/wp\/v2\/product"}],"about":[{"href":"https:\/\/www.irdin.org.br\/site\/wp-json\/wp\/v2\/types\/product"}],"version-history":[{"count":1,"href":"https:\/\/www.irdin.org.br\/site\/wp-json\/wp\/v2\/product\/83423\/revisions"}],"predecessor-version":[{"id":108780,"href":"https:\/\/www.irdin.org.br\/site\/wp-json\/wp\/v2\/product\/83423\/revisions\/108780"}],"wp:featuredmedia":[{"embeddable":true,"href":"https:\/\/www.irdin.org.br\/site\/wp-json\/wp\/v2\/media\/37803"}],"wp:attachment":[{"href":"https:\/\/www.irdin.org.br\/site\/wp-json\/wp\/v2\/media?parent=83423"}],"wp:term":[{"taxonomy":"product_brand","embeddable":true,"href":"https:\/\/www.irdin.org.br\/site\/wp-json\/wp\/v2\/product_brand?post=83423"},{"taxonomy":"product_cat","embeddable":true,"href":"https:\/\/www.irdin.org.br\/site\/wp-json\/wp\/v2\/product_cat?post=83423"},{"taxonomy":"product_tag","embeddable":true,"href":"https:\/\/www.irdin.org.br\/site\/wp-json\/wp\/v2\/product_tag?post=83423"}],"curies":[{"name":"wp","href":"https:\/\/api.w.org\/{rel}","templated":true}]}}