{"id":83424,"date":"2018-04-26T18:21:07","date_gmt":"2018-04-26T18:21:07","guid":{"rendered":"http:\/\/www.irdin.org.br\/site\/produto\/conversas-com-trigueirinho-no-344\/"},"modified":"2025-03-15T20:38:49","modified_gmt":"2025-03-15T20:38:49","slug":"conversas-com-trigueirinho-no-344","status":"publish","type":"product","link":"https:\/\/www.irdin.org.br\/site\/produtos\/conversas-com-trigueirinho-no-344\/","title":{"rendered":"Conversas com Trigueirinho n\u00ba 344"},"content":{"rendered":"<p><em>Viv\u00eancia em vig\u00edlia grupal \/ Buda, Cristo, Khutulli e amor-sabedoria \/ Pesadelos \/ Contatos supraf\u00edsicos verdadeiros \/ Origem de furac\u00f5es \/ Purifica\u00e7\u00e3o da humanidade \/ Transcender o carma material \/ Lei Evolutiva Superior, que atrai realidades mais amplas \/ Uni\u00e3o com grupos de almas e desidentifica\u00e7\u00e3o do nivel concreto da vida<\/em><\/p>\n<p>&nbsp;<br \/>\n<strong>Ou\u00e7a agora:<\/strong><\/p>\n<p><span data-href=\"https:\/\/www.irdin.org.br\/site\/envios\/audios\/0023_0344__por_por__conversas_com_trigueirinho_n344.mp3\" data-title=\"conversas com trigueirinho n\u00ba 344\" data-rel=\"\" data-target=\"\" data-meta=\"#fap-meta-69e24cfc1e754\" class=\"fap-single-track fap-track-button fap-play-button\" data-enqueue=\"no\" data-autoenqueue=\"no\" title=\"conversas com trigueirinho n\u00ba 344\"><span class=\"fap-icon-play\"><\/span>Ouvir<\/span> <a href=\"https:\/\/www.irdin.org.br\/site\/envios\/audios\/0023_0344__por_por__conversas_com_trigueirinho_n344.mp3\" class=\"baixar\" download><span class=\"fa fa-arrow-down\"><\/span>Baixar<\/span><\/a> <span class=\"textobaixar\"> conversas com trigueirinho n\u00ba 344<\/span><\/p>\n<p>&nbsp;<\/p>\n","protected":false},"excerpt":{"rendered":"<p>Viv\u00eancia em vig\u00edlia grupal \/ Buda, Cristo, Khutulli e amor-sabedoria \/ Pesadelos \/ Contatos supraf\u00edsicos verdadeiros \/ Origem de furac\u00f5es<\/p>\n","protected":false},"featured_media":37803,"template":"","meta":{"_acf_changed":false},"product_brand":[],"product_cat":[18076,33068],"product_tag":[40167],"class_list":{"0":"post-83424","1":"product","2":"type-product","3":"status-publish","4":"has-post-thumbnail","6":"product_cat-cddvd","7":"product_cat-palestras","8":"product_tag-40167","9":"pa_autor-trigueirinho","10":"pa_codigo-da-serie-31985","11":"pa_codigo-externo-00230344porcd","12":"pa_data-de-gravacao-25496","13":"pa_duracao-49min","14":"pa_idioma-de-destino-portugues","15":"pa_idioma-de-origem-portugues","16":"pa_lancamento-no","17":"pa_midia-cd","18":"pa_moac-40166","19":"pa_quantidade-de-saldo-33067","20":"pa_sequencial-da-serie-32007","21":"pa_tipo-de-traducao-nao-classificado","23":"first","24":"outofstock","25":"product-type-simple"},"acf":[],"_links":{"self":[{"href":"https:\/\/www.irdin.org.br\/site\/wp-json\/wp\/v2\/product\/83424","targetHints":{"allow":["GET"]}}],"collection":[{"href":"https:\/\/www.irdin.org.br\/site\/wp-json\/wp\/v2\/product"}],"about":[{"href":"https:\/\/www.irdin.org.br\/site\/wp-json\/wp\/v2\/types\/product"}],"version-history":[{"count":1,"href":"https:\/\/www.irdin.org.br\/site\/wp-json\/wp\/v2\/product\/83424\/revisions"}],"predecessor-version":[{"id":108781,"href":"https:\/\/www.irdin.org.br\/site\/wp-json\/wp\/v2\/product\/83424\/revisions\/108781"}],"wp:featuredmedia":[{"embeddable":true,"href":"https:\/\/www.irdin.org.br\/site\/wp-json\/wp\/v2\/media\/37803"}],"wp:attachment":[{"href":"https:\/\/www.irdin.org.br\/site\/wp-json\/wp\/v2\/media?parent=83424"}],"wp:term":[{"taxonomy":"product_brand","embeddable":true,"href":"https:\/\/www.irdin.org.br\/site\/wp-json\/wp\/v2\/product_brand?post=83424"},{"taxonomy":"product_cat","embeddable":true,"href":"https:\/\/www.irdin.org.br\/site\/wp-json\/wp\/v2\/product_cat?post=83424"},{"taxonomy":"product_tag","embeddable":true,"href":"https:\/\/www.irdin.org.br\/site\/wp-json\/wp\/v2\/product_tag?post=83424"}],"curies":[{"name":"wp","href":"https:\/\/api.w.org\/{rel}","templated":true}]}}