{"id":83433,"date":"2018-04-26T18:21:07","date_gmt":"2018-04-26T18:21:07","guid":{"rendered":"http:\/\/www.irdin.org.br\/site\/produto\/conversas-com-trigueirinho-no-353\/"},"modified":"2025-03-15T20:55:21","modified_gmt":"2025-03-15T20:55:21","slug":"conversas-com-trigueirinho-no-353","status":"publish","type":"product","link":"https:\/\/www.irdin.org.br\/site\/produtos\/conversas-com-trigueirinho-no-353\/","title":{"rendered":"Conversas com Trigueirinho n\u00ba 353"},"content":{"rendered":"<p><em>Sonhos com n\u00fameros \/ Vida em solid\u00e3o \/ Doen\u00e7as provocadas pelos seres humanos \/ O livro Aos que Despertam\u00b4 \/ A dor planet\u00e1ria e a vig\u00edlia permanente em Figueira \/ As raz\u00f5es de n\u00e3o termos consci\u00eancia de sermos guiados \/ Portas abertas para o contato com a Irmandade \/ A mudan\u00e7a acelerada do planeta \/ A transi\u00e7\u00e3o da esp\u00e9cie humana para o reino das almas \/ A tarefa de elevar os reinos infra-humanos                                                                                                                                                                                                                                                                                                                                                                                                                                                                                                                                                                                                                                                                                                                                                                                                                                                                                                                                                                                                                                                                                                                                                                                                                                                                                                                                                                                                                                                                                                                                                                                                                                                                                                                                                                                                                                                                                                                                                                                                                                                                                                                                                                                                                                                                                                                                                                                                                                                                                                                                                                                                                                                                                                                                                                                                                                                                                                                                                                                                                                                                                                                                                                                                                                                                                                                                                                                                                                                                                                                                                                                                                                                                                                                                                                                                                                                                                                                                                                                                                                                          \u00b4<\/em><\/p>\n<p>&nbsp;<br \/>\n<strong>Ou\u00e7a agora:<\/strong><\/p>\n<p><span data-href=\"https:\/\/www.irdin.org.br\/site\/envios\/audios\/0023_0353__por_por__conversas_com_trigueirinho_n353.mp3\" data-title=\"conversas com trigueirinho n\u00ba 353\" data-rel=\"\" data-target=\"\" data-meta=\"#fap-meta-69ff429441d46\" class=\"fap-single-track fap-track-button fap-play-button\" data-enqueue=\"no\" data-autoenqueue=\"no\" title=\"conversas com trigueirinho n\u00ba 353\"><span class=\"fap-icon-play\"><\/span>Ouvir<\/span> <a href=\"https:\/\/www.irdin.org.br\/site\/envios\/audios\/0023_0353__por_por__conversas_com_trigueirinho_n353.mp3\" class=\"baixar\" download><span class=\"fa fa-arrow-down\"><\/span>Baixar<\/span><\/a> <span class=\"textobaixar\"> conversas com trigueirinho n\u00ba 353<\/span><\/p>\n<p>&nbsp;<\/p>\n","protected":false},"excerpt":{"rendered":"<p>Sonhos com n\u00fameros \/ Vida em solid\u00e3o \/ Doen\u00e7as provocadas pelos seres humanos \/ O livro Aos que Despertam\u00b4 \/<\/p>\n","protected":false},"featured_media":37803,"template":"","meta":{"_acf_changed":false},"product_brand":[],"product_cat":[18076,33068],"product_tag":[40185],"class_list":{"0":"post-83433","1":"product","2":"type-product","3":"status-publish","4":"has-post-thumbnail","6":"product_cat-cddvd","7":"product_cat-palestras","8":"product_tag-40185","9":"pa_autor-trigueirinho","10":"pa_codigo-da-serie-31985","11":"pa_codigo-externo-00230353porcd","12":"pa_data-de-gravacao-25718","13":"pa_duracao-48min","14":"pa_idioma-de-destino-portugues","15":"pa_idioma-de-origem-portugues","16":"pa_lancamento-no","17":"pa_midia-cd","18":"pa_moac-40184","19":"pa_quantidade-de-saldo-33067","20":"pa_sequencial-da-serie-32019","21":"pa_tipo-de-traducao-nao-classificado","23":"first","24":"outofstock","25":"product-type-simple"},"acf":[],"_links":{"self":[{"href":"https:\/\/www.irdin.org.br\/site\/wp-json\/wp\/v2\/product\/83433","targetHints":{"allow":["GET"]}}],"collection":[{"href":"https:\/\/www.irdin.org.br\/site\/wp-json\/wp\/v2\/product"}],"about":[{"href":"https:\/\/www.irdin.org.br\/site\/wp-json\/wp\/v2\/types\/product"}],"version-history":[{"count":1,"href":"https:\/\/www.irdin.org.br\/site\/wp-json\/wp\/v2\/product\/83433\/revisions"}],"predecessor-version":[{"id":108790,"href":"https:\/\/www.irdin.org.br\/site\/wp-json\/wp\/v2\/product\/83433\/revisions\/108790"}],"wp:featuredmedia":[{"embeddable":true,"href":"https:\/\/www.irdin.org.br\/site\/wp-json\/wp\/v2\/media\/37803"}],"wp:attachment":[{"href":"https:\/\/www.irdin.org.br\/site\/wp-json\/wp\/v2\/media?parent=83433"}],"wp:term":[{"taxonomy":"product_brand","embeddable":true,"href":"https:\/\/www.irdin.org.br\/site\/wp-json\/wp\/v2\/product_brand?post=83433"},{"taxonomy":"product_cat","embeddable":true,"href":"https:\/\/www.irdin.org.br\/site\/wp-json\/wp\/v2\/product_cat?post=83433"},{"taxonomy":"product_tag","embeddable":true,"href":"https:\/\/www.irdin.org.br\/site\/wp-json\/wp\/v2\/product_tag?post=83433"}],"curies":[{"name":"wp","href":"https:\/\/api.w.org\/{rel}","templated":true}]}}